{"id":17099,"date":"2025-07-16T04:30:05","date_gmt":"2025-07-16T11:30:05","guid":{"rendered":"https:\/\/www.sexdollmini.com\/?post_type=product&#038;p=17099"},"modified":"2025-12-18T03:30:51","modified_gmt":"2025-12-18T11:30:51","slug":"water-based-lubricant-sex-doll","status":"publish","type":"product","link":"https:\/\/www.sexdollmini.com\/lt\/produktas\/water-based-lubricant-sex-doll\/","title":{"rendered":"Vandens pagrindo lubrikantas sekso l\u0117l\u0117ms"},"content":{"rendered":"<p>Mylintis su sekso l\u0117l\u0117mis, rinkit\u0117s vandens pagrindo lubrikant\u0105, kuris stimuliuot\u0173 organus, greitai su\u017eadint\u0173 lytin\u012f potrauk\u012f ir suma\u017eint\u0173 sausumo bei trinties sukeliam\u0105 skausm\u0105.<\/p>\n<div class=\"mceTemp\"><\/div>\n<p><img decoding=\"async\" class=\"aligncenter wp-image-20043 size-full\" src=\"https:\/\/www.sexdollmini.com\/wp-content\/themes\/woodmart\/images\/lazy.svg\" data-src=\"https:\/\/www.sexdollmini.com\/wp-content\/uploads\/2025\/07\/Sex-Oil5-1.jpg\" alt=\"Universalus lubrikantas \u201eSilk Sex Oil\u201c sustiprintam intymumui, skland\u017eiam seksui ir orgazmo sustiprinimui, suderinamas su sekso l\u0117l\u0117mis ir suaugusi\u0173j\u0173 \u017eaislais, kad b\u016bt\u0173 u\u017etikrintas maksimalus pasitenkinimas ir malonumas.\" width=\"800\" height=\"800\" title=\"-\" srcset=\"\" data-srcset=\"https:\/\/www.sexdollmini.com\/wp-content\/uploads\/2025\/07\/Sex-Oil5-1.jpg 800w, https:\/\/www.sexdollmini.com\/wp-content\/uploads\/2025\/07\/Sex-Oil5-1-300x300.jpg 300w, https:\/\/www.sexdollmini.com\/wp-content\/uploads\/2025\/07\/Sex-Oil5-1-150x150.jpg 150w, https:\/\/www.sexdollmini.com\/wp-content\/uploads\/2025\/07\/Sex-Oil5-1-768x768.jpg 768w, https:\/\/www.sexdollmini.com\/wp-content\/uploads\/2025\/07\/Sex-Oil5-1-12x12.jpg 12w, https:\/\/www.sexdollmini.com\/wp-content\/uploads\/2025\/07\/Sex-Oil5-1-700x700.jpg 700w\" sizes=\"(max-width: 800px) 100vw, 800px\" \/><\/p>","protected":false},"excerpt":{"rendered":"<p>Vandens pagrindo lubrikantai gali b\u016bti naudojami kr\u016btims, mak\u0161\u010diai, i\u0161angei ir burnai.<\/p>","protected":false},"featured_media":20044,"comment_status":"open","ping_status":"closed","template":"","meta":[],"product_brand":[],"product_cat":[83],"product_tag":[],"class_list":{"0":"post-17099","1":"product","2":"type-product","3":"status-publish","4":"has-post-thumbnail","6":"product_cat-sex-doll-accessories","8":"first","9":"instock","10":"sale","11":"shipping-taxable","12":"purchasable","13":"product-type-simple"},"_links":{"self":[{"href":"https:\/\/www.sexdollmini.com\/lt\/wp-json\/wp\/v2\/product\/17099","targetHints":{"allow":["GET"]}}],"collection":[{"href":"https:\/\/www.sexdollmini.com\/lt\/wp-json\/wp\/v2\/product"}],"about":[{"href":"https:\/\/www.sexdollmini.com\/lt\/wp-json\/wp\/v2\/types\/product"}],"replies":[{"embeddable":true,"href":"https:\/\/www.sexdollmini.com\/lt\/wp-json\/wp\/v2\/comments?post=17099"}],"wp:featuredmedia":[{"embeddable":true,"href":"https:\/\/www.sexdollmini.com\/lt\/wp-json\/wp\/v2\/media\/20044"}],"wp:attachment":[{"href":"https:\/\/www.sexdollmini.com\/lt\/wp-json\/wp\/v2\/media?parent=17099"}],"wp:term":[{"taxonomy":"product_brand","embeddable":true,"href":"https:\/\/www.sexdollmini.com\/lt\/wp-json\/wp\/v2\/product_brand?post=17099"},{"taxonomy":"product_cat","embeddable":true,"href":"https:\/\/www.sexdollmini.com\/lt\/wp-json\/wp\/v2\/product_cat?post=17099"},{"taxonomy":"product_tag","embeddable":true,"href":"https:\/\/www.sexdollmini.com\/lt\/wp-json\/wp\/v2\/product_tag?post=17099"}],"curies":[{"name":"wp","href":"https:\/\/api.w.org\/{rel}","templated":true}]}}