{"id":17123,"date":"2025-07-16T21:39:19","date_gmt":"2025-07-17T04:39:19","guid":{"rendered":"https:\/\/www.sexdollmini.com\/?post_type=product&#038;p=17123"},"modified":"2025-09-22T01:54:15","modified_gmt":"2025-09-22T08:54:15","slug":"damaris-mini-handheld-60cm-sex-doll","status":"publish","type":"product","link":"https:\/\/www.sexdollmini.com\/lt\/produktas\/damaris-mini-handheld-60cm-sex-doll\/","title":{"rendered":"Damaris Mini delnin\u0117 60 cm sekso l\u0117l\u0117"},"content":{"rendered":"<p>60 cm mini TPE sekso l\u0117l\u0117s pasi\u017eymi tomis pa\u010diomis tikrovi\u0161komis tekst\u016bromis ir anatomin\u0117mis detal\u0117mis kaip ir pilno dyd\u017eio l\u0117l\u0117s, ta\u010diau jos buvo suma\u017eintos, kad b\u016bt\u0173 lengviau jas naudoti ir ne\u0161iotis. Jos ma\u017eas k\u016bnas turi dideles, i\u0161sip\u016btusias kr\u016btis, kurios suteikia sekso l\u0117lei putlesn\u0119 i\u0161vaizd\u0105, o odos spalva ir lanks\u010dios s\u0105nariai leid\u017eia pozuoti nat\u016braliai.<\/p>\n<p>Auk\u0161tis: 60 cm<br \/>\nKr\u016btin\u0117: 43 cm<br \/>\nLiemuo: 30 cm<br \/>\nKlubai: 45 cm<br \/>\nPe\u010di\u0173 plotis: 12 cm<br \/>\nMak\u0161ties gylis: 9 cm<br \/>\nI\u0161ang\u0117s gylis: 10 cm<br \/>\nSvoris: 3 kg<\/p>\n<div style=\"width: 1080px;\" class=\"wp-video\"><video class=\"wp-video-shortcode\" id=\"video-17123-1\" width=\"1080\" height=\"1920\" preload=\"metadata\" controls=\"controls\"><source type=\"video\/mp4\" src=\"https:\/\/www.sexdollmini.com\/wp-content\/uploads\/2025\/07\/Damaris-sex-doll.mp4?_=1\" \/><a href=\"https:\/\/www.sexdollmini.com\/wp-content\/uploads\/2025\/07\/Damaris-sex-doll.mp4\">https:\/\/www.sexdollmini.com\/wp-content\/uploads\/2025\/07\/Damaris-sex-doll.mp4<\/a><\/video><\/div>\n<p>D\u0117l rankinio matavimo pra\u0161ome leisti 2\u20134 cm rankinio matavimo skirtum\u0105.<\/p>","protected":false},"excerpt":{"rendered":"<p>60 cm sekso l\u0117l\u0117s pasi\u017eymi neprilygstamu realizmu, jos ne tik prakti\u0161kos ir ekonomi\u0161kos, bet ir meno k\u016briniai. Galite eksponuoti ma\u017eas sekso l\u0117les kaip pikanti\u0161kas dekoracijas arba pakeisti aprang\u0105, kad \u012fkv\u0117ptum\u0117te nauj\u0173 seksualini\u0173 fantazij\u0173!<\/p>","protected":false},"featured_media":17125,"comment_status":"open","ping_status":"closed","template":"","meta":[],"product_brand":[],"product_cat":[47,74,18,81,24,27,23,70,28,30,38,73,41,82,79,39,66,80,40,31,69,32,77,25,33,29,20,148,21,34,72,19,42,71,76,36,35,84,75,37,78],"product_tag":[],"class_list":{"0":"post-17123","1":"product","2":"type-product","3":"status-publish","4":"has-post-thumbnail","6":"product_cat-60cm-sex-dolls","7":"product_cat-6ye-doll","8":"product_cat-adult-doll","9":"product_cat-aibei-doll","10":"product_cat-american-sex-doll","11":"product_cat-anime-sex-dolls","12":"product_cat-asian-sex-doll","13":"product_cat-axb-doll","14":"product_cat-blonde-sex-doll","15":"product_cat-cheap-sex-doll","16":"product_cat-chubby-sex-dolls","17":"product_cat-climax-doll","18":"product_cat-curvy-sex-dolls","19":"product_cat-dolls-castle","20":"product_cat-elsa-babe","21":"product_cat-fantasy-sex-doll","22":"product_cat-female-sex-dolls","23":"product_cat-fire-doll","24":"product_cat-full-body-sex-dolls","25":"product_cat-full-size-sex-dolls","26":"product_cat-girl-sex-dolls","27":"product_cat-hentai-sex-dolls","28":"product_cat-irontech-sex-dolls","29":"product_cat-japanese-sex-dolls","30":"product_cat-life-like-sex-dolls","31":"product_cat-life-size-sex-dolls","32":"product_cat-love-doll","33":"product_cat-midget-sex-doll","34":"product_cat-miniature-sex-doll","35":"product_cat-petite-sex-dolls","36":"product_cat-qita-doll","37":"product_cat-real-doll","38":"product_cat-skinny-sex-dolls","39":"product_cat-sy-doll","40":"product_cat-tantaly-sex-doll","41":"product_cat-teen-sex-dolls","42":"product_cat-tiny-sex-dolls","43":"product_cat-tpe-sex-dolls","44":"product_cat-wm-doll","45":"product_cat-young-sex-dolls","46":"product_cat-zelex-doll","48":"first","49":"instock","50":"sale","51":"shipping-taxable","52":"purchasable","53":"product-type-simple"},"_links":{"self":[{"href":"https:\/\/www.sexdollmini.com\/lt\/wp-json\/wp\/v2\/product\/17123","targetHints":{"allow":["GET"]}}],"collection":[{"href":"https:\/\/www.sexdollmini.com\/lt\/wp-json\/wp\/v2\/product"}],"about":[{"href":"https:\/\/www.sexdollmini.com\/lt\/wp-json\/wp\/v2\/types\/product"}],"replies":[{"embeddable":true,"href":"https:\/\/www.sexdollmini.com\/lt\/wp-json\/wp\/v2\/comments?post=17123"}],"wp:featuredmedia":[{"embeddable":true,"href":"https:\/\/www.sexdollmini.com\/lt\/wp-json\/wp\/v2\/media\/17125"}],"wp:attachment":[{"href":"https:\/\/www.sexdollmini.com\/lt\/wp-json\/wp\/v2\/media?parent=17123"}],"wp:term":[{"taxonomy":"product_brand","embeddable":true,"href":"https:\/\/www.sexdollmini.com\/lt\/wp-json\/wp\/v2\/product_brand?post=17123"},{"taxonomy":"product_cat","embeddable":true,"href":"https:\/\/www.sexdollmini.com\/lt\/wp-json\/wp\/v2\/product_cat?post=17123"},{"taxonomy":"product_tag","embeddable":true,"href":"https:\/\/www.sexdollmini.com\/lt\/wp-json\/wp\/v2\/product_tag?post=17123"}],"curies":[{"name":"wp","href":"https:\/\/api.w.org\/{rel}","templated":true}]}}