{"id":17144,"date":"2025-07-17T18:02:41","date_gmt":"2025-07-18T01:02:41","guid":{"rendered":"https:\/\/www.sexdollmini.com\/?post_type=product&#038;p=17144"},"modified":"2026-03-14T10:04:40","modified_gmt":"2026-03-14T17:04:40","slug":"eulalia-65cm-cartoon-miniature-sex-doll","status":"publish","type":"product","link":"https:\/\/www.sexdollmini.com\/lt\/produktas\/eulalia-65cm-cartoon-miniature-sex-doll\/","title":{"rendered":"Eulalia 65 cm animacin\u0117 miniati\u016brin\u0117 sekso l\u0117l\u0117"},"content":{"rendered":"<h2>Sekso l\u0117li\u0173 detal\u0117s<\/h2>\n<p>Pasirinkus ma\u017e\u0105 sekso l\u0117l\u0119 seksualinei patir\u010diai u\u017ebaigti, neb\u016btina mok\u0117ti tiek, kiek auk\u0161tos sekso l\u0117l\u0117s. M\u016bs\u0173 animacin\u0117s sekso l\u0117l\u0117s pagamintos i\u0161 medicinin\u0117s klas\u0117s TPE med\u017eiagos, kuri imituoja \u017emogaus odos elastingum\u0105. Netoksi\u0161kos ir hipoalergin\u0117s, tekst\u016bra pakankamai \u0161velni ilgalaikiam naudojimui.<br \/>\nSkirtingai nuo grem\u0117zdi\u0161k\u0173 nat\u016bralaus dyd\u017eio sekso l\u0117li\u0173, \u0161ios miniati\u016brin\u0117s sekso l\u0117l\u0117s lengvai telpa spintoje, po lova arba stal\u010diuje su u\u017eraktu. Lengvas, ma\u017edaug 3,5 kg sveriantis dizainas u\u017etikrina lengv\u0105 jud\u0117jim\u0105 ir valym\u0105.<\/p>\n<p>Auk\u0161tis: 65 cm<br \/>\nSvoris: 3,5 kg<br \/>\nKr\u016btin\u0117: 41 cm<br \/>\nLiemuo: 25 cm<br \/>\nKlubai: 40 cm<br \/>\nMak\u0161ties gylis: 13 cm<\/p>\n<p>&nbsp;<\/p>\n<p>D\u0117l rankinio matavimo pra\u0161ome leisti 2\u20134 cm rankinio matavimo skirtum\u0105.<\/p>","protected":false},"excerpt":{"rendered":"<p>M\u016bs\u0173 animacin\u0117s TPE sekso l\u0117l\u0117s sujungia ne\u0161iojamum\u0105 ir nuostab\u0173 realizm\u0105. \u0160ios ma\u017eyt\u0117s sekso l\u0117l\u0117s, pasi\u017eymin\u010dios itin smulkiomis detal\u0117mis, itin mink\u0161ta oda ir patogiu laikymu, idealiai tinka priva\u010dioms pramogoms ar kolekcijai. Apsilankykite ir ap\u017ei\u016br\u0117kite m\u016bs\u0173 kruop\u0161\u010diai atrinktas prekes.<\/p>","protected":false},"featured_media":17164,"comment_status":"open","ping_status":"closed","template":"","meta":[],"product_brand":[],"product_cat":[48,74,49,18,81,24,27,23,70,28,30,38,73,41,82,79,39,66,80,40,31,69,32,77,25,33,29,20,148,21,34,72,19,42,71,76,36,35,84,61,75,37,78],"product_tag":[],"class_list":{"0":"post-17144","1":"product","2":"type-product","3":"status-publish","4":"has-post-thumbnail","6":"product_cat-65cm-sex-dolls","7":"product_cat-6ye-doll","8":"product_cat-70cm-sex-dolls","9":"product_cat-adult-doll","10":"product_cat-aibei-doll","11":"product_cat-american-sex-doll","12":"product_cat-anime-sex-dolls","13":"product_cat-asian-sex-doll","14":"product_cat-axb-doll","15":"product_cat-blonde-sex-doll","16":"product_cat-cheap-sex-doll","17":"product_cat-chubby-sex-dolls","18":"product_cat-climax-doll","19":"product_cat-curvy-sex-dolls","20":"product_cat-dolls-castle","21":"product_cat-elsa-babe","22":"product_cat-fantasy-sex-doll","23":"product_cat-female-sex-dolls","24":"product_cat-fire-doll","25":"product_cat-full-body-sex-dolls","26":"product_cat-full-size-sex-dolls","27":"product_cat-girl-sex-dolls","28":"product_cat-hentai-sex-dolls","29":"product_cat-irontech-sex-dolls","30":"product_cat-japanese-sex-dolls","31":"product_cat-life-like-sex-dolls","32":"product_cat-life-size-sex-dolls","33":"product_cat-love-doll","34":"product_cat-midget-sex-doll","35":"product_cat-miniature-sex-doll","36":"product_cat-petite-sex-dolls","37":"product_cat-qita-doll","38":"product_cat-real-doll","39":"product_cat-skinny-sex-dolls","40":"product_cat-sy-doll","41":"product_cat-tantaly-sex-doll","42":"product_cat-teen-sex-dolls","43":"product_cat-tiny-sex-dolls","44":"product_cat-tpe-sex-dolls","45":"product_cat-us-stock-sex-dolls","46":"product_cat-wm-doll","47":"product_cat-young-sex-dolls","48":"product_cat-zelex-doll","50":"first","51":"instock","52":"sale","53":"shipping-taxable","54":"purchasable","55":"product-type-simple"},"_links":{"self":[{"href":"https:\/\/www.sexdollmini.com\/lt\/wp-json\/wp\/v2\/product\/17144","targetHints":{"allow":["GET"]}}],"collection":[{"href":"https:\/\/www.sexdollmini.com\/lt\/wp-json\/wp\/v2\/product"}],"about":[{"href":"https:\/\/www.sexdollmini.com\/lt\/wp-json\/wp\/v2\/types\/product"}],"replies":[{"embeddable":true,"href":"https:\/\/www.sexdollmini.com\/lt\/wp-json\/wp\/v2\/comments?post=17144"}],"wp:featuredmedia":[{"embeddable":true,"href":"https:\/\/www.sexdollmini.com\/lt\/wp-json\/wp\/v2\/media\/17164"}],"wp:attachment":[{"href":"https:\/\/www.sexdollmini.com\/lt\/wp-json\/wp\/v2\/media?parent=17144"}],"wp:term":[{"taxonomy":"product_brand","embeddable":true,"href":"https:\/\/www.sexdollmini.com\/lt\/wp-json\/wp\/v2\/product_brand?post=17144"},{"taxonomy":"product_cat","embeddable":true,"href":"https:\/\/www.sexdollmini.com\/lt\/wp-json\/wp\/v2\/product_cat?post=17144"},{"taxonomy":"product_tag","embeddable":true,"href":"https:\/\/www.sexdollmini.com\/lt\/wp-json\/wp\/v2\/product_tag?post=17144"}],"curies":[{"name":"wp","href":"https:\/\/api.w.org\/{rel}","templated":true}]}}