{"id":19488,"date":"2025-11-08T06:59:52","date_gmt":"2025-11-08T14:59:52","guid":{"rendered":"https:\/\/www.sexdollmini.com\/?post_type=product&#038;p=19488"},"modified":"2026-05-09T13:59:49","modified_gmt":"2026-05-09T20:59:49","slug":"cassiopeia-68cm-micro-auburn-sex-doll","status":"publish","type":"product","link":"https:\/\/www.sexdollmini.com\/lt\/produktas\/cassiopeia-68cm-micro-auburn-sex-doll\/","title":{"rendered":"Cassiopeia 68 cm mikro rausvai rudos spalvos sekso l\u0117l\u0117"},"content":{"rendered":"<h2>Sekso l\u0117li\u0173 detal\u0117s<\/h2>\n<p>Ka\u0161tonin\u0117s spalvos sekso l\u0117l\u0117 yra ma\u017ea, 68 cm \u016bgio. Ji turi tik vien\u0105 mak\u0161t\u012f, kuri padeda \u012fd\u0117ti l\u0117l\u0119 \u012f mak\u0161t\u012f. \u0160i\u0105 mikro sekso l\u0117l\u0119 galima lengvai ne\u0161iotis kuprin\u0117je ar lagamine, tod\u0117l j\u0105 lengviau valyti ir ji gerokai sutaupo laiko, reikalingo valymui.<\/p>\n<p>Auk\u0161tis: 68 cm<br \/>\nSvoris: 6 kg<br \/>\nKr\u016btin\u0117: 37 cm<br \/>\nLiemuo: 29 cm<br \/>\nKlubai: 44 cm<br \/>\nMak\u0161ties gylis: 11 cm<\/p>\n<p>&nbsp;<\/p>\n<p>D\u0117l rankinio matavimo pra\u0161ome leisti 2\u20134 cm rankinio matavimo skirtum\u0105.<\/p>","protected":false},"excerpt":{"rendered":"<p>Sekso l\u0117l\u0117s \u012fdegusi oda suteikia jai sveikesn\u0119 i\u0161vaizd\u0105, o jos k\u016bno proporcijos taip pat labai geros, tod\u0117l ji vadinama gra\u017euole.<\/p>","protected":false},"featured_media":19489,"comment_status":"open","ping_status":"closed","template":"","meta":[],"product_brand":[],"product_cat":[48,74,49,18,81,24,27,23,70,28,30,38,73,41,82,79,39,66,80,40,31,69,32,77,25,33,29,20,148,21,34,72,19,42,71,76,36,35,84,61,75,37,78],"product_tag":[],"class_list":{"0":"post-19488","1":"product","2":"type-product","3":"status-publish","4":"has-post-thumbnail","6":"product_cat-65cm-sex-dolls","7":"product_cat-6ye-doll","8":"product_cat-70cm-sex-dolls","9":"product_cat-adult-doll","10":"product_cat-aibei-doll","11":"product_cat-american-sex-doll","12":"product_cat-anime-sex-dolls","13":"product_cat-asian-sex-doll","14":"product_cat-axb-doll","15":"product_cat-blonde-sex-doll","16":"product_cat-cheap-sex-doll","17":"product_cat-chubby-sex-dolls","18":"product_cat-climax-doll","19":"product_cat-curvy-sex-dolls","20":"product_cat-dolls-castle","21":"product_cat-elsa-babe","22":"product_cat-fantasy-sex-doll","23":"product_cat-female-sex-dolls","24":"product_cat-fire-doll","25":"product_cat-full-body-sex-dolls","26":"product_cat-full-size-sex-dolls","27":"product_cat-girl-sex-dolls","28":"product_cat-hentai-sex-dolls","29":"product_cat-irontech-sex-dolls","30":"product_cat-japanese-sex-dolls","31":"product_cat-life-like-sex-dolls","32":"product_cat-life-size-sex-dolls","33":"product_cat-love-doll","34":"product_cat-midget-sex-doll","35":"product_cat-miniature-sex-doll","36":"product_cat-petite-sex-dolls","37":"product_cat-qita-doll","38":"product_cat-real-doll","39":"product_cat-skinny-sex-dolls","40":"product_cat-sy-doll","41":"product_cat-tantaly-sex-doll","42":"product_cat-teen-sex-dolls","43":"product_cat-tiny-sex-dolls","44":"product_cat-tpe-sex-dolls","45":"product_cat-us-stock-sex-dolls","46":"product_cat-wm-doll","47":"product_cat-young-sex-dolls","48":"product_cat-zelex-doll","50":"first","51":"instock","52":"sale","53":"shipping-taxable","54":"purchasable","55":"product-type-simple"},"_links":{"self":[{"href":"https:\/\/www.sexdollmini.com\/lt\/wp-json\/wp\/v2\/product\/19488","targetHints":{"allow":["GET"]}}],"collection":[{"href":"https:\/\/www.sexdollmini.com\/lt\/wp-json\/wp\/v2\/product"}],"about":[{"href":"https:\/\/www.sexdollmini.com\/lt\/wp-json\/wp\/v2\/types\/product"}],"replies":[{"embeddable":true,"href":"https:\/\/www.sexdollmini.com\/lt\/wp-json\/wp\/v2\/comments?post=19488"}],"wp:featuredmedia":[{"embeddable":true,"href":"https:\/\/www.sexdollmini.com\/lt\/wp-json\/wp\/v2\/media\/19489"}],"wp:attachment":[{"href":"https:\/\/www.sexdollmini.com\/lt\/wp-json\/wp\/v2\/media?parent=19488"}],"wp:term":[{"taxonomy":"product_brand","embeddable":true,"href":"https:\/\/www.sexdollmini.com\/lt\/wp-json\/wp\/v2\/product_brand?post=19488"},{"taxonomy":"product_cat","embeddable":true,"href":"https:\/\/www.sexdollmini.com\/lt\/wp-json\/wp\/v2\/product_cat?post=19488"},{"taxonomy":"product_tag","embeddable":true,"href":"https:\/\/www.sexdollmini.com\/lt\/wp-json\/wp\/v2\/product_tag?post=19488"}],"curies":[{"name":"wp","href":"https:\/\/api.w.org\/{rel}","templated":true}]}}