{"id":19509,"date":"2025-11-14T07:31:51","date_gmt":"2025-11-14T15:31:51","guid":{"rendered":"https:\/\/www.sexdollmini.com\/?post_type=product&#038;p=19509"},"modified":"2026-05-07T05:04:47","modified_gmt":"2026-05-07T12:04:47","slug":"peregrine-65cm-white-petite-sex-doll","status":"publish","type":"product","link":"https:\/\/www.sexdollmini.com\/lt\/produktas\/peregrine-65cm-white-petite-sex-doll\/","title":{"rendered":"Peregrine 65 cm balta smulki sekso l\u0117l\u0117"},"content":{"rendered":"<h2>Sekso l\u0117li\u0173 detal\u0117s<\/h2>\n<p>Balta sekso l\u0117l\u0117 yra \u0161viesios odos ir azijieti\u0161k\u0173 veido bruo\u017e\u0173. Smulkioji sekso l\u0117l\u0117 yra gra\u017ei ir pagaminta i\u0161 TPE med\u017eiagos. Nors sekso l\u0117l\u0117 yra liekna, jos viduje vis tiek yra skeletas, kuris gali i\u0161laikyti sekso l\u0117l\u0119 kei\u010diant pozas.<\/p>\n<p>Auk\u0161tis: 65 cm<br \/>\nSvoris: 6 kg<br \/>\nKr\u016btin\u0117: 37 cm<br \/>\nLiemuo: 29 cm<br \/>\nKlubai: 44 cm<br \/>\nMak\u0161ties gylis: 11 cm<\/p>\n<p>&nbsp;<\/p>\n<p>D\u0117l rankinio matavimo pra\u0161ome leisti 2\u20134 cm rankinio matavimo skirtum\u0105.<\/p>","protected":false},"excerpt":{"rendered":"<p>Smulkioji sekso l\u0117l\u0117 turi tinkam\u0105 kanal\u0105, o mak\u0161ties vidus yra specialiai sukurtas tam, kad greitai patirtum\u0117te orgazm\u0105.<\/p>","protected":false},"featured_media":19515,"comment_status":"open","ping_status":"closed","template":"","meta":[],"product_brand":[],"product_cat":[48,74,49,18,81,24,27,23,70,28,30,38,73,41,82,79,39,66,80,40,31,69,32,77,25,33,29,20,148,21,34,72,19,42,71,76,36,35,84,61,75,37,78],"product_tag":[],"class_list":{"0":"post-19509","1":"product","2":"type-product","3":"status-publish","4":"has-post-thumbnail","6":"product_cat-65cm-sex-dolls","7":"product_cat-6ye-doll","8":"product_cat-70cm-sex-dolls","9":"product_cat-adult-doll","10":"product_cat-aibei-doll","11":"product_cat-american-sex-doll","12":"product_cat-anime-sex-dolls","13":"product_cat-asian-sex-doll","14":"product_cat-axb-doll","15":"product_cat-blonde-sex-doll","16":"product_cat-cheap-sex-doll","17":"product_cat-chubby-sex-dolls","18":"product_cat-climax-doll","19":"product_cat-curvy-sex-dolls","20":"product_cat-dolls-castle","21":"product_cat-elsa-babe","22":"product_cat-fantasy-sex-doll","23":"product_cat-female-sex-dolls","24":"product_cat-fire-doll","25":"product_cat-full-body-sex-dolls","26":"product_cat-full-size-sex-dolls","27":"product_cat-girl-sex-dolls","28":"product_cat-hentai-sex-dolls","29":"product_cat-irontech-sex-dolls","30":"product_cat-japanese-sex-dolls","31":"product_cat-life-like-sex-dolls","32":"product_cat-life-size-sex-dolls","33":"product_cat-love-doll","34":"product_cat-midget-sex-doll","35":"product_cat-miniature-sex-doll","36":"product_cat-petite-sex-dolls","37":"product_cat-qita-doll","38":"product_cat-real-doll","39":"product_cat-skinny-sex-dolls","40":"product_cat-sy-doll","41":"product_cat-tantaly-sex-doll","42":"product_cat-teen-sex-dolls","43":"product_cat-tiny-sex-dolls","44":"product_cat-tpe-sex-dolls","45":"product_cat-us-stock-sex-dolls","46":"product_cat-wm-doll","47":"product_cat-young-sex-dolls","48":"product_cat-zelex-doll","50":"first","51":"instock","52":"sale","53":"shipping-taxable","54":"purchasable","55":"product-type-simple"},"_links":{"self":[{"href":"https:\/\/www.sexdollmini.com\/lt\/wp-json\/wp\/v2\/product\/19509","targetHints":{"allow":["GET"]}}],"collection":[{"href":"https:\/\/www.sexdollmini.com\/lt\/wp-json\/wp\/v2\/product"}],"about":[{"href":"https:\/\/www.sexdollmini.com\/lt\/wp-json\/wp\/v2\/types\/product"}],"replies":[{"embeddable":true,"href":"https:\/\/www.sexdollmini.com\/lt\/wp-json\/wp\/v2\/comments?post=19509"}],"wp:featuredmedia":[{"embeddable":true,"href":"https:\/\/www.sexdollmini.com\/lt\/wp-json\/wp\/v2\/media\/19515"}],"wp:attachment":[{"href":"https:\/\/www.sexdollmini.com\/lt\/wp-json\/wp\/v2\/media?parent=19509"}],"wp:term":[{"taxonomy":"product_brand","embeddable":true,"href":"https:\/\/www.sexdollmini.com\/lt\/wp-json\/wp\/v2\/product_brand?post=19509"},{"taxonomy":"product_cat","embeddable":true,"href":"https:\/\/www.sexdollmini.com\/lt\/wp-json\/wp\/v2\/product_cat?post=19509"},{"taxonomy":"product_tag","embeddable":true,"href":"https:\/\/www.sexdollmini.com\/lt\/wp-json\/wp\/v2\/product_tag?post=19509"}],"curies":[{"name":"wp","href":"https:\/\/api.w.org\/{rel}","templated":true}]}}