{"id":8,"date":"2025-03-23T08:36:16","date_gmt":"2025-03-23T15:36:16","guid":{"rendered":"https:\/\/www.sexdollmini.com\/cart\/"},"modified":"2025-03-23T08:47:29","modified_gmt":"2025-03-23T15:47:29","slug":"cart","status":"publish","type":"page","link":"https:\/\/www.sexdollmini.com\/lv\/cart\/","title":{"rendered":"Grozs"},"content":{"rendered":"<div data-block-name=\"woocommerce\/cart\" class=\"wp-block-woocommerce-cart alignwide is-loading\">\n<div data-block-name=\"woocommerce\/filled-cart-block\" class=\"wp-block-woocommerce-filled-cart-block\">\n<div data-block-name=\"woocommerce\/cart-items-block\" class=\"wp-block-woocommerce-cart-items-block\">\n<div data-block-name=\"woocommerce\/cart-line-items-block\" class=\"wp-block-woocommerce-cart-line-items-block\"><\/div>\n\n\n\n<div data-block-name=\"woocommerce\/cart-cross-sells-block\" class=\"wp-block-woocommerce-cart-cross-sells-block\">\n<h2 class=\"wp-block-heading has-large-font-size\">J\u016bs var\u0113tu interes\u0113t\u2026<\/h2>\n\n\n\n<div data-block-name=\"woocommerce\/cart-cross-sells-products-block\" class=\"wp-block-woocommerce-cart-cross-sells-products-block\"><\/div>\n<\/div>\n<\/div>\n\n\n\n<div data-block-name=\"woocommerce\/cart-totals-block\" class=\"wp-block-woocommerce-cart-totals-block\">\n<div data-block-name=\"woocommerce\/cart-order-summary-block\" class=\"wp-block-woocommerce-cart-order-summary-block\">\n<div data-block-name=\"woocommerce\/cart-order-summary-heading-block\" class=\"wp-block-woocommerce-cart-order-summary-heading-block\"><\/div><div data-block-name=\"woocommerce\/cart-order-summary-coupon-form-block\" class=\"wp-block-woocommerce-cart-order-summary-coupon-form-block\"><\/div><div data-block-name=\"woocommerce\/cart-order-summary-totals-block\" class=\"wp-block-woocommerce-cart-order-summary-totals-block\">\n<div data-block-name=\"woocommerce\/cart-order-summary-subtotal-block\" class=\"wp-block-woocommerce-cart-order-summary-subtotal-block\"><\/div>\n<div data-block-name=\"woocommerce\/cart-order-summary-discount-block\" class=\"wp-block-woocommerce-cart-order-summary-discount-block\"><\/div>\n<div data-block-name=\"woocommerce\/cart-order-summary-fee-block\" class=\"wp-block-woocommerce-cart-order-summary-fee-block\"><\/div>\n<div data-block-name=\"woocommerce\/cart-order-summary-shipping-block\" class=\"wp-block-woocommerce-cart-order-summary-shipping-block\"><\/div>\n<div data-block-name=\"woocommerce\/cart-order-summary-taxes-block\" class=\"wp-block-woocommerce-cart-order-summary-taxes-block\"><\/div><\/div>\n<\/div>\n\n\n\n<div data-block-name=\"woocommerce\/cart-express-payment-block\" class=\"wp-block-woocommerce-cart-express-payment-block\"><\/div>\n\n\n\n<div data-block-name=\"woocommerce\/proceed-to-checkout-block\" class=\"wp-block-woocommerce-proceed-to-checkout-block\"><\/div>\n\n\n\n<div data-block-name=\"woocommerce\/cart-accepted-payment-methods-block\" class=\"wp-block-woocommerce-cart-accepted-payment-methods-block\"><\/div>\n<\/div>\n<\/div>\n\n\n\n<div data-block-name=\"woocommerce\/empty-cart-block\" class=\"wp-block-woocommerce-empty-cart-block\">\n<h2 class=\"wp-block-heading has-text-align-center with-empty-cart-icon wc-block-cart__empty-cart__title\">J\u016bsu grozs pa\u0161laik ir tuk\u0161s!<\/h2>\n\n\n\n<hr class=\"wp-block-separator has-alpha-channel-opacity is-style-dots\"\/>\n\n\n\n<h2 class=\"wp-block-heading has-text-align-center\">Jaunums veikal\u0101<\/h2>\n\n\n<div data-block-name=\"woocommerce\/product-new\" data-columns=\"4\" data-rows=\"1\" class=\"wc-block-grid wp-block-product-new wp-block-woocommerce-product-new wc-block-product-new has-4-columns\"><ul class=\"wc-block-grid__products\"><li class=\"wc-block-grid__product\">\n\t\t\t\t<a href=\"https:\/\/www.sexdollmini.com\/lv\/products\/peregrine-65cm-white-petite-sex-doll\/\" class=\"wc-block-grid__product-link\">\n\t\t\t\t\t<div class=\"wc-block-grid__product-onsale\">\n\t\t\t<span aria-hidden=\"true\">P\u0101rdo\u0161ana<\/span>\n\t\t\t<span class=\"screen-reader-text\">Precei ir atlaide<\/span>\n\t\t<\/div>\n\t\t\t\t\t<div class=\"wc-block-grid__product-image\"><img decoding=\"async\" width=\"430\" height=\"538\" src=\"https:\/\/www.sexdollmini.com\/wp-content\/uploads\/2025\/10\/Peregrine-sex-doll6-430x538.jpg\" class=\"attachment-woocommerce_thumbnail size-woocommerce_thumbnail\" alt=\"Re\u0101listiska seksa lelle ar detaliz\u0113t\u0101m iez\u012bm\u0113m un m\u012bkstu silikona \u0101du, kas ir ide\u0101li piem\u0113rota gan draudz\u012bbai, gan intimit\u0101tei, piel\u0101gojamas iesp\u0113jas pieejamas vietn\u0113 Sexdollmini.com.\" title=\"-\"><\/div>\n\t\t\t\t\t<div class=\"wc-block-grid__product-title\">Peregrine 65cm balta s\u012bka auguma seksa lelle<\/div>\n\t\t\t\t<\/a>\n\t\t\t\t<div class=\"wc-block-grid__product-price price\"><span class=\"wmc-cache-pid\" data-wmc_product_id=\"19509\"><del aria-hidden=\"true\"><span class=\"woocommerce-Price-amount amount\"><span class=\"woocommerce-Price-currencySymbol\">&#036;<\/span>619.65<\/span><\/del> <span class=\"screen-reader-text\">S\u0101kotn\u0113j\u0101 cena bija: $619,65.<\/span><ins aria-hidden=\"true\"><span class=\"woocommerce-Price-amount amount\"><span class=\"woocommerce-Price-currencySymbol\">&#036;<\/span>320.75<\/span><\/ins><span class=\"screen-reader-text\">Pa\u0161reiz\u0113j\u0101 cena ir: $320,75.<\/span><\/span><\/div>\n\t\t\t\t\n\t\t\t\t<div class=\"wp-block-button wc-block-grid__product-add-to-cart\"><a href=\"\/lv\/wp-json\/wp\/v2\/pages\/8?add-to-cart=19509\" aria-label=\"Pievienot grozam: \u201cPeregrine 65cm balta s\u012bka auguma seksa lelle\u201d\" data-quantity=\"1\" data-product_id=\"19509\" data-product_sku=\"rra-70-2\" data-price=\"320.75\" rel=\"nofollow\" class=\"wp-block-button__link  add_to_cart_button ajax_add_to_cart\">Pievienot grozam<\/a><\/div>\n\t\t\t<\/li><li class=\"wc-block-grid__product\">\n\t\t\t\t<a href=\"https:\/\/www.sexdollmini.com\/lv\/products\/cassiopeia-68cm-micro-auburn-sex-doll\/\" class=\"wc-block-grid__product-link\">\n\t\t\t\t\t<div class=\"wc-block-grid__product-onsale\">\n\t\t\t<span aria-hidden=\"true\">P\u0101rdo\u0161ana<\/span>\n\t\t\t<span class=\"screen-reader-text\">Precei ir atlaide<\/span>\n\t\t<\/div>\n\t\t\t\t\t<div class=\"wc-block-grid__product-image\"><img decoding=\"async\" width=\"430\" height=\"538\" src=\"https:\/\/www.sexdollmini.com\/wp-content\/uploads\/2025\/10\/Cassiopeia-sex-doll1-430x538.jpg\" class=\"attachment-woocommerce_thumbnail size-woocommerce_thumbnail\" alt=\"Re\u0101listiska seksa lelle ar detaliz\u0113t\u0101m iez\u012bm\u0113m, m\u012bkstu silikona \u0101du un piel\u0101gojam\u0101m iesp\u0113j\u0101m pieaugu\u0161o draudz\u012bbai, kas ir ide\u0101li piem\u0113rota int\u012bmai baudai un draudz\u012bbai.\" title=\"-\"><\/div>\n\t\t\t\t\t<div class=\"wc-block-grid__product-title\">Kasiopejas 68 cm mikro br\u016bngani br\u016bna seksa lelle<\/div>\n\t\t\t\t<\/a>\n\t\t\t\t<div class=\"wc-block-grid__product-price price\"><span class=\"wmc-cache-pid\" data-wmc_product_id=\"19488\"><del aria-hidden=\"true\"><span class=\"woocommerce-Price-amount amount\"><span class=\"woocommerce-Price-currencySymbol\">&#036;<\/span>687.49<\/span><\/del> <span class=\"screen-reader-text\">S\u0101kotn\u0113j\u0101 cena bija: $687,49.<\/span><ins aria-hidden=\"true\"><span class=\"woocommerce-Price-amount amount\"><span class=\"woocommerce-Price-currencySymbol\">&#036;<\/span>326.75<\/span><\/ins><span class=\"screen-reader-text\">Pa\u0161reiz\u0113j\u0101 cena ir: $326,75.<\/span><\/span><\/div>\n\t\t\t\t\n\t\t\t\t<div class=\"wp-block-button wc-block-grid__product-add-to-cart\"><a href=\"\/lv\/wp-json\/wp\/v2\/pages\/8?add-to-cart=19488\" aria-label=\"Pievienot grozam: \u201cCassiopeia 68cm Micro Auburn Sex Doll\u201d\" data-quantity=\"1\" data-product_id=\"19488\" data-product_sku=\"rra-70-1\" data-price=\"326.75\" rel=\"nofollow\" class=\"wp-block-button__link  add_to_cart_button ajax_add_to_cart\">Pievienot grozam<\/a><\/div>\n\t\t\t<\/li><li class=\"wc-block-grid__product\">\n\t\t\t\t<a href=\"https:\/\/www.sexdollmini.com\/lv\/products\/avalon-flat-chest-cosplay-sex-doll\/\" class=\"wc-block-grid__product-link\">\n\t\t\t\t\t<div class=\"wc-block-grid__product-onsale\">\n\t\t\t<span aria-hidden=\"true\">P\u0101rdo\u0161ana<\/span>\n\t\t\t<span class=\"screen-reader-text\">Precei ir atlaide<\/span>\n\t\t<\/div>\n\t\t\t\t\t<div class=\"wc-block-grid__product-image\"><img decoding=\"async\" width=\"430\" height=\"538\" src=\"https:\/\/www.sexdollmini.com\/wp-content\/uploads\/2025\/10\/Avalon-sex-doll5-430x538.jpg\" class=\"attachment-woocommerce_thumbnail size-woocommerce_thumbnail\" alt=\"Re\u0101listiska seksa lelle ar jaunekl\u012bgu izskatu, zilganza\u013ciem baloniem, maig\u0101m sejas vaibstiem, gariem br\u016bniem matiem un \u0123\u0113rbusies gai\u0161i zil\u0101 kleit\u0101, kas rad\u012bta pieaugu\u0161o priekam un komp\u0101nijai.\" title=\"-\"><\/div>\n\t\t\t\t\t<div class=\"wc-block-grid__product-title\">Avalon plakanas kr\u016b\u0161u da\u013cas Cosplay seksa lelle<\/div>\n\t\t\t\t<\/a>\n\t\t\t\t<div class=\"wc-block-grid__product-price price\"><span class=\"wmc-cache-pid\" data-wmc_product_id=\"19475\"><span class=\"woocommerce-Price-amount amount\"><span class=\"woocommerce-Price-currencySymbol\">&#036;<\/span>426.82<\/span> <span aria-hidden=\"true\">\u2013<\/span> <span class=\"woocommerce-Price-amount amount\"><span class=\"woocommerce-Price-currencySymbol\">&#036;<\/span>609.01<\/span><span class=\"screen-reader-text\">Cenu diapazons: no $426,82 l\u012bdz $609,01<\/span><\/span><\/div>\n\t\t\t\t\n\t\t\t\t<div class=\"wp-block-button wc-block-grid__product-add-to-cart\"><a href=\"https:\/\/www.sexdollmini.com\/lv\/products\/avalon-flat-chest-cosplay-sex-doll\/\" aria-label=\"k\u0101da izv\u0113le priek\u0161 \u201cAvalon Flat Chest Cosplay Sex Doll\u201d\" data-quantity=\"1\" data-product_id=\"19475\" data-product_sku=\"mimi-102\" data-price=\"426.82\" rel=\"nofollow\" class=\"wp-block-button__link  add_to_cart_button\">Izv\u0113lieties<\/a><\/div>\n\t\t\t<\/li><li class=\"wc-block-grid__product\">\n\t\t\t\t<a href=\"https:\/\/www.sexdollmini.com\/lv\/products\/aurelie-68cm-miniature-girl-sex-doll\/\" class=\"wc-block-grid__product-link\">\n\t\t\t\t\t<div class=\"wc-block-grid__product-onsale\">\n\t\t\t<span aria-hidden=\"true\">P\u0101rdo\u0161ana<\/span>\n\t\t\t<span class=\"screen-reader-text\">Precei ir atlaide<\/span>\n\t\t<\/div>\n\t\t\t\t\t<div class=\"wc-block-grid__product-image\"><img decoding=\"async\" width=\"430\" height=\"538\" src=\"https:\/\/www.sexdollmini.com\/wp-content\/uploads\/2025\/10\/Aurelie-sex-doll6-430x538.jpg\" class=\"attachment-woocommerce_thumbnail size-woocommerce_thumbnail\" alt=\"Jauka silikona seksa lelle, re\u0101listiska mini seksa lelle pieaugu\u0161o baudai, maza izm\u0113ra erotiska lelle ar re\u0101listisk\u0101m iez\u012bm\u0113m int\u012bmiem mirk\u013ciem, ide\u0101li piem\u0113rota diskr\u0113tai draudz\u012bbai un seksu\u0101lai apmierin\u0101\u0161anai, rad\u012bta re\u0101listisk\u0101m pieredz\u0113m.\" title=\"-\"><\/div>\n\t\t\t\t\t<div class=\"wc-block-grid__product-title\">Aurelijas 68 cm miniat\u016bra seksa lelle meitenei<\/div>\n\t\t\t\t<\/a>\n\t\t\t\t<div class=\"wc-block-grid__product-price price\"><span class=\"wmc-cache-pid\" data-wmc_product_id=\"19438\"><del aria-hidden=\"true\"><span class=\"woocommerce-Price-amount amount\"><span class=\"woocommerce-Price-currencySymbol\">&#036;<\/span>655.73<\/span><\/del> <span class=\"screen-reader-text\">S\u0101kotn\u0113j\u0101 cena bija: $655,73.<\/span><ins aria-hidden=\"true\"><span class=\"woocommerce-Price-amount amount\"><span class=\"woocommerce-Price-currencySymbol\">&#036;<\/span>318.98<\/span><\/ins><span class=\"screen-reader-text\">Pa\u0161reiz\u0113j\u0101 cena ir: $318,98.<\/span><\/span><\/div>\n\t\t\t\t\n\t\t\t\t<div class=\"wp-block-button wc-block-grid__product-add-to-cart\"><a href=\"\/lv\/wp-json\/wp\/v2\/pages\/8?add-to-cart=19438\" aria-label=\"Pievienot grozam: \u201cAurelie 68cm miniat\u016bra meitene seksa lelle\u201d\" data-quantity=\"1\" data-product_id=\"19438\" data-product_sku=\"rra-70\" data-price=\"318.98\" rel=\"nofollow\" class=\"wp-block-button__link  add_to_cart_button ajax_add_to_cart\">Pievienot grozam<\/a><\/div>\n\t\t\t<\/li><\/ul><\/div><\/div>\n<\/div>","protected":false},"excerpt":{"rendered":"","protected":false},"author":1,"featured_media":0,"parent":0,"menu_order":0,"comment_status":"closed","ping_status":"closed","template":"","meta":{"footnotes":""},"class_list":["post-8","page","type-page","status-publish","hentry"],"_links":{"self":[{"href":"https:\/\/www.sexdollmini.com\/lv\/wp-json\/wp\/v2\/pages\/8","targetHints":{"allow":["GET"]}}],"collection":[{"href":"https:\/\/www.sexdollmini.com\/lv\/wp-json\/wp\/v2\/pages"}],"about":[{"href":"https:\/\/www.sexdollmini.com\/lv\/wp-json\/wp\/v2\/types\/page"}],"author":[{"embeddable":true,"href":"https:\/\/www.sexdollmini.com\/lv\/wp-json\/wp\/v2\/users\/1"}],"replies":[{"embeddable":true,"href":"https:\/\/www.sexdollmini.com\/lv\/wp-json\/wp\/v2\/comments?post=8"}],"version-history":[{"count":0,"href":"https:\/\/www.sexdollmini.com\/lv\/wp-json\/wp\/v2\/pages\/8\/revisions"}],"wp:attachment":[{"href":"https:\/\/www.sexdollmini.com\/lv\/wp-json\/wp\/v2\/media?parent=8"}],"curies":[{"name":"wp","href":"https:\/\/api.w.org\/{rel}","templated":true}]}}