{"id":15787,"date":"2025-05-10T06:57:49","date_gmt":"2025-05-10T13:57:49","guid":{"rendered":"https:\/\/www.sexdollmini.com\/?post_type=product&#038;p=15787"},"modified":"2026-03-22T10:42:11","modified_gmt":"2026-03-22T17:42:11","slug":"philippa-tiny-flat-chest-sex-doll","status":"publish","type":"product","link":"https:\/\/www.sexdollmini.com\/lv\/products\/philippa-tiny-flat-chest-sex-doll\/","title":{"rendered":"Philippa Mazgad\u012bgs plakana kr\u016bt\u012bm seksa lelle"},"content":{"rendered":"<h2>Seksa le\u013c\u013cu deta\u013cas<\/h2>\n<p>\u0160\u012b plakan\u0101s kr\u016btis TPE seksa lelle ir izgatavota no m\u012bksta, \u0101dai draudz\u012bga materi\u0101la. Seksa lellei ir daudz priek\u0161roc\u012bbu. Pirms gul\u0113tie\u0161anas varat apskaut seksa lelli, kas var sniegt zin\u0101mu sirdsmieru. Varat ar\u012b sagatavot seksa lellei da\u017e\u0101dus ap\u0123\u0113rba stilus (profesion\u0101lu ap\u0123\u0113rbu, peldkost\u012bmus utt.) lomu sp\u0113l\u0113m, un vi\u0146u var izmantot ar\u012b k\u0101 klus\u0101s dabas modeli, lai praktiz\u0113tu cilv\u0113ka \u0137erme\u0146a skic\u0113\u0161anu.<br \/>\n\u0160\u012bs aktivit\u0101tes var ne tikai padar\u012bt j\u016bsu dz\u012bvi interesant\u0101ku, bet ar\u012b pal\u012bdz\u0113t atp\u016bsties un uzlabot rado\u0161umu. Vissvar\u012bg\u0101kais ir atrast mijiedarb\u012bbas veidu, kas liek jums justies \u0113rti un laim\u012bgi.<\/p>\n<p>&nbsp;<\/p>\n<p>Augstums: 100 cm<br \/>\nKr\u016btis: 46 cm<br \/>\nViduklis: 38 cm<br \/>\nGurni: 59 cm<br \/>\nAn\u0101l\u0101 atveres dzi\u013cums: 8 cm<br \/>\nMaksts dzi\u013cums: 14 cm<br \/>\nMutes dzi\u013cums: 12 cm<br \/>\nNeto svars: 13 kg<br \/>\nBruto svars: 15 kg<\/p>\n<p>&nbsp;<\/p>\n<p>Augstums: 125 cm<br \/>\nKr\u016btis: 55 cm<br \/>\nViduklis: 42 cm<br \/>\nGurni: 62 cm<br \/>\nAn\u0101l\u0101 atveres dzi\u013cums: 16 cm<br \/>\nMaksts dzi\u013cums: 17 cm<br \/>\nMutes dzi\u013cums: 12 cm<br \/>\nNeto svars: 17 kg<br \/>\nBruto svars: 20 kg<\/p>\n<p>&nbsp;<\/p>\n<p>&nbsp;<\/p>\n<p>L\u016bdzu, at\u013caujiet 2\u20134 cm manu\u0101l\u0101s m\u0113r\u012b\u0161anas at\u0161\u0137ir\u012bbu manu\u0101l\u0101s m\u0113r\u012b\u0161anas d\u0113\u013c.<\/p>","protected":false},"excerpt":{"rendered":"<p>Lai labi saprastos ar TPE lelli, vienk\u0101r\u0161u draudz\u012bbu j\u0101p\u0101rv\u0113r\u0161 silt\u0101 dz\u012bves ritu\u0101l\u0101. Vi\u0146a neprot run\u0101t, bet var b\u016bt j\u016bsu uzticam\u0101k\u0101 klaus\u012bt\u0101ja.<\/p>","protected":false},"featured_media":15805,"comment_status":"open","ping_status":"closed","template":"","meta":[],"product_brand":[],"product_cat":[53,56,57,74,18,81,24,27,23,64,70,28,65,30,38,73,41,82,79,62,26,39,66,80,43,40,31,69,32,77,25,33,29,20,21,34,72,19,42,44,71,76,36,35,84,63,61,75,37,78],"product_tag":[],"class_list":{"0":"post-15787","1":"product","2":"type-product","3":"status-publish","4":"has-post-thumbnail","6":"product_cat-100cm-sex-dolls","7":"product_cat-120cm-sex-dolls","8":"product_cat-125cm-sex-dolls","9":"product_cat-6ye-doll","10":"product_cat-adult-doll","11":"product_cat-aibei-doll","12":"product_cat-american-sex-doll","13":"product_cat-anime-sex-dolls","14":"product_cat-asian-sex-doll","15":"product_cat-australia-stock-sex-doll","16":"product_cat-axb-doll","17":"product_cat-blonde-sex-doll","18":"product_cat-canada-stock-sex-doll","19":"product_cat-cheap-sex-doll","20":"product_cat-chubby-sex-dolls","21":"product_cat-climax-doll","22":"product_cat-curvy-sex-dolls","23":"product_cat-dolls-castle","24":"product_cat-elsa-babe","25":"product_cat-eu-stock-sex-doll","26":"product_cat-european-sex-dolls","27":"product_cat-fantasy-sex-doll","28":"product_cat-female-sex-dolls","29":"product_cat-fire-doll","30":"product_cat-flat-chested-sex-doll","31":"product_cat-full-body-sex-dolls","32":"product_cat-full-size-sex-dolls","33":"product_cat-girl-sex-dolls","34":"product_cat-hentai-sex-dolls","35":"product_cat-irontech-sex-dolls","36":"product_cat-japanese-sex-dolls","37":"product_cat-life-like-sex-dolls","38":"product_cat-life-size-sex-dolls","39":"product_cat-love-doll","40":"product_cat-miniature-sex-doll","41":"product_cat-petite-sex-dolls","42":"product_cat-qita-doll","43":"product_cat-real-doll","44":"product_cat-skinny-sex-dolls","45":"product_cat-small-breast-sex-doll","46":"product_cat-sy-doll","47":"product_cat-tantaly-sex-doll","48":"product_cat-teen-sex-dolls","49":"product_cat-tiny-sex-dolls","50":"product_cat-tpe-sex-dolls","51":"product_cat-uk-stock-sex-doll","52":"product_cat-us-stock-sex-dolls","53":"product_cat-wm-doll","54":"product_cat-young-sex-dolls","55":"product_cat-zelex-doll","57":"first","58":"instock","59":"sale","60":"shipping-taxable","61":"purchasable","62":"product-type-variable","63":"has-default-attributes"},"_links":{"self":[{"href":"https:\/\/www.sexdollmini.com\/lv\/wp-json\/wp\/v2\/product\/15787","targetHints":{"allow":["GET"]}}],"collection":[{"href":"https:\/\/www.sexdollmini.com\/lv\/wp-json\/wp\/v2\/product"}],"about":[{"href":"https:\/\/www.sexdollmini.com\/lv\/wp-json\/wp\/v2\/types\/product"}],"replies":[{"embeddable":true,"href":"https:\/\/www.sexdollmini.com\/lv\/wp-json\/wp\/v2\/comments?post=15787"}],"wp:featuredmedia":[{"embeddable":true,"href":"https:\/\/www.sexdollmini.com\/lv\/wp-json\/wp\/v2\/media\/15805"}],"wp:attachment":[{"href":"https:\/\/www.sexdollmini.com\/lv\/wp-json\/wp\/v2\/media?parent=15787"}],"wp:term":[{"taxonomy":"product_brand","embeddable":true,"href":"https:\/\/www.sexdollmini.com\/lv\/wp-json\/wp\/v2\/product_brand?post=15787"},{"taxonomy":"product_cat","embeddable":true,"href":"https:\/\/www.sexdollmini.com\/lv\/wp-json\/wp\/v2\/product_cat?post=15787"},{"taxonomy":"product_tag","embeddable":true,"href":"https:\/\/www.sexdollmini.com\/lv\/wp-json\/wp\/v2\/product_tag?post=15787"}],"curies":[{"name":"wp","href":"https:\/\/api.w.org\/{rel}","templated":true}]}}