{"id":16268,"date":"2025-06-09T00:33:45","date_gmt":"2025-06-09T07:33:45","guid":{"rendered":"https:\/\/www.sexdollmini.com\/?post_type=product&#038;p=16268"},"modified":"2025-08-03T19:23:46","modified_gmt":"2025-08-04T02:23:46","slug":"orva-flat-half-body-sex-doll-torso","status":"publish","type":"product","link":"https:\/\/www.sexdollmini.com\/lv\/products\/orva-flat-half-body-sex-doll-torso\/","title":{"rendered":"Orva plakana pus\u0137erme\u0146a seksa lelles rumpis"},"content":{"rendered":"<h2>Seksa le\u013c\u013cu deta\u013cas<\/h2>\n<p>Plakankr\u016b\u0161u seksa lelles rumpis ir \u013coti popul\u0101rs sp\u0113l\u0113t\u0101ju vid\u016b, un plakan\u0101 kr\u016btis ir \u0161\u012bs seksa lelles rakstur\u012bga iez\u012bme. T\u0101 var ne tikai apmierin\u0101t j\u016bsu seksu\u0101l\u0101s vajadz\u012bbas, bet ar\u012b tikt kolekcion\u0113ta k\u0101 d\u0101rgums. Plakankr\u016b\u0161u pus\u0137erme\u0146a seksa lelles rumpi ir viegli uzglab\u0101t un p\u0101rvietot. Ja jums bie\u017ei ir j\u0101p\u0101rce\u013cas vai j\u0101ce\u013co, jums neb\u016bs daudz probl\u0113mu kolekcion\u0113t \u0161o seksa lelli, un pus\u0137erme\u0146a seksa lelles rumpis var ietaup\u012bt daudz vietas.<\/p>\n<p>Augstums: 47 cm<br \/>\nKr\u016b\u0161u apk\u0101rtm\u0113rs: 47 cm<br \/>\nViduklis: 42 cm<br \/>\nGurni: 70 cm<br \/>\nPlecu platums: 25 cm<br \/>\nMaksts dzi\u013cums: 16 cm<br \/>\nAn\u0101l\u0101 atveres dzi\u013cums: 16 cm<br \/>\nNeto svars: 9 kg<br \/>\nKastes specifik\u0101cija: 65 * 34 * 29<br \/>\nBruto svars: 12 kg<\/p>\n<p>&nbsp;<\/p>\n<p>L\u016bdzu, at\u013caujiet 2\u20134 cm manu\u0101l\u0101s m\u0113r\u012b\u0161anas at\u0161\u0137ir\u012bbu manu\u0101l\u0101s m\u0113r\u012b\u0161anas d\u0113\u013c.<\/p>","protected":false},"excerpt":{"rendered":"<p>Padomi seksa le\u013c\u013cu kop\u0161anai: Izvairieties no tum\u0161as kr\u0101sas ap\u0123\u0113rba izv\u0113les seksa lell\u0113m un ne\u013caujiet tum\u0161as kr\u0101sas ap\u0123\u0113rbam ilgsto\u0161i saskarties ar TPE materi\u0101liem, lai izvair\u012btos no traipiem.<br \/>\nJa v\u0113laties, lai seksa lelle kalpotu ilg\u0101k, ieteicams izv\u0113l\u0113ties m\u012bkstu spilvenu seksa lellei un tur\u0113t lelli dabisk\u0101 poz\u0101.<\/p>","protected":false},"featured_media":16270,"comment_status":"open","ping_status":"closed","template":"","meta":[],"product_brand":[],"product_cat":[18,73,82,79,66,80,43,146,20,21,34,60,42,71,84,75,78],"product_tag":[],"class_list":{"0":"post-16268","1":"product","2":"type-product","3":"status-publish","4":"has-post-thumbnail","6":"product_cat-adult-doll","7":"product_cat-climax-doll","8":"product_cat-dolls-castle","9":"product_cat-elsa-babe","10":"product_cat-female-sex-dolls","11":"product_cat-fire-doll","12":"product_cat-flat-chested-sex-doll","13":"product_cat-half-body-sex-doll-torso","14":"product_cat-love-doll","15":"product_cat-miniature-sex-doll","16":"product_cat-petite-sex-dolls","17":"product_cat-sex-doll-torso","18":"product_cat-skinny-sex-dolls","19":"product_cat-sy-doll","20":"product_cat-tpe-sex-dolls","21":"product_cat-wm-doll","22":"product_cat-zelex-doll","24":"first","25":"instock","26":"sale","27":"shipping-taxable","28":"purchasable","29":"product-type-simple"},"_links":{"self":[{"href":"https:\/\/www.sexdollmini.com\/lv\/wp-json\/wp\/v2\/product\/16268","targetHints":{"allow":["GET"]}}],"collection":[{"href":"https:\/\/www.sexdollmini.com\/lv\/wp-json\/wp\/v2\/product"}],"about":[{"href":"https:\/\/www.sexdollmini.com\/lv\/wp-json\/wp\/v2\/types\/product"}],"replies":[{"embeddable":true,"href":"https:\/\/www.sexdollmini.com\/lv\/wp-json\/wp\/v2\/comments?post=16268"}],"wp:featuredmedia":[{"embeddable":true,"href":"https:\/\/www.sexdollmini.com\/lv\/wp-json\/wp\/v2\/media\/16270"}],"wp:attachment":[{"href":"https:\/\/www.sexdollmini.com\/lv\/wp-json\/wp\/v2\/media?parent=16268"}],"wp:term":[{"taxonomy":"product_brand","embeddable":true,"href":"https:\/\/www.sexdollmini.com\/lv\/wp-json\/wp\/v2\/product_brand?post=16268"},{"taxonomy":"product_cat","embeddable":true,"href":"https:\/\/www.sexdollmini.com\/lv\/wp-json\/wp\/v2\/product_cat?post=16268"},{"taxonomy":"product_tag","embeddable":true,"href":"https:\/\/www.sexdollmini.com\/lv\/wp-json\/wp\/v2\/product_tag?post=16268"}],"curies":[{"name":"wp","href":"https:\/\/api.w.org\/{rel}","templated":true}]}}