{"id":16369,"date":"2025-06-12T00:16:03","date_gmt":"2025-06-12T07:16:03","guid":{"rendered":"https:\/\/www.sexdollmini.com\/?post_type=product&#038;p=16369"},"modified":"2026-05-04T21:01:27","modified_gmt":"2026-05-05T04:01:27","slug":"blackbird-closed-eyes-bbw-sex-doll","status":"publish","type":"product","link":"https:\/\/www.sexdollmini.com\/lv\/products\/blackbird-closed-eyes-bbw-sex-doll\/","title":{"rendered":"Meln\u0101 putna aizv\u0113rt\u0101m ac\u012bm bbw seksa lelle"},"content":{"rendered":"<h2>Seksa le\u013c\u013cu deta\u013cas<\/h2>\n<p>108 cm gar\u0101 BBW seksa lelle sarkan\u0101 naktskrekl\u0101 izskat\u0101s k\u0101 e\u013c\u013cas glezna. Vi\u0146as \u0137erme\u0146a apa\u013c\u012bg\u0101s l\u012bnijas sl\u0113pj eleganci un sp\u0113ku, padarot vi\u0146u tik skaistu, ka cilv\u0113ki nesp\u0113j no vi\u0146as nov\u0113rst acis. Seksa lellei \u201cClose Eyes\u201d ir apa\u013ca, p\u0113rlei l\u012bdz\u012bga fig\u016bra, t\u0101 ir \u012bsa auguma, bet apa\u013c\u012bga fig\u016br\u0101. Vi\u0146a izskat\u0101s k\u0101 maiga un draudz\u012bga, liela sieviete. Seksa lelles kr\u016btis ir pietiekami lielas. Ja jums pat\u012bk saj\u016bta, kad kr\u016btis iespie\u017e j\u016bsu dzimumlocekli, \u0161\u012b seksa lelle ir laba izv\u0113le.<\/p>\n<p>Augums: 108 cm<br \/>\nKr\u016b\u0161u apk\u0101rtm\u0113rs: 81 cm<br \/>\nViduklis: 46 cm<br \/>\nGurni: 80 cm<br \/>\nNeto svars: 22 kg<br \/>\nBruto svars: 26 kg<br \/>\nIepakojums 100 * 36 * 26CM<br \/>\nMaksts garums: 15 cm<br \/>\nAn\u0101lais atveres diametrs: 13 cm<br \/>\nOr\u0101lais sekss: 10 cm<\/p>\n<p>&nbsp;<\/p>\n<p>L\u016bdzu, at\u013caujiet 2\u20134 cm manu\u0101l\u0101s m\u0113r\u012b\u0161anas at\u0161\u0137ir\u012bbu manu\u0101l\u0101s m\u0113r\u012b\u0161anas d\u0113\u013c.<\/p>","protected":false},"excerpt":{"rendered":"<p>Ja dodat priek\u0161roku liel\u0101m kr\u016bt\u012bm un lieliem s\u0113\u017eamviet\u0101m, bet nepat\u012bk p\u0101r\u0101k garas vai p\u0101r\u0101k smagas seksa lelles, \u0161\u012bs seksa lelles dizaina proporcijas var\u0113tu b\u016bt tie\u0161i t\u0101da seksa lelle, k\u0101du v\u0113laties. 108 cm garo seksa lelli ir viegli p\u0101rvietot un uzglab\u0101t, un kr\u016btis un s\u0113\u017eamvieta ir lielas un t\u0101s var m\u012bc\u012bt p\u0113c v\u0113l\u0113\u0161an\u0101s.<\/p>","protected":false},"featured_media":16389,"comment_status":"open","ping_status":"closed","template":"","meta":[],"product_brand":[],"product_cat":[54,74,18,81,24,27,23,70,22,28,30,38,73,41,82,79,62,26,39,66,80,40,31,69,32,77,25,33,29,20,72,19,71,76,36,35,84,61,75,37,78],"product_tag":[],"class_list":{"0":"post-16369","1":"product","2":"type-product","3":"status-publish","4":"has-post-thumbnail","6":"product_cat-108cm-sex-dolls","7":"product_cat-6ye-doll","8":"product_cat-adult-doll","9":"product_cat-aibei-doll","10":"product_cat-american-sex-doll","11":"product_cat-anime-sex-dolls","12":"product_cat-asian-sex-doll","13":"product_cat-axb-doll","14":"product_cat-bbw-sex-doll","15":"product_cat-blonde-sex-doll","16":"product_cat-cheap-sex-doll","17":"product_cat-chubby-sex-dolls","18":"product_cat-climax-doll","19":"product_cat-curvy-sex-dolls","20":"product_cat-dolls-castle","21":"product_cat-elsa-babe","22":"product_cat-eu-stock-sex-doll","23":"product_cat-european-sex-dolls","24":"product_cat-fantasy-sex-doll","25":"product_cat-female-sex-dolls","26":"product_cat-fire-doll","27":"product_cat-full-body-sex-dolls","28":"product_cat-full-size-sex-dolls","29":"product_cat-girl-sex-dolls","30":"product_cat-hentai-sex-dolls","31":"product_cat-irontech-sex-dolls","32":"product_cat-japanese-sex-dolls","33":"product_cat-life-like-sex-dolls","34":"product_cat-life-size-sex-dolls","35":"product_cat-love-doll","36":"product_cat-qita-doll","37":"product_cat-real-doll","38":"product_cat-sy-doll","39":"product_cat-tantaly-sex-doll","40":"product_cat-teen-sex-dolls","41":"product_cat-tiny-sex-dolls","42":"product_cat-tpe-sex-dolls","43":"product_cat-us-stock-sex-dolls","44":"product_cat-wm-doll","45":"product_cat-young-sex-dolls","46":"product_cat-zelex-doll","48":"first","49":"instock","50":"sale","51":"shipping-taxable","52":"purchasable","53":"product-type-simple"},"_links":{"self":[{"href":"https:\/\/www.sexdollmini.com\/lv\/wp-json\/wp\/v2\/product\/16369","targetHints":{"allow":["GET"]}}],"collection":[{"href":"https:\/\/www.sexdollmini.com\/lv\/wp-json\/wp\/v2\/product"}],"about":[{"href":"https:\/\/www.sexdollmini.com\/lv\/wp-json\/wp\/v2\/types\/product"}],"replies":[{"embeddable":true,"href":"https:\/\/www.sexdollmini.com\/lv\/wp-json\/wp\/v2\/comments?post=16369"}],"wp:featuredmedia":[{"embeddable":true,"href":"https:\/\/www.sexdollmini.com\/lv\/wp-json\/wp\/v2\/media\/16389"}],"wp:attachment":[{"href":"https:\/\/www.sexdollmini.com\/lv\/wp-json\/wp\/v2\/media?parent=16369"}],"wp:term":[{"taxonomy":"product_brand","embeddable":true,"href":"https:\/\/www.sexdollmini.com\/lv\/wp-json\/wp\/v2\/product_brand?post=16369"},{"taxonomy":"product_cat","embeddable":true,"href":"https:\/\/www.sexdollmini.com\/lv\/wp-json\/wp\/v2\/product_cat?post=16369"},{"taxonomy":"product_tag","embeddable":true,"href":"https:\/\/www.sexdollmini.com\/lv\/wp-json\/wp\/v2\/product_tag?post=16369"}],"curies":[{"name":"wp","href":"https:\/\/api.w.org\/{rel}","templated":true}]}}