{"id":16525,"date":"2025-06-12T23:54:55","date_gmt":"2025-06-13T06:54:55","guid":{"rendered":"https:\/\/www.sexdollmini.com\/?post_type=product&#038;p=16525"},"modified":"2025-11-13T00:24:14","modified_gmt":"2025-11-13T08:24:14","slug":"perfect-flexible-flat-sex-doll-torso","status":"publish","type":"product","link":"https:\/\/www.sexdollmini.com\/lv\/products\/perfect-flexible-flat-sex-doll-torso\/","title":{"rendered":"Ide\u0101ls elast\u012bgs plakanas seksa lelle rumpis"},"content":{"rendered":"<h2>Seksa le\u013c\u013cu deta\u013cas<\/h2>\n<p>Plakankr\u016b\u0161u seksa lelles rumpim iek\u0161pus\u0113 ir met\u0101la skeleta sist\u0113ma, un tas ir elast\u012bgs plakankr\u016b\u0161u seksa lelles rumpis. Plakankr\u016b\u0161u seksa lelles rumpis ir \u013coti \u012bpa\u0161s un \u013coti piem\u0113rots kolekcion\u0101riem. Ja bie\u017ei ce\u013cojat, \u0161o seksa lelles rumpi ir \u013coti viegli \u0146emt l\u012bdzi. Tas ir vid\u0113ji smags un viegli uzglab\u0101jams.<\/p>\n<p>Augstums: 61 cm<br \/>\nKr\u016b\u0161u apk\u0101rtm\u0113rs: 57 cm<br \/>\nViduklis: 51 cm<br \/>\nGurni: 69 cm<br \/>\nMaksts dzi\u013cums: 14 cm<br \/>\nAn\u0101lais dzi\u013cums: 13 cm<br \/>\nSvars: 12 kg<br \/>\nIepakojums: 65 * 33 * 21 cm<\/p>\n<p>&nbsp;<\/p>\n<p>L\u016bdzu, at\u013caujiet 2\u20134 cm manu\u0101l\u0101s m\u0113r\u012b\u0161anas at\u0161\u0137ir\u012bbu manu\u0101l\u0101s m\u0113r\u012b\u0161anas d\u0113\u013c.<\/p>","protected":false},"excerpt":{"rendered":"<p>Ja jums nav daudz l\u012bdzek\u013cu seksa le\u013c\u013cu ieg\u0101dei, varat apsv\u0113rt \u0161o plakankr\u016b\u0161u seksa lelles torsu. T\u0101 nav ne viegla, ne smaga, un var sniegt jums labu seksu\u0101lo pieredzi.<\/p>","protected":false},"featured_media":16526,"comment_status":"open","ping_status":"closed","template":"","meta":[],"product_brand":[],"product_cat":[73,66,43,146,60,84],"product_tag":[],"class_list":{"0":"post-16525","1":"product","2":"type-product","3":"status-publish","4":"has-post-thumbnail","6":"product_cat-climax-doll","7":"product_cat-female-sex-dolls","8":"product_cat-flat-chested-sex-doll","9":"product_cat-half-body-sex-doll-torso","10":"product_cat-sex-doll-torso","11":"product_cat-tpe-sex-dolls","13":"first","14":"instock","15":"sale","16":"shipping-taxable","17":"purchasable","18":"product-type-simple"},"_links":{"self":[{"href":"https:\/\/www.sexdollmini.com\/lv\/wp-json\/wp\/v2\/product\/16525","targetHints":{"allow":["GET"]}}],"collection":[{"href":"https:\/\/www.sexdollmini.com\/lv\/wp-json\/wp\/v2\/product"}],"about":[{"href":"https:\/\/www.sexdollmini.com\/lv\/wp-json\/wp\/v2\/types\/product"}],"replies":[{"embeddable":true,"href":"https:\/\/www.sexdollmini.com\/lv\/wp-json\/wp\/v2\/comments?post=16525"}],"wp:featuredmedia":[{"embeddable":true,"href":"https:\/\/www.sexdollmini.com\/lv\/wp-json\/wp\/v2\/media\/16526"}],"wp:attachment":[{"href":"https:\/\/www.sexdollmini.com\/lv\/wp-json\/wp\/v2\/media?parent=16525"}],"wp:term":[{"taxonomy":"product_brand","embeddable":true,"href":"https:\/\/www.sexdollmini.com\/lv\/wp-json\/wp\/v2\/product_brand?post=16525"},{"taxonomy":"product_cat","embeddable":true,"href":"https:\/\/www.sexdollmini.com\/lv\/wp-json\/wp\/v2\/product_cat?post=16525"},{"taxonomy":"product_tag","embeddable":true,"href":"https:\/\/www.sexdollmini.com\/lv\/wp-json\/wp\/v2\/product_tag?post=16525"}],"curies":[{"name":"wp","href":"https:\/\/api.w.org\/{rel}","templated":true}]}}