{"id":16987,"date":"2025-07-15T01:19:18","date_gmt":"2025-07-15T08:19:18","guid":{"rendered":"https:\/\/www.sexdollmini.com\/?post_type=product&#038;p=16987"},"modified":"2025-07-29T20:23:56","modified_gmt":"2025-07-30T03:23:56","slug":"small-dress-mini-sex-doll","status":"publish","type":"product","link":"https:\/\/www.sexdollmini.com\/lv\/products\/small-dress-mini-sex-doll\/","title":{"rendered":"Eleganta maza kleita mini seksa lell\u0113m"},"content":{"rendered":"<p>&nbsp;<\/p>\n<p>Izm\u0113rs S\/5: ieteicamais augums: 106\u2013112 cm; ieteicamais svars: 16\u201320 kg<\/p>\n<p>Izm\u0113rs M\/6: ieteicamais augums: 112\u2013118 cm; ieteicamais svars: 18\u201323 kg<\/p>\n<p>Izm\u0113rs L\/7: ieteicamais augums: 118\u2013124 cm; ieteicamais svars: 20\u201326 kg<\/p>\n<p>&nbsp;<\/p>\n<p>L\u016bdzu, at\u013caujiet 2\u20133 cm k\u013c\u016bdu manu\u0101las m\u0113r\u012b\u0161anas d\u0113\u013c.<\/p>","protected":false},"excerpt":{"rendered":"<p>Balti sv\u0101rki ir pieejami da\u017e\u0101dos izm\u0113ros.<\/p>","protected":false},"featured_media":16992,"comment_status":"open","ping_status":"closed","template":"","meta":[],"product_brand":[],"product_cat":[83],"product_tag":[],"class_list":{"0":"post-16987","1":"product","2":"type-product","3":"status-publish","4":"has-post-thumbnail","6":"product_cat-sex-doll-accessories","8":"first","9":"instock","10":"sale","11":"shipping-taxable","12":"purchasable","13":"product-type-variable","14":"has-default-attributes"},"_links":{"self":[{"href":"https:\/\/www.sexdollmini.com\/lv\/wp-json\/wp\/v2\/product\/16987","targetHints":{"allow":["GET"]}}],"collection":[{"href":"https:\/\/www.sexdollmini.com\/lv\/wp-json\/wp\/v2\/product"}],"about":[{"href":"https:\/\/www.sexdollmini.com\/lv\/wp-json\/wp\/v2\/types\/product"}],"replies":[{"embeddable":true,"href":"https:\/\/www.sexdollmini.com\/lv\/wp-json\/wp\/v2\/comments?post=16987"}],"wp:featuredmedia":[{"embeddable":true,"href":"https:\/\/www.sexdollmini.com\/lv\/wp-json\/wp\/v2\/media\/16992"}],"wp:attachment":[{"href":"https:\/\/www.sexdollmini.com\/lv\/wp-json\/wp\/v2\/media?parent=16987"}],"wp:term":[{"taxonomy":"product_brand","embeddable":true,"href":"https:\/\/www.sexdollmini.com\/lv\/wp-json\/wp\/v2\/product_brand?post=16987"},{"taxonomy":"product_cat","embeddable":true,"href":"https:\/\/www.sexdollmini.com\/lv\/wp-json\/wp\/v2\/product_cat?post=16987"},{"taxonomy":"product_tag","embeddable":true,"href":"https:\/\/www.sexdollmini.com\/lv\/wp-json\/wp\/v2\/product_tag?post=16987"}],"curies":[{"name":"wp","href":"https:\/\/api.w.org\/{rel}","templated":true}]}}