{"id":16999,"date":"2025-07-15T04:33:37","date_gmt":"2025-07-15T11:33:37","guid":{"rendered":"https:\/\/www.sexdollmini.com\/?post_type=product&#038;p=16999"},"modified":"2025-12-18T03:30:29","modified_gmt":"2025-12-18T11:30:29","slug":"vaginal-anal-lubricant-sex-doll","status":"publish","type":"product","link":"https:\/\/www.sexdollmini.com\/lv\/products\/vaginal-anal-lubricant-sex-doll\/","title":{"rendered":"Vagin\u0101lais un an\u0101lais lubrikants seksa lell\u0113m"},"content":{"rendered":"<p>Aug\u013cu lubrikanti ir piem\u0113roti \u0137erme\u0146a mas\u0101\u017eai vai maksts un an\u0101l\u0101s atveres mitrin\u0101\u0161anai. To lieto\u0161ana pirms dzimumakta var mazin\u0101t dzimumakta laik\u0101 radu\u0161os berzi un s\u0101pes.<\/p>\n<p>Lubrikants ir 60 ml tilpum\u0101. Tas ir mazs un viegli p\u0101rn\u0113s\u0101jams, t\u0101p\u0113c to var izmantot daudzos gad\u012bjumos. Pat atrodoties komand\u0113jum\u0101, to var \u0113rti ielikt mugursom\u0101.<\/p>\n<p><img decoding=\"async\" class=\"aligncenter wp-image-17009 size-full\" src=\"https:\/\/www.sexdollmini.com\/wp-content\/themes\/woodmart\/images\/lazy.svg\" data-src=\"https:\/\/www.sexdollmini.com\/wp-content\/uploads\/2025\/07\/Human-Lubricant6.jpg\" alt=\"\" width=\"750\" height=\"833\" title=\"-\" srcset=\"\" data-srcset=\"https:\/\/www.sexdollmini.com\/wp-content\/uploads\/2025\/07\/Human-Lubricant6.jpg 750w, https:\/\/www.sexdollmini.com\/wp-content\/uploads\/2025\/07\/Human-Lubricant6-150x167.jpg 150w, https:\/\/www.sexdollmini.com\/wp-content\/uploads\/2025\/07\/Human-Lubricant6-700x777.jpg 700w, https:\/\/www.sexdollmini.com\/wp-content\/uploads\/2025\/07\/Human-Lubricant6-270x300.jpg 270w, https:\/\/www.sexdollmini.com\/wp-content\/uploads\/2025\/07\/Human-Lubricant6-720x800.jpg 720w\" sizes=\"(max-width: 750px) 100vw, 750px\" \/> <img decoding=\"async\" class=\"aligncenter wp-image-17008 size-full\" src=\"https:\/\/www.sexdollmini.com\/wp-content\/themes\/woodmart\/images\/lazy.svg\" data-src=\"https:\/\/www.sexdollmini.com\/wp-content\/uploads\/2025\/07\/Human-Lubricant5.jpg\" alt=\"\" width=\"750\" height=\"781\" title=\"-\" srcset=\"\" data-srcset=\"https:\/\/www.sexdollmini.com\/wp-content\/uploads\/2025\/07\/Human-Lubricant5.jpg 750w, https:\/\/www.sexdollmini.com\/wp-content\/uploads\/2025\/07\/Human-Lubricant5-150x156.jpg 150w, https:\/\/www.sexdollmini.com\/wp-content\/uploads\/2025\/07\/Human-Lubricant5-700x729.jpg 700w, https:\/\/www.sexdollmini.com\/wp-content\/uploads\/2025\/07\/Human-Lubricant5-288x300.jpg 288w\" sizes=\"(max-width: 750px) 100vw, 750px\" \/><\/p>","protected":false},"excerpt":{"rendered":"<p>E\u013c\u013caini, uz \u016bdens b\u0101zes veidoti lubrikanti var ar\u012b \u0101tri stimul\u0113t seksu\u0101lo v\u0113lmi un uzlabot seksu\u0101lo pieredzi.<\/p>","protected":false},"featured_media":17010,"comment_status":"open","ping_status":"closed","template":"","meta":[],"product_brand":[],"product_cat":[83],"product_tag":[],"class_list":{"0":"post-16999","1":"product","2":"type-product","3":"status-publish","4":"has-post-thumbnail","6":"product_cat-sex-doll-accessories","8":"first","9":"instock","10":"sale","11":"shipping-taxable","12":"purchasable","13":"product-type-variable","14":"has-default-attributes"},"_links":{"self":[{"href":"https:\/\/www.sexdollmini.com\/lv\/wp-json\/wp\/v2\/product\/16999","targetHints":{"allow":["GET"]}}],"collection":[{"href":"https:\/\/www.sexdollmini.com\/lv\/wp-json\/wp\/v2\/product"}],"about":[{"href":"https:\/\/www.sexdollmini.com\/lv\/wp-json\/wp\/v2\/types\/product"}],"replies":[{"embeddable":true,"href":"https:\/\/www.sexdollmini.com\/lv\/wp-json\/wp\/v2\/comments?post=16999"}],"wp:featuredmedia":[{"embeddable":true,"href":"https:\/\/www.sexdollmini.com\/lv\/wp-json\/wp\/v2\/media\/17010"}],"wp:attachment":[{"href":"https:\/\/www.sexdollmini.com\/lv\/wp-json\/wp\/v2\/media?parent=16999"}],"wp:term":[{"taxonomy":"product_brand","embeddable":true,"href":"https:\/\/www.sexdollmini.com\/lv\/wp-json\/wp\/v2\/product_brand?post=16999"},{"taxonomy":"product_cat","embeddable":true,"href":"https:\/\/www.sexdollmini.com\/lv\/wp-json\/wp\/v2\/product_cat?post=16999"},{"taxonomy":"product_tag","embeddable":true,"href":"https:\/\/www.sexdollmini.com\/lv\/wp-json\/wp\/v2\/product_tag?post=16999"}],"curies":[{"name":"wp","href":"https:\/\/api.w.org\/{rel}","templated":true}]}}