{"id":17017,"date":"2025-07-15T05:56:05","date_gmt":"2025-07-15T12:56:05","guid":{"rendered":"https:\/\/www.sexdollmini.com\/?post_type=product&#038;p=17017"},"modified":"2026-04-16T03:35:41","modified_gmt":"2026-04-16T10:35:41","slug":"body-gel-lubricant-sex-doll","status":"publish","type":"product","link":"https:\/\/www.sexdollmini.com\/lv\/products\/body-gel-lubricant-sex-doll\/","title":{"rendered":"\u0136erme\u0146a \u017eelejas lubrikants seksa lell\u0113m"},"content":{"rendered":"<p>80 ml lubrikanta pudeli var lietot da\u017e\u0101d\u0101s viet\u0101s, tostarp vagin\u0101laj\u0101, an\u0101laj\u0101, kr\u016b\u0161u un or\u0101laj\u0101 seks\u0101.<\/p>\n<p>&nbsp;<\/p>\n<p><img decoding=\"async\" src=\"https:\/\/www.sexdollmini.com\/wp-content\/themes\/woodmart\/images\/lazy.svg\" data-src=\"https:\/\/www.sexdollmini.com\/wp-content\/uploads\/2025\/07\/01.webp\" height=\"1000\" width=\"1000\" class=\"aligncenter wp-image-17024 size-full\" alt=\"\u016aden\u012b \u0161\u0137\u012bsto\u0161i lubrikanti ar \u0137ir\u0161u un zeme\u0146u gar\u0161u, kas ir ide\u0101li piem\u0113roti seksu\u0101lajai labsaj\u016btai, viegli t\u012br\u0101mi un lieliski piem\u0113roti intimit\u0101tes uzlabo\u0161anai ar gludu, slidenu saj\u016btu.\" title=\"-\" srcset=\"\" data-srcset=\"https:\/\/www.sexdollmini.com\/wp-content\/uploads\/2025\/07\/01.webp 1000w, https:\/\/www.sexdollmini.com\/wp-content\/uploads\/2025\/07\/01-150x150.webp 150w, https:\/\/www.sexdollmini.com\/wp-content\/uploads\/2025\/07\/01-700x700.webp 700w, https:\/\/www.sexdollmini.com\/wp-content\/uploads\/2025\/07\/01-300x300.webp 300w, https:\/\/www.sexdollmini.com\/wp-content\/uploads\/2025\/07\/01-800x800.webp 800w, https:\/\/www.sexdollmini.com\/wp-content\/uploads\/2025\/07\/01-768x768.webp 768w\" sizes=\"(max-width: 1000px) 100vw, 1000px\" \/>  <img decoding=\"async\" class=\"aligncenter wp-image-17025 size-full\" src=\"https:\/\/www.sexdollmini.com\/wp-content\/themes\/woodmart\/images\/lazy.svg\" data-src=\"https:\/\/www.sexdollmini.com\/wp-content\/uploads\/2025\/07\/2.webp\" alt=\"\" width=\"1000\" height=\"1000\" title=\"-\" srcset=\"\" data-srcset=\"https:\/\/www.sexdollmini.com\/wp-content\/uploads\/2025\/07\/2.webp 1000w, https:\/\/www.sexdollmini.com\/wp-content\/uploads\/2025\/07\/2-150x150.webp 150w, https:\/\/www.sexdollmini.com\/wp-content\/uploads\/2025\/07\/2-700x700.webp 700w, https:\/\/www.sexdollmini.com\/wp-content\/uploads\/2025\/07\/2-300x300.webp 300w, https:\/\/www.sexdollmini.com\/wp-content\/uploads\/2025\/07\/2-800x800.webp 800w, https:\/\/www.sexdollmini.com\/wp-content\/uploads\/2025\/07\/2-768x768.webp 768w\" sizes=\"(max-width: 1000px) 100vw, 1000px\" \/><\/p>","protected":false},"excerpt":{"rendered":"<p>Nodarbojoties ar seksu ar seksa lelli, varat izmantot atbilsto\u0161u daudzumu lubrikanta, lai palielin\u0101tu dzimumorg\u0101nu stimul\u0101ciju.<\/p>","protected":false},"featured_media":17021,"comment_status":"open","ping_status":"closed","template":"","meta":[],"product_brand":[],"product_cat":[83],"product_tag":[],"class_list":{"0":"post-17017","1":"product","2":"type-product","3":"status-publish","4":"has-post-thumbnail","6":"product_cat-sex-doll-accessories","8":"first","9":"instock","10":"sale","11":"shipping-taxable","12":"purchasable","13":"product-type-variable","14":"has-default-attributes"},"_links":{"self":[{"href":"https:\/\/www.sexdollmini.com\/lv\/wp-json\/wp\/v2\/product\/17017","targetHints":{"allow":["GET"]}}],"collection":[{"href":"https:\/\/www.sexdollmini.com\/lv\/wp-json\/wp\/v2\/product"}],"about":[{"href":"https:\/\/www.sexdollmini.com\/lv\/wp-json\/wp\/v2\/types\/product"}],"replies":[{"embeddable":true,"href":"https:\/\/www.sexdollmini.com\/lv\/wp-json\/wp\/v2\/comments?post=17017"}],"wp:featuredmedia":[{"embeddable":true,"href":"https:\/\/www.sexdollmini.com\/lv\/wp-json\/wp\/v2\/media\/17021"}],"wp:attachment":[{"href":"https:\/\/www.sexdollmini.com\/lv\/wp-json\/wp\/v2\/media?parent=17017"}],"wp:term":[{"taxonomy":"product_brand","embeddable":true,"href":"https:\/\/www.sexdollmini.com\/lv\/wp-json\/wp\/v2\/product_brand?post=17017"},{"taxonomy":"product_cat","embeddable":true,"href":"https:\/\/www.sexdollmini.com\/lv\/wp-json\/wp\/v2\/product_cat?post=17017"},{"taxonomy":"product_tag","embeddable":true,"href":"https:\/\/www.sexdollmini.com\/lv\/wp-json\/wp\/v2\/product_tag?post=17017"}],"curies":[{"name":"wp","href":"https:\/\/api.w.org\/{rel}","templated":true}]}}