{"id":17123,"date":"2025-07-16T21:39:19","date_gmt":"2025-07-17T04:39:19","guid":{"rendered":"https:\/\/www.sexdollmini.com\/?post_type=product&#038;p=17123"},"modified":"2025-09-22T01:54:15","modified_gmt":"2025-09-22T08:54:15","slug":"damaris-mini-handheld-60cm-sex-doll","status":"publish","type":"product","link":"https:\/\/www.sexdollmini.com\/lv\/products\/damaris-mini-handheld-60cm-sex-doll\/","title":{"rendered":"Damaris Mini rokas seksa lelle 60 cm"},"content":{"rendered":"<p>Ar t\u0101d\u0101m pa\u0161\u0101m re\u0101listisk\u0101m tekst\u016br\u0101m un anatomisk\u0101m deta\u013c\u0101m k\u0101 pilna izm\u0113ra lell\u0113m, 60 cm Mini TPE seksa lelles ir samazin\u0101tas, lai t\u0101s b\u016btu viegl\u0101k lietot un p\u0101rn\u0113s\u0101t. T\u0101s mazajam \u0137ermenim ir lielas, izliektas kr\u016btis, kas pie\u0161\u0137ir seksa lellei piln\u012bg\u0101ku izskatu, un tai ir re\u0101listiska \u0101das kr\u0101sa un elast\u012bgas loc\u012btavas dabiskai poz\u0113\u0161anai.<\/p>\n<p>Augstums: 60 cm<br \/>\nKr\u016b\u0161u apk\u0101rtm\u0113rs: 43 cm<br \/>\nViduklis: 30 cm<br \/>\nGurni: 45 cm<br \/>\nPlecu platums: 12 cm<br \/>\nMaksts dzi\u013cums: 9 cm<br \/>\nAn\u0101l\u0101 atveres dzi\u013cums: 10 cm<br \/>\nSvars: 3 kg<\/p>\n<div style=\"width: 1080px;\" class=\"wp-video\"><video class=\"wp-video-shortcode\" id=\"video-17123-1\" width=\"1080\" height=\"1920\" preload=\"metadata\" controls=\"controls\"><source type=\"video\/mp4\" src=\"https:\/\/www.sexdollmini.com\/wp-content\/uploads\/2025\/07\/Damaris-sex-doll.mp4?_=1\" \/><a href=\"https:\/\/www.sexdollmini.com\/wp-content\/uploads\/2025\/07\/Damaris-sex-doll.mp4\">https:\/\/www.sexdollmini.com\/wp-content\/uploads\/2025\/07\/Damaris-sex-doll.mp4<\/a><\/video><\/div>\n<p>L\u016bdzu, at\u013caujiet 2\u20134 cm manu\u0101l\u0101s m\u0113r\u012b\u0161anas at\u0161\u0137ir\u012bbu manu\u0101l\u0101s m\u0113r\u012b\u0161anas d\u0113\u013c.<\/p>","protected":false},"excerpt":{"rendered":"<p>60 cm seksa lell\u0113m ir nep\u0101rsp\u0113jams re\u0101lisma l\u012bmenis, t\u0101s ir ne tikai praktiskas un l\u0113tas, bet ar\u012b m\u0101kslas darbi. J\u016bs varat izlikt maz\u0101s seksa lelles k\u0101 ko\u0161as dekor\u0101cijas vai main\u012bt t\u0113rpus, lai iedvesmotu jaunas seksu\u0101l\u0101s fant\u0101zijas!<\/p>","protected":false},"featured_media":17125,"comment_status":"open","ping_status":"closed","template":"","meta":[],"product_brand":[],"product_cat":[47,74,18,81,24,27,23,70,28,30,38,73,41,82,79,39,66,80,40,31,69,32,77,25,33,29,20,148,21,34,72,19,42,71,76,36,35,84,75,37,78],"product_tag":[],"class_list":{"0":"post-17123","1":"product","2":"type-product","3":"status-publish","4":"has-post-thumbnail","6":"product_cat-60cm-sex-dolls","7":"product_cat-6ye-doll","8":"product_cat-adult-doll","9":"product_cat-aibei-doll","10":"product_cat-american-sex-doll","11":"product_cat-anime-sex-dolls","12":"product_cat-asian-sex-doll","13":"product_cat-axb-doll","14":"product_cat-blonde-sex-doll","15":"product_cat-cheap-sex-doll","16":"product_cat-chubby-sex-dolls","17":"product_cat-climax-doll","18":"product_cat-curvy-sex-dolls","19":"product_cat-dolls-castle","20":"product_cat-elsa-babe","21":"product_cat-fantasy-sex-doll","22":"product_cat-female-sex-dolls","23":"product_cat-fire-doll","24":"product_cat-full-body-sex-dolls","25":"product_cat-full-size-sex-dolls","26":"product_cat-girl-sex-dolls","27":"product_cat-hentai-sex-dolls","28":"product_cat-irontech-sex-dolls","29":"product_cat-japanese-sex-dolls","30":"product_cat-life-like-sex-dolls","31":"product_cat-life-size-sex-dolls","32":"product_cat-love-doll","33":"product_cat-midget-sex-doll","34":"product_cat-miniature-sex-doll","35":"product_cat-petite-sex-dolls","36":"product_cat-qita-doll","37":"product_cat-real-doll","38":"product_cat-skinny-sex-dolls","39":"product_cat-sy-doll","40":"product_cat-tantaly-sex-doll","41":"product_cat-teen-sex-dolls","42":"product_cat-tiny-sex-dolls","43":"product_cat-tpe-sex-dolls","44":"product_cat-wm-doll","45":"product_cat-young-sex-dolls","46":"product_cat-zelex-doll","48":"first","49":"instock","50":"sale","51":"shipping-taxable","52":"purchasable","53":"product-type-simple"},"_links":{"self":[{"href":"https:\/\/www.sexdollmini.com\/lv\/wp-json\/wp\/v2\/product\/17123","targetHints":{"allow":["GET"]}}],"collection":[{"href":"https:\/\/www.sexdollmini.com\/lv\/wp-json\/wp\/v2\/product"}],"about":[{"href":"https:\/\/www.sexdollmini.com\/lv\/wp-json\/wp\/v2\/types\/product"}],"replies":[{"embeddable":true,"href":"https:\/\/www.sexdollmini.com\/lv\/wp-json\/wp\/v2\/comments?post=17123"}],"wp:featuredmedia":[{"embeddable":true,"href":"https:\/\/www.sexdollmini.com\/lv\/wp-json\/wp\/v2\/media\/17125"}],"wp:attachment":[{"href":"https:\/\/www.sexdollmini.com\/lv\/wp-json\/wp\/v2\/media?parent=17123"}],"wp:term":[{"taxonomy":"product_brand","embeddable":true,"href":"https:\/\/www.sexdollmini.com\/lv\/wp-json\/wp\/v2\/product_brand?post=17123"},{"taxonomy":"product_cat","embeddable":true,"href":"https:\/\/www.sexdollmini.com\/lv\/wp-json\/wp\/v2\/product_cat?post=17123"},{"taxonomy":"product_tag","embeddable":true,"href":"https:\/\/www.sexdollmini.com\/lv\/wp-json\/wp\/v2\/product_tag?post=17123"}],"curies":[{"name":"wp","href":"https:\/\/api.w.org\/{rel}","templated":true}]}}