{"id":17176,"date":"2025-07-20T03:21:53","date_gmt":"2025-07-20T10:21:53","guid":{"rendered":"https:\/\/www.sexdollmini.com\/?post_type=product&#038;p=17176"},"modified":"2025-09-08T06:18:48","modified_gmt":"2025-09-08T13:18:48","slug":"euphemia-custom-made-flat-sex-doll","status":"publish","type":"product","link":"https:\/\/www.sexdollmini.com\/lv\/products\/euphemia-custom-made-flat-sex-doll\/","title":{"rendered":"Euphemia p\u0113c pas\u016bt\u012bjuma izgatavota plakana seksa lelle"},"content":{"rendered":"<p>Seksa lell\u0113m ir lielas acis un mazas mutes, un to iez\u012bmes ir iedvesmotas no anime pasaules varo\u0146iem. Izv\u0113lieties savu iecien\u012bt\u0101ko anime seksa lelli, lai pavad\u012btu katru romantisku nakti kop\u0101 un atvad\u012btos no skumj\u0101m un vientu\u013c\u0101m dien\u0101m no \u0161\u012b br\u012b\u017ea. Seksa le\u013c\u013cu augstumu var piel\u0101got, piel\u0101go\u0161ana ir pieejama 100 cm vai 125 cm, izv\u0113lieties anime seksa lelli, kas ir piem\u0113rota j\u016bsu lieto\u0161anai un glab\u0101\u0161anai.<\/p>\n<p>&nbsp;<\/p>\n<p>Augstums: 100 cm<br \/>\nKr\u016btis: 49 cm<br \/>\nViduklis: 38 cm<br \/>\nGurni: 59 cm<br \/>\nAn\u0101l\u0101 atveres dzi\u013cums: 11 cm<br \/>\nMaksts dzi\u013cums: 14 cm<br \/>\nMutes dzi\u013cums: 10 cm<br \/>\nNeto svars: 13 kg<br \/>\nBruto svars: 15 kg<\/p>\n<p>&nbsp;<\/p>\n<p>Augstums: 125 cm<br \/>\nKr\u016btis: 55 cm<br \/>\nViduklis: 42 cm<br \/>\nGurni: 62 cm<br \/>\nAn\u0101l\u0101 atveres dzi\u013cums: 16 cm<br \/>\nMaksts dzi\u013cums: 17 cm<br \/>\nMutes dzi\u013cums: 12 cm<br \/>\nNeto svars: 17 kg<br \/>\nBruto svars: 20 kg<\/p>\n<p>&nbsp;<\/p>\n<p>&nbsp;<\/p>\n<p>L\u016bdzu, at\u013caujiet 2\u20134 cm manu\u0101l\u0101s m\u0113r\u012b\u0161anas at\u0161\u0137ir\u012bbu manu\u0101l\u0101s m\u0113r\u012b\u0161anas d\u0113\u013c.<\/p>","protected":false},"excerpt":{"rendered":"<p>Maz\u0101m anime seksa lell\u0113m ir plakanas kr\u016btis un \u0101rk\u0101rt\u012bgi smalkas sejas vaibsti. Ir pieejamas gan vagin\u0101l\u0101s, gan an\u0101l\u0101s atveres.<\/p>","protected":false},"featured_media":17208,"comment_status":"open","ping_status":"closed","template":"","meta":[],"product_brand":[],"product_cat":[53,56,57,74,18,81,27,23,70,28,30,38,73,41,82,79,39,66,80,43,40,31,69,32,77,25,33,29,20,21,34,72,19,42,44,71,76,36,35,84,75,37,78],"product_tag":[],"class_list":{"0":"post-17176","1":"product","2":"type-product","3":"status-publish","4":"has-post-thumbnail","6":"product_cat-100cm-sex-dolls","7":"product_cat-120cm-sex-dolls","8":"product_cat-125cm-sex-dolls","9":"product_cat-6ye-doll","10":"product_cat-adult-doll","11":"product_cat-aibei-doll","12":"product_cat-anime-sex-dolls","13":"product_cat-asian-sex-doll","14":"product_cat-axb-doll","15":"product_cat-blonde-sex-doll","16":"product_cat-cheap-sex-doll","17":"product_cat-chubby-sex-dolls","18":"product_cat-climax-doll","19":"product_cat-curvy-sex-dolls","20":"product_cat-dolls-castle","21":"product_cat-elsa-babe","22":"product_cat-fantasy-sex-doll","23":"product_cat-female-sex-dolls","24":"product_cat-fire-doll","25":"product_cat-flat-chested-sex-doll","26":"product_cat-full-body-sex-dolls","27":"product_cat-full-size-sex-dolls","28":"product_cat-girl-sex-dolls","29":"product_cat-hentai-sex-dolls","30":"product_cat-irontech-sex-dolls","31":"product_cat-japanese-sex-dolls","32":"product_cat-life-like-sex-dolls","33":"product_cat-life-size-sex-dolls","34":"product_cat-love-doll","35":"product_cat-miniature-sex-doll","36":"product_cat-petite-sex-dolls","37":"product_cat-qita-doll","38":"product_cat-real-doll","39":"product_cat-skinny-sex-dolls","40":"product_cat-small-breast-sex-doll","41":"product_cat-sy-doll","42":"product_cat-tantaly-sex-doll","43":"product_cat-teen-sex-dolls","44":"product_cat-tiny-sex-dolls","45":"product_cat-tpe-sex-dolls","46":"product_cat-wm-doll","47":"product_cat-young-sex-dolls","48":"product_cat-zelex-doll","50":"first","51":"instock","52":"sale","53":"shipping-taxable","54":"purchasable","55":"product-type-variable","56":"has-default-attributes"},"_links":{"self":[{"href":"https:\/\/www.sexdollmini.com\/lv\/wp-json\/wp\/v2\/product\/17176","targetHints":{"allow":["GET"]}}],"collection":[{"href":"https:\/\/www.sexdollmini.com\/lv\/wp-json\/wp\/v2\/product"}],"about":[{"href":"https:\/\/www.sexdollmini.com\/lv\/wp-json\/wp\/v2\/types\/product"}],"replies":[{"embeddable":true,"href":"https:\/\/www.sexdollmini.com\/lv\/wp-json\/wp\/v2\/comments?post=17176"}],"wp:featuredmedia":[{"embeddable":true,"href":"https:\/\/www.sexdollmini.com\/lv\/wp-json\/wp\/v2\/media\/17208"}],"wp:attachment":[{"href":"https:\/\/www.sexdollmini.com\/lv\/wp-json\/wp\/v2\/media?parent=17176"}],"wp:term":[{"taxonomy":"product_brand","embeddable":true,"href":"https:\/\/www.sexdollmini.com\/lv\/wp-json\/wp\/v2\/product_brand?post=17176"},{"taxonomy":"product_cat","embeddable":true,"href":"https:\/\/www.sexdollmini.com\/lv\/wp-json\/wp\/v2\/product_cat?post=17176"},{"taxonomy":"product_tag","embeddable":true,"href":"https:\/\/www.sexdollmini.com\/lv\/wp-json\/wp\/v2\/product_tag?post=17176"}],"curies":[{"name":"wp","href":"https:\/\/api.w.org\/{rel}","templated":true}]}}