{"id":18881,"date":"2025-09-24T03:21:14","date_gmt":"2025-09-24T10:21:14","guid":{"rendered":"https:\/\/www.sexdollmini.com\/?post_type=product&#038;p=18881"},"modified":"2025-10-14T21:58:06","modified_gmt":"2025-10-15T04:58:06","slug":"elizabeth-140cm-girl-flat-sex-doll","status":"publish","type":"product","link":"https:\/\/www.sexdollmini.com\/lv\/products\/elizabeth-140cm-girl-flat-sex-doll\/","title":{"rendered":"Elizabetes 138 cm plakan\u0101 seksa lelle meiten\u0113m"},"content":{"rendered":"<h2>Seksa le\u013c\u013cu deta\u013cas<\/h2>\n<p>\u0160\u012b 140 cm gar\u0101 seksa lelle ir t\u0113rpta k\u0101 rota\u013c\u012bga meitene. Tai ir iedegusi \u0101das kr\u0101sa, kas liek seksa lellei izskat\u012bties re\u0101listiskai un vesel\u012bgai. Kad sa\u0146emat kailo seksa lelli, t\u0101 var neizskat\u012bties \u012bpa\u0161i dz\u012bvespriec\u012bga, ta\u010du varat to r\u016bp\u012bgi izrot\u0101t ar smalku grimu, par\u016bk\u0101m un m\u012bl\u012bgiem t\u0113rpiem, lai t\u0101 izskat\u012btos v\u0113l m\u012bl\u012bg\u0101ka un re\u0101listisk\u0101ka.<\/p>\n<p>&nbsp;<\/p>\n<p>Augums: 138 cm<br \/>\nKr\u016btis: 65 cm<br \/>\nViduklis: 49 cm<br \/>\nGurni: 75 cm<br \/>\nAn\u0101l\u0101 atveres dzi\u013cums: 17 cm<br \/>\nMaksts dzi\u013cums: 17 cm<br \/>\nMutes dzi\u013cums: 12 cm<br \/>\nNeto svars: 22 kg<br \/>\nBruto svars: 27 kg<\/p>\n<p>&nbsp;<\/p>\n<p>L\u016bdzu, at\u013caujiet 2\u20134 cm manu\u0101l\u0101s m\u0113r\u012b\u0161anas at\u0161\u0137ir\u012bbu manu\u0101l\u0101s m\u0113r\u012b\u0161anas d\u0113\u013c.<\/p>","protected":false},"excerpt":{"rendered":"<p>\u0160\u012b TPE seksa lelle at\u0161\u0137iras no cit\u0101m seksa lell\u0113m ar savu relat\u012bvi plakano kr\u016b\u0161u da\u013cu. Tai ir ar\u012b tr\u012bs izmantojami kan\u0101li: mute, maksts un an\u0101l\u0101 atvere.<\/p>","protected":false},"featured_media":18882,"comment_status":"open","ping_status":"closed","template":"","meta":[],"product_brand":[],"product_cat":[145,59,74,18,81,24,27,23,70,28,30,38,73,41,82,79,62,26,39,66,80,43,40,31,69,32,77,25,33,29,20,21,34,72,19,42,44,71,76,36,35,84,61,75,37,78],"product_tag":[],"class_list":{"0":"post-18881","1":"product","2":"type-product","3":"status-publish","4":"has-post-thumbnail","6":"product_cat-135cm-sex-doll","7":"product_cat-140cm-sex-dolls","8":"product_cat-6ye-doll","9":"product_cat-adult-doll","10":"product_cat-aibei-doll","11":"product_cat-american-sex-doll","12":"product_cat-anime-sex-dolls","13":"product_cat-asian-sex-doll","14":"product_cat-axb-doll","15":"product_cat-blonde-sex-doll","16":"product_cat-cheap-sex-doll","17":"product_cat-chubby-sex-dolls","18":"product_cat-climax-doll","19":"product_cat-curvy-sex-dolls","20":"product_cat-dolls-castle","21":"product_cat-elsa-babe","22":"product_cat-eu-stock-sex-doll","23":"product_cat-european-sex-dolls","24":"product_cat-fantasy-sex-doll","25":"product_cat-female-sex-dolls","26":"product_cat-fire-doll","27":"product_cat-flat-chested-sex-doll","28":"product_cat-full-body-sex-dolls","29":"product_cat-full-size-sex-dolls","30":"product_cat-girl-sex-dolls","31":"product_cat-hentai-sex-dolls","32":"product_cat-irontech-sex-dolls","33":"product_cat-japanese-sex-dolls","34":"product_cat-life-like-sex-dolls","35":"product_cat-life-size-sex-dolls","36":"product_cat-love-doll","37":"product_cat-miniature-sex-doll","38":"product_cat-petite-sex-dolls","39":"product_cat-qita-doll","40":"product_cat-real-doll","41":"product_cat-skinny-sex-dolls","42":"product_cat-small-breast-sex-doll","43":"product_cat-sy-doll","44":"product_cat-tantaly-sex-doll","45":"product_cat-teen-sex-dolls","46":"product_cat-tiny-sex-dolls","47":"product_cat-tpe-sex-dolls","48":"product_cat-us-stock-sex-dolls","49":"product_cat-wm-doll","50":"product_cat-young-sex-dolls","51":"product_cat-zelex-doll","53":"first","54":"instock","55":"sale","56":"shipping-taxable","57":"purchasable","58":"product-type-simple"},"_links":{"self":[{"href":"https:\/\/www.sexdollmini.com\/lv\/wp-json\/wp\/v2\/product\/18881","targetHints":{"allow":["GET"]}}],"collection":[{"href":"https:\/\/www.sexdollmini.com\/lv\/wp-json\/wp\/v2\/product"}],"about":[{"href":"https:\/\/www.sexdollmini.com\/lv\/wp-json\/wp\/v2\/types\/product"}],"replies":[{"embeddable":true,"href":"https:\/\/www.sexdollmini.com\/lv\/wp-json\/wp\/v2\/comments?post=18881"}],"wp:featuredmedia":[{"embeddable":true,"href":"https:\/\/www.sexdollmini.com\/lv\/wp-json\/wp\/v2\/media\/18882"}],"wp:attachment":[{"href":"https:\/\/www.sexdollmini.com\/lv\/wp-json\/wp\/v2\/media?parent=18881"}],"wp:term":[{"taxonomy":"product_brand","embeddable":true,"href":"https:\/\/www.sexdollmini.com\/lv\/wp-json\/wp\/v2\/product_brand?post=18881"},{"taxonomy":"product_cat","embeddable":true,"href":"https:\/\/www.sexdollmini.com\/lv\/wp-json\/wp\/v2\/product_cat?post=18881"},{"taxonomy":"product_tag","embeddable":true,"href":"https:\/\/www.sexdollmini.com\/lv\/wp-json\/wp\/v2\/product_tag?post=18881"}],"curies":[{"name":"wp","href":"https:\/\/api.w.org\/{rel}","templated":true}]}}