{"id":18893,"date":"2025-09-24T06:08:20","date_gmt":"2025-09-24T13:08:20","guid":{"rendered":"https:\/\/www.sexdollmini.com\/?post_type=product&#038;p=18893"},"modified":"2026-05-07T05:01:39","modified_gmt":"2026-05-07T12:01:39","slug":"ellie-65cm-alien-tpe-sex-doll","status":"publish","type":"product","link":"https:\/\/www.sexdollmini.com\/lv\/products\/ellie-65cm-alien-tpe-sex-doll\/","title":{"rendered":"Ellie 65cm sve\u0161zemju TPE seksa lelle"},"content":{"rendered":"<h2>Seksa le\u013c\u013cu deta\u013cas<\/h2>\n<p>\u0160ai 65 cm garajai seksa lellei ir citplan\u0113tietim l\u012bdz\u012bgas sejas iez\u012bmes ar liel\u0101m zil\u0101m ac\u012bm, kas rada m\u012bl\u012bgu un nevain\u012bgu izskatu. Atgrie\u017eoties m\u0101j\u0101s noguris p\u0113c garas darba dienas, tik nevain\u012bgas sejas skats var acumirkl\u012b likt justies \u0113rti un neizskaidrojami piesaist\u012bt tai uzman\u012bbu. Mini seksa lelle ir pl\u0101na un izgatavota no TPE, kam ir m\u012bksta, dz\u012bv\u012bga saj\u016bta. \u0160\u012bs citplan\u0113tie\u0161u seksa lelles cena ir v\u0113l pieejam\u0101ka nek\u0101 dz\u012bva izm\u0113ra seksa lellei.<\/p>\n<p>Augstums: 65 cm<br \/>\nSvars: 3,5 kg<br \/>\nKr\u016b\u0161u apk\u0101rtm\u0113rs: 37 cm<br \/>\nViduklis: 25 cm<br \/>\nGurni: 41 cm<br \/>\nMaksts dzi\u013cums: 10 cm<br \/>\nAn\u0101lais dzi\u013cums: 10 cm<\/p>\n<p>&nbsp;<\/p>\n<p>L\u016bdzu, at\u013caujiet 2\u20134 cm manu\u0101l\u0101s m\u0113r\u012b\u0161anas at\u0161\u0137ir\u012bbu manu\u0101l\u0101s m\u0113r\u012b\u0161anas d\u0113\u013c.<\/p>","protected":false},"excerpt":{"rendered":"<p>65 cm garo seksa lelli ir viegli p\u0101rvietot, un to var pat pacelt vai nolikt ar vienu roku, kas ir \u013coti \u0113rti sp\u0113l\u0113t\u0101jiem, kuri bie\u017ei ce\u013co vai kuriem ir gr\u016bt\u012bbas p\u0101rvietoties.<\/p>","protected":false},"featured_media":18915,"comment_status":"open","ping_status":"closed","template":"","meta":[],"product_brand":[],"product_cat":[48,74,49,18,81,24,27,23,70,28,30,38,73,41,82,79,39,66,80,40,31,69,32,77,25,33,29,20,148,21,34,72,19,42,71,76,36,35,84,61,75,37,78],"product_tag":[],"class_list":{"0":"post-18893","1":"product","2":"type-product","3":"status-publish","4":"has-post-thumbnail","6":"product_cat-65cm-sex-dolls","7":"product_cat-6ye-doll","8":"product_cat-70cm-sex-dolls","9":"product_cat-adult-doll","10":"product_cat-aibei-doll","11":"product_cat-american-sex-doll","12":"product_cat-anime-sex-dolls","13":"product_cat-asian-sex-doll","14":"product_cat-axb-doll","15":"product_cat-blonde-sex-doll","16":"product_cat-cheap-sex-doll","17":"product_cat-chubby-sex-dolls","18":"product_cat-climax-doll","19":"product_cat-curvy-sex-dolls","20":"product_cat-dolls-castle","21":"product_cat-elsa-babe","22":"product_cat-fantasy-sex-doll","23":"product_cat-female-sex-dolls","24":"product_cat-fire-doll","25":"product_cat-full-body-sex-dolls","26":"product_cat-full-size-sex-dolls","27":"product_cat-girl-sex-dolls","28":"product_cat-hentai-sex-dolls","29":"product_cat-irontech-sex-dolls","30":"product_cat-japanese-sex-dolls","31":"product_cat-life-like-sex-dolls","32":"product_cat-life-size-sex-dolls","33":"product_cat-love-doll","34":"product_cat-midget-sex-doll","35":"product_cat-miniature-sex-doll","36":"product_cat-petite-sex-dolls","37":"product_cat-qita-doll","38":"product_cat-real-doll","39":"product_cat-skinny-sex-dolls","40":"product_cat-sy-doll","41":"product_cat-tantaly-sex-doll","42":"product_cat-teen-sex-dolls","43":"product_cat-tiny-sex-dolls","44":"product_cat-tpe-sex-dolls","45":"product_cat-us-stock-sex-dolls","46":"product_cat-wm-doll","47":"product_cat-young-sex-dolls","48":"product_cat-zelex-doll","50":"first","51":"instock","52":"sale","53":"shipping-taxable","54":"purchasable","55":"product-type-simple"},"_links":{"self":[{"href":"https:\/\/www.sexdollmini.com\/lv\/wp-json\/wp\/v2\/product\/18893","targetHints":{"allow":["GET"]}}],"collection":[{"href":"https:\/\/www.sexdollmini.com\/lv\/wp-json\/wp\/v2\/product"}],"about":[{"href":"https:\/\/www.sexdollmini.com\/lv\/wp-json\/wp\/v2\/types\/product"}],"replies":[{"embeddable":true,"href":"https:\/\/www.sexdollmini.com\/lv\/wp-json\/wp\/v2\/comments?post=18893"}],"wp:featuredmedia":[{"embeddable":true,"href":"https:\/\/www.sexdollmini.com\/lv\/wp-json\/wp\/v2\/media\/18915"}],"wp:attachment":[{"href":"https:\/\/www.sexdollmini.com\/lv\/wp-json\/wp\/v2\/media?parent=18893"}],"wp:term":[{"taxonomy":"product_brand","embeddable":true,"href":"https:\/\/www.sexdollmini.com\/lv\/wp-json\/wp\/v2\/product_brand?post=18893"},{"taxonomy":"product_cat","embeddable":true,"href":"https:\/\/www.sexdollmini.com\/lv\/wp-json\/wp\/v2\/product_cat?post=18893"},{"taxonomy":"product_tag","embeddable":true,"href":"https:\/\/www.sexdollmini.com\/lv\/wp-json\/wp\/v2\/product_tag?post=18893"}],"curies":[{"name":"wp","href":"https:\/\/api.w.org\/{rel}","templated":true}]}}