{"id":18968,"date":"2025-09-25T06:56:17","date_gmt":"2025-09-25T13:56:17","guid":{"rendered":"https:\/\/www.sexdollmini.com\/?post_type=product&#038;p=18968"},"modified":"2026-04-04T17:47:23","modified_gmt":"2026-04-05T00:47:23","slug":"alice-soft-tpe-100cm-sex-doll","status":"publish","type":"product","link":"https:\/\/www.sexdollmini.com\/lv\/products\/alice-soft-tpe-100cm-sex-doll\/","title":{"rendered":"Alises m\u012bkst\u0101 Tpe 100 cm seksa lelle"},"content":{"rendered":"<p>100 cm seksa lelle parasti sver tikai 11\u201312 kg. Maz\u0101k\u0101m seksa lell\u0113m ir ar\u012b mute, vag\u012bna un an\u0101lais atv\u0113rums. Dzimumakts ar mini seksa lelli ir sal\u012bdzin\u0101ms ar apa\u013c\u012bgas seksa lelles pieredzi. Sal\u012bdzinot ar dabiska izm\u0113ra seksa lell\u0113m, mini seksa lelles ir viegl\u0101k n\u0113s\u0101t, novietot un main\u012bt poz\u012bcijas, iev\u0113rojami samazinot lieto\u0161anas un t\u012br\u012b\u0161anas fizisko slodzi. T\u0101s ar\u012b rada maz\u0101ku uzglab\u0101\u0161anas spiedienu, ja uzglab\u0101\u0161anas vieta ir ierobe\u017eota.<\/p>\n<p>&nbsp;<\/p>\n<div style=\"overflow-x: auto;\">\n<table style=\"border-collapse: collapse; width: 100%; border: 1px solid #eee; border-radius: 5px; overflow: hidden;\">\n<tbody>\n<tr style=\"background-color: black; color: white; text-align: center;\">\n<td style=\"font-weight: bold; border: 1px solid #eee; padding: 8px;\">Augstums<\/td>\n<td style=\"border: 1px solid #eee; padding: 8px;\">100 cm<\/td>\n<td style=\"border: 1px solid #eee; padding: 8px;\">110 cm<\/td>\n<td style=\"border: 1px solid #eee; padding: 8px;\">125 cm<\/td>\n<\/tr>\n<tr style=\"background-color: white; text-align: center;\">\n<td style=\"font-weight: bold; border: 1px solid #eee; padding: 8px;\">Kr\u016btis<\/td>\n<td style=\"border: 1px solid #eee; padding: 8px;\">55<\/td>\n<td style=\"border: 1px solid #eee; padding: 8px;\">55<\/td>\n<td style=\"border: 1px solid #eee; padding: 8px;\">61<\/td>\n<\/tr>\n<tr style=\"background-color: #f7f7f7; text-align: center;\">\n<td style=\"font-weight: bold; border: 1px solid #eee; padding: 8px;\">Viduklis<\/td>\n<td style=\"border: 1px solid #eee; padding: 8px;\">36<\/td>\n<td style=\"border: 1px solid #eee; padding: 8px;\">35<\/td>\n<td style=\"border: 1px solid #eee; padding: 8px;\">39<\/td>\n<\/tr>\n<tr style=\"background-color: white; text-align: center;\">\n<td style=\"font-weight: bold; border: 1px solid #eee; padding: 8px;\">Gurns<\/td>\n<td style=\"border: 1px solid #eee; padding: 8px;\">58<\/td>\n<td style=\"border: 1px solid #eee; padding: 8px;\">59<\/td>\n<td style=\"border: 1px solid #eee; padding: 8px;\">71<\/td>\n<\/tr>\n<tr style=\"background-color: #f7f7f7; text-align: center;\">\n<td style=\"font-weight: bold; border: 1px solid #eee; padding: 8px;\">Kakls<\/td>\n<td style=\"border: 1px solid #eee; padding: 8px;\">18<\/td>\n<td style=\"border: 1px solid #eee; padding: 8px;\">11<\/td>\n<td style=\"border: 1px solid #eee; padding: 8px;\">22<\/td>\n<\/tr>\n<tr style=\"background-color: white; text-align: center;\">\n<td style=\"font-weight: bold; border: 1px solid #eee; padding: 8px;\">Plecu platums<\/td>\n<td style=\"border: 1px solid #eee; padding: 8px;\">19<\/td>\n<td style=\"border: 1px solid #eee; padding: 8px;\">19<\/td>\n<td style=\"border: 1px solid #eee; padding: 8px;\">24<\/td>\n<\/tr>\n<tr style=\"background-color: #f7f7f7; text-align: center;\">\n<td style=\"font-weight: bold; border: 1px solid #eee; padding: 8px;\">Rokas garums<\/td>\n<td style=\"border: 1px solid #eee; padding: 8px;\">41<\/td>\n<td style=\"border: 1px solid #eee; padding: 8px;\">41<\/td>\n<td style=\"border: 1px solid #eee; padding: 8px;\">50<\/td>\n<\/tr>\n<tr style=\"background-color: white; text-align: center;\">\n<td style=\"font-weight: bold; border: 1px solid #eee; padding: 8px;\">Aug\u0161stilba garums<\/td>\n<td style=\"border: 1px solid #eee; padding: 8px;\">20<\/td>\n<td style=\"border: 1px solid #eee; padding: 8px;\">22<\/td>\n<td style=\"border: 1px solid #eee; padding: 8px;\">25<\/td>\n<\/tr>\n<tr style=\"background-color: #f7f7f7; text-align: center;\">\n<td style=\"font-weight: bold; border: 1px solid #eee; padding: 8px;\">Aug\u0161stilba apk\u0101rtm\u0113rs<\/td>\n<td style=\"border: 1px solid #eee; padding: 8px;\">32<\/td>\n<td style=\"border: 1px solid #eee; padding: 8px;\">33<\/td>\n<td style=\"border: 1px solid #eee; padding: 8px;\">29<\/td>\n<\/tr>\n<tr style=\"background-color: white; text-align: center;\">\n<td style=\"font-weight: bold; border: 1px solid #eee; padding: 8px;\">K\u0101ju garums<\/td>\n<td style=\"border: 1px solid #eee; padding: 8px;\">25<\/td>\n<td style=\"border: 1px solid #eee; padding: 8px;\">29<\/td>\n<td style=\"border: 1px solid #eee; padding: 8px;\">37<\/td>\n<\/tr>\n<tr style=\"background-color: #f7f7f7; text-align: center;\">\n<td style=\"font-weight: bold; border: 1px solid #eee; padding: 8px;\">Palma<\/td>\n<td style=\"border: 1px solid #eee; padding: 8px;\">11<\/td>\n<td style=\"border: 1px solid #eee; padding: 8px;\">11<\/td>\n<td style=\"border: 1px solid #eee; padding: 8px;\">12.5<\/td>\n<\/tr>\n<tr style=\"background-color: white; text-align: center;\">\n<td style=\"font-weight: bold; border: 1px solid #eee; padding: 8px;\">P\u0113das gar\u0161<\/td>\n<td style=\"border: 1px solid #eee; padding: 8px;\">13<\/td>\n<td style=\"border: 1px solid #eee; padding: 8px;\">15<\/td>\n<td style=\"border: 1px solid #eee; padding: 8px;\">15<\/td>\n<\/tr>\n<tr style=\"background-color: #f7f7f7; text-align: center;\">\n<td style=\"font-weight: bold; border: 1px solid #eee; padding: 8px;\">Neto svars<\/td>\n<td style=\"border: 1px solid #eee; padding: 8px;\">12.5<\/td>\n<td style=\"border: 1px solid #eee; padding: 8px;\">14<\/td>\n<td style=\"border: 1px solid #eee; padding: 8px;\">17<\/td>\n<\/tr>\n<tr style=\"background-color: white; text-align: center;\">\n<td style=\"font-weight: bold; border: 1px solid #eee; padding: 8px;\">Mutes dzi\u013cums<\/td>\n<td style=\"border: 1px solid #eee; padding: 8px;\">12<\/td>\n<td style=\"border: 1px solid #eee; padding: 8px;\">12<\/td>\n<td style=\"border: 1px solid #eee; padding: 8px;\">15<\/td>\n<\/tr>\n<tr style=\"background-color: #f7f7f7; text-align: center;\">\n<td style=\"font-weight: bold; border: 1px solid #eee; padding: 8px;\">Maksts dzi\u013cums<\/td>\n<td style=\"border: 1px solid #eee; padding: 8px;\">15<\/td>\n<td style=\"border: 1px solid #eee; padding: 8px;\">15<\/td>\n<td style=\"border: 1px solid #eee; padding: 8px;\">16<\/td>\n<\/tr>\n<tr style=\"background-color: white; text-align: center;\">\n<td style=\"font-weight: bold; border: 1px solid #eee; padding: 8px;\">An\u0101l\u0101s atveres dzi\u013cums<\/td>\n<td style=\"border: 1px solid #eee; padding: 8px;\">15<\/td>\n<td style=\"border: 1px solid #eee; padding: 8px;\">15<\/td>\n<td style=\"border: 1px solid #eee; padding: 8px;\">16<\/td>\n<\/tr>\n<tr style=\"background-color: #f7f7f7; text-align: center;\">\n<td style=\"font-weight: bold; border: 1px solid #eee; padding: 8px;\">Iepakot\u0101 svara<\/td>\n<td style=\"border: 1px solid #eee; padding: 8px;\">14<\/td>\n<td style=\"border: 1px solid #eee; padding: 8px;\">16<\/td>\n<td style=\"border: 1px solid #eee; padding: 8px;\">19.5<\/td>\n<\/tr>\n<tr style=\"background-color: white; text-align: center;\">\n<td style=\"font-weight: bold; border: 1px solid #eee; padding: 8px;\">Iepakojuma izm\u0113rs<\/td>\n<td style=\"border: 1px solid #eee; padding: 8px;\">92*30*22<\/td>\n<td style=\"border: 1px solid #eee; padding: 8px;\">97*30*22<\/td>\n<td style=\"border: 1px solid #eee; padding: 8px;\">113*30*22<\/td>\n<\/tr>\n<tr style=\"background-color: #f7f7f7; text-align: center;\">\n<td style=\"font-weight: bold; border: 1px solid #eee; padding: 8px;\">Paku saraksts<\/td>\n<td style=\"border: 1px solid #eee; padding: 8px;\" colspan=\"3\">Komplekt\u0101 ietilpst: 1 seksa lelle, 1 nejau\u0161i izv\u0113l\u0113ta par\u016bka, 1 acu p\u0101ris, 1 nejau\u0161i izv\u0113l\u0113ts apak\u0161ve\u013cas komplekts, 1 cimdu p\u0101ris un 1 \u0137emme.<\/td>\n<\/tr>\n<\/tbody>\n<\/table>\n<\/div>\n<p style=\"font-size: 14px; color: #555; text-align: center; margin-top: 10px;\">Piez\u012bme: Visi m\u0113r\u012bjumi tiek veikti manu\u0101li. Novirze 1\u20133 cm tiek uzskat\u012bta par norm\u0101lu.<\/p>\n\n<p>&nbsp;<\/p>\n<p>&nbsp;<\/p>","protected":false},"excerpt":{"rendered":"<p>No TPE materi\u0101la izgatavot\u0101m seksa lell\u0113m ir m\u012bkst\u0101ka \u0101da nek\u0101 silikona seksa lell\u0113m, un t\u0101s ir izdev\u012bg\u0101kas.<\/p>","protected":false},"featured_media":18980,"comment_status":"open","ping_status":"closed","template":"","meta":[],"product_brand":[],"product_cat":[53,55,56,57,74,18,81,24,27,23,64,70,28,65,30,38,73,41,82,79,62,26,39,66,80,40,31,69,32,77,25,33,29,20,148,21,34,72,19,42,44,71,76,36,35,84,63,61,75,37,78],"product_tag":[],"class_list":{"0":"post-18968","1":"product","2":"type-product","3":"status-publish","4":"has-post-thumbnail","6":"product_cat-100cm-sex-dolls","7":"product_cat-110cm-sex-dolls","8":"product_cat-120cm-sex-dolls","9":"product_cat-125cm-sex-dolls","10":"product_cat-6ye-doll","11":"product_cat-adult-doll","12":"product_cat-aibei-doll","13":"product_cat-american-sex-doll","14":"product_cat-anime-sex-dolls","15":"product_cat-asian-sex-doll","16":"product_cat-australia-stock-sex-doll","17":"product_cat-axb-doll","18":"product_cat-blonde-sex-doll","19":"product_cat-canada-stock-sex-doll","20":"product_cat-cheap-sex-doll","21":"product_cat-chubby-sex-dolls","22":"product_cat-climax-doll","23":"product_cat-curvy-sex-dolls","24":"product_cat-dolls-castle","25":"product_cat-elsa-babe","26":"product_cat-eu-stock-sex-doll","27":"product_cat-european-sex-dolls","28":"product_cat-fantasy-sex-doll","29":"product_cat-female-sex-dolls","30":"product_cat-fire-doll","31":"product_cat-full-body-sex-dolls","32":"product_cat-full-size-sex-dolls","33":"product_cat-girl-sex-dolls","34":"product_cat-hentai-sex-dolls","35":"product_cat-irontech-sex-dolls","36":"product_cat-japanese-sex-dolls","37":"product_cat-life-like-sex-dolls","38":"product_cat-life-size-sex-dolls","39":"product_cat-love-doll","40":"product_cat-midget-sex-doll","41":"product_cat-miniature-sex-doll","42":"product_cat-petite-sex-dolls","43":"product_cat-qita-doll","44":"product_cat-real-doll","45":"product_cat-skinny-sex-dolls","46":"product_cat-small-breast-sex-doll","47":"product_cat-sy-doll","48":"product_cat-tantaly-sex-doll","49":"product_cat-teen-sex-dolls","50":"product_cat-tiny-sex-dolls","51":"product_cat-tpe-sex-dolls","52":"product_cat-uk-stock-sex-doll","53":"product_cat-us-stock-sex-dolls","54":"product_cat-wm-doll","55":"product_cat-young-sex-dolls","56":"product_cat-zelex-doll","58":"first","59":"instock","60":"sale","61":"shipping-taxable","62":"purchasable","63":"product-type-variable","64":"has-default-attributes"},"_links":{"self":[{"href":"https:\/\/www.sexdollmini.com\/lv\/wp-json\/wp\/v2\/product\/18968","targetHints":{"allow":["GET"]}}],"collection":[{"href":"https:\/\/www.sexdollmini.com\/lv\/wp-json\/wp\/v2\/product"}],"about":[{"href":"https:\/\/www.sexdollmini.com\/lv\/wp-json\/wp\/v2\/types\/product"}],"replies":[{"embeddable":true,"href":"https:\/\/www.sexdollmini.com\/lv\/wp-json\/wp\/v2\/comments?post=18968"}],"wp:featuredmedia":[{"embeddable":true,"href":"https:\/\/www.sexdollmini.com\/lv\/wp-json\/wp\/v2\/media\/18980"}],"wp:attachment":[{"href":"https:\/\/www.sexdollmini.com\/lv\/wp-json\/wp\/v2\/media?parent=18968"}],"wp:term":[{"taxonomy":"product_brand","embeddable":true,"href":"https:\/\/www.sexdollmini.com\/lv\/wp-json\/wp\/v2\/product_brand?post=18968"},{"taxonomy":"product_cat","embeddable":true,"href":"https:\/\/www.sexdollmini.com\/lv\/wp-json\/wp\/v2\/product_cat?post=18968"},{"taxonomy":"product_tag","embeddable":true,"href":"https:\/\/www.sexdollmini.com\/lv\/wp-json\/wp\/v2\/product_tag?post=18968"}],"curies":[{"name":"wp","href":"https:\/\/api.w.org\/{rel}","templated":true}]}}