{"id":19032,"date":"2025-09-26T01:16:31","date_gmt":"2025-09-26T08:16:31","guid":{"rendered":"https:\/\/www.sexdollmini.com\/?post_type=product&#038;p=19032"},"modified":"2026-03-28T18:44:02","modified_gmt":"2026-03-29T01:44:02","slug":"aisling-140cm-tpe-flat-sex-doll","status":"publish","type":"product","link":"https:\/\/www.sexdollmini.com\/lv\/products\/aisling-140cm-tpe-flat-sex-doll\/","title":{"rendered":"Aisling 135cm TPE plakan\u0101 seksa lelle"},"content":{"rendered":"<h2>Seksa le\u013c\u013cu deta\u013cas<\/h2>\n<p>\u0160ai 140 cm garajai seksa lellei ir plakanas kr\u016btis, kas ir daudz maz\u0101kas nek\u0101 cit\u0101m seksa lell\u0113m, pie\u0161\u0137irot tai slaidu un tievu fig\u016bru. Tom\u0113r t\u0101s mute, maksts un an\u0101lais atvere ir piln\u012bb\u0101 ievietojamas, nodro\u0161inot t\u0101du pa\u0161u funkcionalit\u0101ti k\u0101 \u012bstam cilv\u0113kam. Dz\u012bves izm\u0113ra seksa lelles izskat\u0101s re\u0101listisk\u0101kas, radot skaistu papildin\u0101jumu jebkurai m\u0101jai.<\/p>\n<p>&nbsp;<\/p>\n<p>Augstums: 135 cm<br \/>\nKr\u016btis: 65 cm<br \/>\nViduklis: 49 cm<br \/>\nGurni: 75 cm<br \/>\nAn\u0101l\u0101 atveres dzi\u013cums: 17 cm<br \/>\nMaksts dzi\u013cums: 17 cm<br \/>\nMutes dzi\u013cums: 12 cm<br \/>\nNeto svars: 23 kg<br \/>\nBruto svars: 30 kg<br \/>\nIepakojuma izm\u0113ri: 132*40*29cm<\/p>\n<p>&nbsp;<\/p>\n<p>L\u016bdzu, at\u013caujiet 2\u20134 cm manu\u0101l\u0101s m\u0113r\u012b\u0161anas at\u0161\u0137ir\u012bbu manu\u0101l\u0101s m\u0113r\u012b\u0161anas d\u0113\u013c.<\/p>","protected":false},"excerpt":{"rendered":"<p>TPE seksa lelles ir r\u016bp\u012bgi izstr\u0101d\u0101tas ar kosm\u0113tiku un ap\u0123\u0113rbu, lai rad\u012btu dz\u012bv\u012bgu izskatu.<\/p>","protected":false},"featured_media":19035,"comment_status":"open","ping_status":"closed","template":"","meta":[],"product_brand":[],"product_cat":[145,59,74,18,81,24,27,23,70,28,30,38,73,41,82,79,62,26,39,66,80,43,40,31,69,32,77,25,33,29,20,34,72,19,42,44,71,76,36,35,84,61,75,37,78],"product_tag":[],"class_list":{"0":"post-19032","1":"product","2":"type-product","3":"status-publish","4":"has-post-thumbnail","6":"product_cat-135cm-sex-doll","7":"product_cat-140cm-sex-dolls","8":"product_cat-6ye-doll","9":"product_cat-adult-doll","10":"product_cat-aibei-doll","11":"product_cat-american-sex-doll","12":"product_cat-anime-sex-dolls","13":"product_cat-asian-sex-doll","14":"product_cat-axb-doll","15":"product_cat-blonde-sex-doll","16":"product_cat-cheap-sex-doll","17":"product_cat-chubby-sex-dolls","18":"product_cat-climax-doll","19":"product_cat-curvy-sex-dolls","20":"product_cat-dolls-castle","21":"product_cat-elsa-babe","22":"product_cat-eu-stock-sex-doll","23":"product_cat-european-sex-dolls","24":"product_cat-fantasy-sex-doll","25":"product_cat-female-sex-dolls","26":"product_cat-fire-doll","27":"product_cat-flat-chested-sex-doll","28":"product_cat-full-body-sex-dolls","29":"product_cat-full-size-sex-dolls","30":"product_cat-girl-sex-dolls","31":"product_cat-hentai-sex-dolls","32":"product_cat-irontech-sex-dolls","33":"product_cat-japanese-sex-dolls","34":"product_cat-life-like-sex-dolls","35":"product_cat-life-size-sex-dolls","36":"product_cat-love-doll","37":"product_cat-petite-sex-dolls","38":"product_cat-qita-doll","39":"product_cat-real-doll","40":"product_cat-skinny-sex-dolls","41":"product_cat-small-breast-sex-doll","42":"product_cat-sy-doll","43":"product_cat-tantaly-sex-doll","44":"product_cat-teen-sex-dolls","45":"product_cat-tiny-sex-dolls","46":"product_cat-tpe-sex-dolls","47":"product_cat-us-stock-sex-dolls","48":"product_cat-wm-doll","49":"product_cat-young-sex-dolls","50":"product_cat-zelex-doll","52":"first","53":"instock","54":"sale","55":"shipping-taxable","56":"purchasable","57":"product-type-simple"},"_links":{"self":[{"href":"https:\/\/www.sexdollmini.com\/lv\/wp-json\/wp\/v2\/product\/19032","targetHints":{"allow":["GET"]}}],"collection":[{"href":"https:\/\/www.sexdollmini.com\/lv\/wp-json\/wp\/v2\/product"}],"about":[{"href":"https:\/\/www.sexdollmini.com\/lv\/wp-json\/wp\/v2\/types\/product"}],"replies":[{"embeddable":true,"href":"https:\/\/www.sexdollmini.com\/lv\/wp-json\/wp\/v2\/comments?post=19032"}],"wp:featuredmedia":[{"embeddable":true,"href":"https:\/\/www.sexdollmini.com\/lv\/wp-json\/wp\/v2\/media\/19035"}],"wp:attachment":[{"href":"https:\/\/www.sexdollmini.com\/lv\/wp-json\/wp\/v2\/media?parent=19032"}],"wp:term":[{"taxonomy":"product_brand","embeddable":true,"href":"https:\/\/www.sexdollmini.com\/lv\/wp-json\/wp\/v2\/product_brand?post=19032"},{"taxonomy":"product_cat","embeddable":true,"href":"https:\/\/www.sexdollmini.com\/lv\/wp-json\/wp\/v2\/product_cat?post=19032"},{"taxonomy":"product_tag","embeddable":true,"href":"https:\/\/www.sexdollmini.com\/lv\/wp-json\/wp\/v2\/product_tag?post=19032"}],"curies":[{"name":"wp","href":"https:\/\/api.w.org\/{rel}","templated":true}]}}