{"id":16268,"date":"2025-06-09T00:33:45","date_gmt":"2025-06-09T07:33:45","guid":{"rendered":"https:\/\/www.sexdollmini.com\/?post_type=product&#038;p=16268"},"modified":"2025-08-03T19:23:46","modified_gmt":"2025-08-04T02:23:46","slug":"orva-flat-half-body-sex-doll-torso","status":"publish","type":"product","link":"https:\/\/www.sexdollmini.com\/nb\/produkt\/orva-flat-half-body-sex-doll-torso\/","title":{"rendered":"Orva Flat Halvkropp Sexdukke Torso"},"content":{"rendered":"<h2>Detaljer om sexdukker<\/h2>\n<p>Den flatbrystede sexdukke-torsoen er veldig popul\u00e6r blant spillere, og det flate brystet er det som kjennetegner denne sexdukken. Den kan ikke bare dekke dine seksuelle behov, men ogs\u00e5 samles som en skatt. Den flatbrystede halvkropps-sexdukke-torsoen er enkel \u00e5 oppbevare og flytte. Hvis du ofte trenger \u00e5 flytte eller reise, vil du ikke ha mye problemer med \u00e5 samle denne sexdukken, og halvkropps-sexdukke-torsoen kan spare mye plass.<\/p>\n<p>H\u00f8yde: 47 cm<br \/>\nBryst: 47 cm<br \/>\nMidje: 42 cm<br \/>\nHofte: 70 cm<br \/>\nSkulderbredde: 25 cm<br \/>\nVaginadybde: 16 cm<br \/>\nAnusdybde: 16 cm<br \/>\nNettovekt: 9 kg<br \/>\nBoksspesifikasjon: 65*34*29<br \/>\nBruttovekt: 12 kg<\/p>\n<p>&nbsp;<\/p>\n<p>Vennligst tillat 2-4 cm manuell m\u00e5leforskjell p\u00e5 grunn av manuell m\u00e5ling.<\/p>","protected":false},"excerpt":{"rendered":"<p>Tips for stell av sexdukker: Unng\u00e5 \u00e5 velge m\u00f8rke kl\u00e6r til sexdukker, og unng\u00e5 at m\u00f8rke kl\u00e6r kommer i kontakt med TPE-materialer over lengre tid for \u00e5 unng\u00e5 flekker.<br \/>\nHvis du vil at sexdukken skal vare lenger, anbefales det \u00e5 velge en myk pute til sexdukken og holde dukken i en naturlig holdning.<\/p>","protected":false},"featured_media":16270,"comment_status":"open","ping_status":"closed","template":"","meta":[],"product_brand":[],"product_cat":[18,73,82,79,66,80,43,146,20,21,34,60,42,71,84,75,78],"product_tag":[],"class_list":{"0":"post-16268","1":"product","2":"type-product","3":"status-publish","4":"has-post-thumbnail","6":"product_cat-adult-doll","7":"product_cat-climax-doll","8":"product_cat-dolls-castle","9":"product_cat-elsa-babe","10":"product_cat-female-sex-dolls","11":"product_cat-fire-doll","12":"product_cat-flat-chested-sex-doll","13":"product_cat-half-body-sex-doll-torso","14":"product_cat-love-doll","15":"product_cat-miniature-sex-doll","16":"product_cat-petite-sex-dolls","17":"product_cat-sex-doll-torso","18":"product_cat-skinny-sex-dolls","19":"product_cat-sy-doll","20":"product_cat-tpe-sex-dolls","21":"product_cat-wm-doll","22":"product_cat-zelex-doll","24":"first","25":"instock","26":"sale","27":"shipping-taxable","28":"purchasable","29":"product-type-simple"},"_links":{"self":[{"href":"https:\/\/www.sexdollmini.com\/nb\/wp-json\/wp\/v2\/product\/16268","targetHints":{"allow":["GET"]}}],"collection":[{"href":"https:\/\/www.sexdollmini.com\/nb\/wp-json\/wp\/v2\/product"}],"about":[{"href":"https:\/\/www.sexdollmini.com\/nb\/wp-json\/wp\/v2\/types\/product"}],"replies":[{"embeddable":true,"href":"https:\/\/www.sexdollmini.com\/nb\/wp-json\/wp\/v2\/comments?post=16268"}],"wp:featuredmedia":[{"embeddable":true,"href":"https:\/\/www.sexdollmini.com\/nb\/wp-json\/wp\/v2\/media\/16270"}],"wp:attachment":[{"href":"https:\/\/www.sexdollmini.com\/nb\/wp-json\/wp\/v2\/media?parent=16268"}],"wp:term":[{"taxonomy":"product_brand","embeddable":true,"href":"https:\/\/www.sexdollmini.com\/nb\/wp-json\/wp\/v2\/product_brand?post=16268"},{"taxonomy":"product_cat","embeddable":true,"href":"https:\/\/www.sexdollmini.com\/nb\/wp-json\/wp\/v2\/product_cat?post=16268"},{"taxonomy":"product_tag","embeddable":true,"href":"https:\/\/www.sexdollmini.com\/nb\/wp-json\/wp\/v2\/product_tag?post=16268"}],"curies":[{"name":"wp","href":"https:\/\/api.w.org\/{rel}","templated":true}]}}