{"id":16523,"date":"2025-06-12T22:00:37","date_gmt":"2025-06-13T05:00:37","guid":{"rendered":"https:\/\/www.sexdollmini.com\/?post_type=product&#038;p=16523"},"modified":"2026-05-15T23:46:57","modified_gmt":"2026-05-16T06:46:57","slug":"allegra-100cm-silicone-head-sex-doll","status":"publish","type":"product","link":"https:\/\/www.sexdollmini.com\/nb\/produkt\/allegra-100cm-silicone-head-sex-doll\/","title":{"rendered":"Allegra 100cm silikonhode sexdukke"},"content":{"rendered":"<h2>Detaljer om sexdukker<\/h2>\n<p>Kroppen til Allegra sexdukken er laget av TPE-materiale, noe som ikke bare gir den en realistisk hudf\u00f8lelse, men ogs\u00e5 gj\u00f8r sexdukken mer kostnadseffektiv. Sexdukkens hode er laget av silikon. Sexdukker laget av silikondukker har ikke oralsex, men silikonhodet kan gj\u00f8re dukken mer realistisk og levende. Sexdukkens store bryster er fulle av elastisitet, og i tillegg kan den stramme skjeden og anus brukes.<\/p>\n<p>H\u00f8yde: 100 cm<br \/>\nVekt: 13 kg<br \/>\nBryst: 60 cm<br \/>\nMidje: 36 cm<br \/>\nHofte: 60 cm<br \/>\nSkulderbredde: 20 cm<br \/>\nArmlengde: 31 cm<br \/>\nH\u00e5ndlengde: 12 cm<br \/>\nBenlengde: 50 cm<br \/>\nFotlengde: 14 cm<br \/>\nArmomkrets: 17 cm<br \/>\nL\u00e5romkrets: 34 cm<br \/>\nLeggomkrets: 20 cm<br \/>\nHalsutringning: 19 cm<br \/>\nVaginal dybde: 15 cm<br \/>\nAnaldybde: 11 cm<br \/>\nPakkem\u00e5l: 95 * 30 * 28 cm<\/p>\n<p>&nbsp;<\/p>\n<p>Vennligst tillat 2-4 cm manuell m\u00e5leforskjell p\u00e5 grunn av manuell m\u00e5ling.<\/p>","protected":false},"excerpt":{"rendered":"<p>Denne vakre sexdukken p\u00e5 100 cm har et silikonhode og en TPE-kropp, noe som gj\u00f8r den til en perfekt match blant sexdukker.<\/p>","protected":false},"featured_media":16569,"comment_status":"open","ping_status":"closed","template":"","meta":[],"product_brand":[],"product_cat":[53,74,18,81,24,27,23,64,70,28,65,30,38,73,41,82,79,62,26,39,66,80,40,31,69,32,77,25,33,29,20,21,34,72,19,85,42,71,76,36,35,84,63,61,75,37,78],"product_tag":[],"class_list":{"0":"post-16523","1":"product","2":"type-product","3":"status-publish","4":"has-post-thumbnail","6":"product_cat-100cm-sex-dolls","7":"product_cat-6ye-doll","8":"product_cat-adult-doll","9":"product_cat-aibei-doll","10":"product_cat-american-sex-doll","11":"product_cat-anime-sex-dolls","12":"product_cat-asian-sex-doll","13":"product_cat-australia-stock-sex-doll","14":"product_cat-axb-doll","15":"product_cat-blonde-sex-doll","16":"product_cat-canada-stock-sex-doll","17":"product_cat-cheap-sex-doll","18":"product_cat-chubby-sex-dolls","19":"product_cat-climax-doll","20":"product_cat-curvy-sex-dolls","21":"product_cat-dolls-castle","22":"product_cat-elsa-babe","23":"product_cat-eu-stock-sex-doll","24":"product_cat-european-sex-dolls","25":"product_cat-fantasy-sex-doll","26":"product_cat-female-sex-dolls","27":"product_cat-fire-doll","28":"product_cat-full-body-sex-dolls","29":"product_cat-full-size-sex-dolls","30":"product_cat-girl-sex-dolls","31":"product_cat-hentai-sex-dolls","32":"product_cat-irontech-sex-dolls","33":"product_cat-japanese-sex-dolls","34":"product_cat-life-like-sex-dolls","35":"product_cat-life-size-sex-dolls","36":"product_cat-love-doll","37":"product_cat-miniature-sex-doll","38":"product_cat-petite-sex-dolls","39":"product_cat-qita-doll","40":"product_cat-real-doll","41":"product_cat-silicone-sex-dolls","42":"product_cat-skinny-sex-dolls","43":"product_cat-sy-doll","44":"product_cat-tantaly-sex-doll","45":"product_cat-teen-sex-dolls","46":"product_cat-tiny-sex-dolls","47":"product_cat-tpe-sex-dolls","48":"product_cat-uk-stock-sex-doll","49":"product_cat-us-stock-sex-dolls","50":"product_cat-wm-doll","51":"product_cat-young-sex-dolls","52":"product_cat-zelex-doll","54":"first","55":"instock","56":"sale","57":"shipping-taxable","58":"purchasable","59":"product-type-simple"},"_links":{"self":[{"href":"https:\/\/www.sexdollmini.com\/nb\/wp-json\/wp\/v2\/product\/16523","targetHints":{"allow":["GET"]}}],"collection":[{"href":"https:\/\/www.sexdollmini.com\/nb\/wp-json\/wp\/v2\/product"}],"about":[{"href":"https:\/\/www.sexdollmini.com\/nb\/wp-json\/wp\/v2\/types\/product"}],"replies":[{"embeddable":true,"href":"https:\/\/www.sexdollmini.com\/nb\/wp-json\/wp\/v2\/comments?post=16523"}],"wp:featuredmedia":[{"embeddable":true,"href":"https:\/\/www.sexdollmini.com\/nb\/wp-json\/wp\/v2\/media\/16569"}],"wp:attachment":[{"href":"https:\/\/www.sexdollmini.com\/nb\/wp-json\/wp\/v2\/media?parent=16523"}],"wp:term":[{"taxonomy":"product_brand","embeddable":true,"href":"https:\/\/www.sexdollmini.com\/nb\/wp-json\/wp\/v2\/product_brand?post=16523"},{"taxonomy":"product_cat","embeddable":true,"href":"https:\/\/www.sexdollmini.com\/nb\/wp-json\/wp\/v2\/product_cat?post=16523"},{"taxonomy":"product_tag","embeddable":true,"href":"https:\/\/www.sexdollmini.com\/nb\/wp-json\/wp\/v2\/product_tag?post=16523"}],"curies":[{"name":"wp","href":"https:\/\/api.w.org\/{rel}","templated":true}]}}