{"id":15787,"date":"2025-05-10T06:57:49","date_gmt":"2025-05-10T13:57:49","guid":{"rendered":"https:\/\/www.sexdollmini.com\/?post_type=product&#038;p=15787"},"modified":"2026-03-22T10:42:11","modified_gmt":"2026-03-22T17:42:11","slug":"philippa-tiny-flat-chest-sex-doll","status":"publish","type":"product","link":"https:\/\/www.sexdollmini.com\/pl\/produkt\/philippa-tiny-flat-chest-sex-doll\/","title":{"rendered":"Philippa Malutka lalka seksu z p\u0142ask\u0105 klatk\u0105 piersiow\u0105"},"content":{"rendered":"<h2>Szczeg\u00f3\u0142y dotycz\u0105ce lalek erotycznych<\/h2>\n<p>Ta lalka erotyczna z p\u0142ask\u0105 klatk\u0105 piersiow\u0105 wykonana jest z mi\u0119kkiego, przyjaznego dla sk\u00f3ry materia\u0142u. Posiadanie lalki erotycznej ma wiele zalet. Mo\u017cesz j\u0105 przytuli\u0107 przed snem, co zapewni Ci spok\u00f3j ducha. Mo\u017cesz r\u00f3wnie\u017c przygotowa\u0107 dla niej r\u00f3\u017cne style ubioru (ubrania profesjonalne, kostiumy k\u0105pielowe itp.) do gier RPG, a tak\u017ce wykorzysta\u0107 j\u0105 jako modelk\u0119 do \u0107wicze\u0144 szkicowania ludzkiego cia\u0142a.<br \/>\nTe aktywno\u015bci nie tylko urozmaic\u0105 Twoje \u017cycie, ale tak\u017ce pomog\u0105 Ci si\u0119 zrelaksowa\u0107 i rozwin\u0105\u0107 kreatywno\u015b\u0107. Najwa\u017cniejsze to znale\u017a\u0107 spos\u00f3b na interakcj\u0119, kt\u00f3ry sprawi, \u017ce poczujesz si\u0119 komfortowo i szcz\u0119\u015bliwie.<\/p>\n<p>&nbsp;<\/p>\n<p>Wysoko\u015b\u0107: 100 cm<br \/>\nPier\u015b: 46 cm<br \/>\nTalia: 38 cm<br \/>\nBiodra: 59 cm<br \/>\nG\u0142\u0119boko\u015b\u0107 odbytu: 8 cm<br \/>\nG\u0142\u0119boko\u015b\u0107 pochwy: 14 cm<br \/>\nG\u0142\u0119boko\u015b\u0107 otworu g\u0119bowego: 12 cm<br \/>\nWaga netto: 13 kg<br \/>\nMasa brutto: 15 kg<\/p>\n<p>&nbsp;<\/p>\n<p>Wysoko\u015b\u0107: 125 cm<br \/>\nPier\u015b: 55 cm<br \/>\nTalia: 42cm<br \/>\nBiodra: 62 cm<br \/>\nG\u0142\u0119boko\u015b\u0107 odbytu: 16 cm<br \/>\nG\u0142\u0119boko\u015b\u0107 pochwy: 17 cm<br \/>\nG\u0142\u0119boko\u015b\u0107 otworu g\u0119bowego: 12 cm<br \/>\nWaga netto: 17 kg<br \/>\nMasa brutto: 20 kg<\/p>\n<p>&nbsp;<\/p>\n<p>&nbsp;<\/p>\n<p>Ze wzgl\u0119du na r\u0119czne pomiary, prosz\u0119 wzi\u0105\u0107 pod uwag\u0119 r\u00f3\u017cnic\u0119 w pomiarach rz\u0119du 2\u20134 cm.<\/p>","protected":false},"excerpt":{"rendered":"<p>Aby dogada\u0107 si\u0119 z lalk\u0105 TPE, wystarczy zamieni\u0107 proste towarzystwo w ciep\u0142y rytua\u0142. Nie potrafi m\u00f3wi\u0107, ale mo\u017ce by\u0107 twoim najwierniejszym s\u0142uchaczem.<\/p>","protected":false},"featured_media":15805,"comment_status":"open","ping_status":"closed","template":"","meta":[],"product_brand":[],"product_cat":[53,56,57,74,18,81,24,27,23,64,70,28,65,30,38,73,41,82,79,62,26,39,66,80,43,40,31,69,32,77,25,33,29,20,21,34,72,19,42,44,71,76,36,35,84,63,61,75,37,78],"product_tag":[],"class_list":{"0":"post-15787","1":"product","2":"type-product","3":"status-publish","4":"has-post-thumbnail","6":"product_cat-100cm-sex-dolls","7":"product_cat-120cm-sex-dolls","8":"product_cat-125cm-sex-dolls","9":"product_cat-6ye-doll","10":"product_cat-adult-doll","11":"product_cat-aibei-doll","12":"product_cat-american-sex-doll","13":"product_cat-anime-sex-dolls","14":"product_cat-asian-sex-doll","15":"product_cat-australia-stock-sex-doll","16":"product_cat-axb-doll","17":"product_cat-blonde-sex-doll","18":"product_cat-canada-stock-sex-doll","19":"product_cat-cheap-sex-doll","20":"product_cat-chubby-sex-dolls","21":"product_cat-climax-doll","22":"product_cat-curvy-sex-dolls","23":"product_cat-dolls-castle","24":"product_cat-elsa-babe","25":"product_cat-eu-stock-sex-doll","26":"product_cat-european-sex-dolls","27":"product_cat-fantasy-sex-doll","28":"product_cat-female-sex-dolls","29":"product_cat-fire-doll","30":"product_cat-flat-chested-sex-doll","31":"product_cat-full-body-sex-dolls","32":"product_cat-full-size-sex-dolls","33":"product_cat-girl-sex-dolls","34":"product_cat-hentai-sex-dolls","35":"product_cat-irontech-sex-dolls","36":"product_cat-japanese-sex-dolls","37":"product_cat-life-like-sex-dolls","38":"product_cat-life-size-sex-dolls","39":"product_cat-love-doll","40":"product_cat-miniature-sex-doll","41":"product_cat-petite-sex-dolls","42":"product_cat-qita-doll","43":"product_cat-real-doll","44":"product_cat-skinny-sex-dolls","45":"product_cat-small-breast-sex-doll","46":"product_cat-sy-doll","47":"product_cat-tantaly-sex-doll","48":"product_cat-teen-sex-dolls","49":"product_cat-tiny-sex-dolls","50":"product_cat-tpe-sex-dolls","51":"product_cat-uk-stock-sex-doll","52":"product_cat-us-stock-sex-dolls","53":"product_cat-wm-doll","54":"product_cat-young-sex-dolls","55":"product_cat-zelex-doll","57":"first","58":"instock","59":"sale","60":"shipping-taxable","61":"purchasable","62":"product-type-variable","63":"has-default-attributes"},"_links":{"self":[{"href":"https:\/\/www.sexdollmini.com\/pl\/wp-json\/wp\/v2\/product\/15787","targetHints":{"allow":["GET"]}}],"collection":[{"href":"https:\/\/www.sexdollmini.com\/pl\/wp-json\/wp\/v2\/product"}],"about":[{"href":"https:\/\/www.sexdollmini.com\/pl\/wp-json\/wp\/v2\/types\/product"}],"replies":[{"embeddable":true,"href":"https:\/\/www.sexdollmini.com\/pl\/wp-json\/wp\/v2\/comments?post=15787"}],"wp:featuredmedia":[{"embeddable":true,"href":"https:\/\/www.sexdollmini.com\/pl\/wp-json\/wp\/v2\/media\/15805"}],"wp:attachment":[{"href":"https:\/\/www.sexdollmini.com\/pl\/wp-json\/wp\/v2\/media?parent=15787"}],"wp:term":[{"taxonomy":"product_brand","embeddable":true,"href":"https:\/\/www.sexdollmini.com\/pl\/wp-json\/wp\/v2\/product_brand?post=15787"},{"taxonomy":"product_cat","embeddable":true,"href":"https:\/\/www.sexdollmini.com\/pl\/wp-json\/wp\/v2\/product_cat?post=15787"},{"taxonomy":"product_tag","embeddable":true,"href":"https:\/\/www.sexdollmini.com\/pl\/wp-json\/wp\/v2\/product_tag?post=15787"}],"curies":[{"name":"wp","href":"https:\/\/api.w.org\/{rel}","templated":true}]}}