{"id":16268,"date":"2025-06-09T00:33:45","date_gmt":"2025-06-09T07:33:45","guid":{"rendered":"https:\/\/www.sexdollmini.com\/?post_type=product&#038;p=16268"},"modified":"2025-08-03T19:23:46","modified_gmt":"2025-08-04T02:23:46","slug":"orva-flat-half-body-sex-doll-torso","status":"publish","type":"product","link":"https:\/\/www.sexdollmini.com\/pl\/produkt\/orva-flat-half-body-sex-doll-torso\/","title":{"rendered":"Orva Tors z p\u0142askiej p\u00f3\u0142 cia\u0142a seksu"},"content":{"rendered":"<h2>Szczeg\u00f3\u0142y dotycz\u0105ce lalek erotycznych<\/h2>\n<p>Tors lalki erotycznej z p\u0142ask\u0105 klatk\u0105 piersiow\u0105 cieszy si\u0119 du\u017c\u0105 popularno\u015bci\u0105 w\u015br\u00f3d graczy, a p\u0142aska klatka piersiowa to jej cecha charakterystyczna. Lalka nie tylko zaspokoi Twoje potrzeby seksualne, ale tak\u017ce b\u0119dzie cennym skarbem. Tors lalki erotycznej z p\u0142ask\u0105 klatk\u0105 piersiow\u0105 i po\u0142ow\u0105 cia\u0142a jest \u0142atwy w przechowywaniu i przenoszeniu. Je\u015bli cz\u0119sto si\u0119 przeprowadzasz lub podr\u00f3\u017cujesz, nie b\u0119dziesz mie\u0107 problemu ze zbieraniem tej lalki erotycznej, a tors lalki erotycznej z po\u0142ow\u0105 cia\u0142a pozwoli Ci zaoszcz\u0119dzi\u0107 du\u017co miejsca.<\/p>\n<p>Wysoko\u015b\u0107: 47 cm<br \/>\nBiust: 47 cm<br \/>\nTalia: 42cm<br \/>\nBiodra: 70 cm<br \/>\nSzeroko\u015b\u0107 w ramionach: 25 cm<br \/>\nG\u0142\u0119boko\u015b\u0107 pochwy: 16 cm<br \/>\nG\u0142\u0119boko\u015b\u0107 odbytu: 16 cm<br \/>\nWaga netto: 9 kg<br \/>\nSpecyfikacja pude\u0142ka: 65*34*29<br \/>\nMasa brutto: 12 kg<\/p>\n<p>&nbsp;<\/p>\n<p>Ze wzgl\u0119du na r\u0119czne pomiary, prosz\u0119 wzi\u0105\u0107 pod uwag\u0119 r\u00f3\u017cnic\u0119 w pomiarach rz\u0119du 2\u20134 cm.<\/p>","protected":false},"excerpt":{"rendered":"<p>Wskaz\u00f3wki dotycz\u0105ce piel\u0119gnacji lalek erotycznych: Unikaj wybierania ubra\u0144 w ciemnych kolorach dla lalek erotycznych i nie dopu\u015b\u0107, aby ubrania w ciemnych kolorach mia\u0142y d\u0142ugotrwa\u0142y kontakt z materia\u0142ami TPE, aby unikn\u0105\u0107 plam.<br \/>\nJe\u015bli chcesz, aby lalka erotyczna s\u0142u\u017cy\u0142a Ci d\u0142u\u017cej, zaleca si\u0119 dobranie do niej mi\u0119kkiej poduszki i utrzymywanie lalki w naturalnej pozycji.<\/p>","protected":false},"featured_media":16270,"comment_status":"open","ping_status":"closed","template":"","meta":[],"product_brand":[],"product_cat":[18,73,82,79,66,80,43,146,20,21,34,60,42,71,84,75,78],"product_tag":[],"class_list":{"0":"post-16268","1":"product","2":"type-product","3":"status-publish","4":"has-post-thumbnail","6":"product_cat-adult-doll","7":"product_cat-climax-doll","8":"product_cat-dolls-castle","9":"product_cat-elsa-babe","10":"product_cat-female-sex-dolls","11":"product_cat-fire-doll","12":"product_cat-flat-chested-sex-doll","13":"product_cat-half-body-sex-doll-torso","14":"product_cat-love-doll","15":"product_cat-miniature-sex-doll","16":"product_cat-petite-sex-dolls","17":"product_cat-sex-doll-torso","18":"product_cat-skinny-sex-dolls","19":"product_cat-sy-doll","20":"product_cat-tpe-sex-dolls","21":"product_cat-wm-doll","22":"product_cat-zelex-doll","24":"first","25":"instock","26":"sale","27":"shipping-taxable","28":"purchasable","29":"product-type-simple"},"_links":{"self":[{"href":"https:\/\/www.sexdollmini.com\/pl\/wp-json\/wp\/v2\/product\/16268","targetHints":{"allow":["GET"]}}],"collection":[{"href":"https:\/\/www.sexdollmini.com\/pl\/wp-json\/wp\/v2\/product"}],"about":[{"href":"https:\/\/www.sexdollmini.com\/pl\/wp-json\/wp\/v2\/types\/product"}],"replies":[{"embeddable":true,"href":"https:\/\/www.sexdollmini.com\/pl\/wp-json\/wp\/v2\/comments?post=16268"}],"wp:featuredmedia":[{"embeddable":true,"href":"https:\/\/www.sexdollmini.com\/pl\/wp-json\/wp\/v2\/media\/16270"}],"wp:attachment":[{"href":"https:\/\/www.sexdollmini.com\/pl\/wp-json\/wp\/v2\/media?parent=16268"}],"wp:term":[{"taxonomy":"product_brand","embeddable":true,"href":"https:\/\/www.sexdollmini.com\/pl\/wp-json\/wp\/v2\/product_brand?post=16268"},{"taxonomy":"product_cat","embeddable":true,"href":"https:\/\/www.sexdollmini.com\/pl\/wp-json\/wp\/v2\/product_cat?post=16268"},{"taxonomy":"product_tag","embeddable":true,"href":"https:\/\/www.sexdollmini.com\/pl\/wp-json\/wp\/v2\/product_tag?post=16268"}],"curies":[{"name":"wp","href":"https:\/\/api.w.org\/{rel}","templated":true}]}}