{"id":16403,"date":"2025-06-12T02:23:18","date_gmt":"2025-06-12T09:23:18","guid":{"rendered":"https:\/\/www.sexdollmini.com\/?post_type=product&#038;p=16403"},"modified":"2025-10-22T22:01:13","modified_gmt":"2025-10-23T05:01:13","slug":"nell-108cm-bbw-europe-sex-doll","status":"publish","type":"product","link":"https:\/\/www.sexdollmini.com\/pl\/produkt\/nell-108cm-bbw-europe-sex-doll\/","title":{"rendered":"Nell 108cm Bbw Europejska lalka seksu"},"content":{"rendered":"<h2>Szczeg\u00f3\u0142y dotycz\u0105ce lalek erotycznych<\/h2>\n<p>Lalka erotyczna Nell o wysoko\u015bci 108 cm to gospodyni domowa. Lalki erotyczne Nell nie maj\u0105 pracy. Lalki erotyczne BBW na co dzie\u0144 czekaj\u0105 na Tw\u00f3j powr\u00f3t do domu, s\u0142uchaj\u0105, co masz do powiedzenia, wylewaj\u0105 z siebie wszystko, aby zapewni\u0107 Ci us\u0142ugi seksualne i staraj\u0105 si\u0119 by\u0107 wykwalifikowan\u0105 towarzyszk\u0105. Europejska lalka erotyczna o pszenicznej sk\u00f3rze, jej kolor sk\u00f3ry jest zbli\u017cony do koloru sk\u00f3ry prawdziwej osoby, a dotyk jest bardzo realistyczny.<\/p>\n<p>Wysoko\u015b\u0107: 108 cm<br \/>\nBiust: 81 cm<br \/>\nTalia: 46 cm<br \/>\nBiodra: 80 cm<br \/>\nWaga netto: 22 kg<br \/>\nMasa ca\u0142kowita: 26 kg<br \/>\nOpakowanie 100*36*26CM<br \/>\nD\u0142ugo\u015b\u0107 pochwy: 15CM<br \/>\nOdbyt: 13 cm<br \/>\nLoda: 10CM<\/p>\n<p>&nbsp;<\/p>\n<p>Ze wzgl\u0119du na r\u0119czne pomiary, prosz\u0119 wzi\u0105\u0107 pod uwag\u0119 r\u00f3\u017cnic\u0119 w pomiarach rz\u0119du 2\u20134 cm.<\/p>","protected":false},"excerpt":{"rendered":"<p>Lalka erotyczna o wysoko\u015bci 108 cm wyposa\u017cona jest w metalowe, szkieletowe stopy w korpusie, wi\u0119c nie lekcewa\u017c tych drobnych akcesori\u00f3w. Nie lekcewa\u017c tych drobnych akcesori\u00f3w, poniewa\u017c mog\u0105 one wspiera\u0107 pulchn\u0105 lalk\u0119 erotyczn\u0105 w wykonywaniu wielu ruch\u00f3w.<\/p>","protected":false},"featured_media":16410,"comment_status":"open","ping_status":"closed","template":"","meta":[],"product_brand":[],"product_cat":[54,74,18,81,24,27,23,70,22,28,30,38,73,41,82,79,62,26,39,66,80,40,31,69,32,77,25,33,29,20,148,72,19,71,76,36,35,84,61,75,37,78],"product_tag":[],"class_list":{"0":"post-16403","1":"product","2":"type-product","3":"status-publish","4":"has-post-thumbnail","6":"product_cat-108cm-sex-dolls","7":"product_cat-6ye-doll","8":"product_cat-adult-doll","9":"product_cat-aibei-doll","10":"product_cat-american-sex-doll","11":"product_cat-anime-sex-dolls","12":"product_cat-asian-sex-doll","13":"product_cat-axb-doll","14":"product_cat-bbw-sex-doll","15":"product_cat-blonde-sex-doll","16":"product_cat-cheap-sex-doll","17":"product_cat-chubby-sex-dolls","18":"product_cat-climax-doll","19":"product_cat-curvy-sex-dolls","20":"product_cat-dolls-castle","21":"product_cat-elsa-babe","22":"product_cat-eu-stock-sex-doll","23":"product_cat-european-sex-dolls","24":"product_cat-fantasy-sex-doll","25":"product_cat-female-sex-dolls","26":"product_cat-fire-doll","27":"product_cat-full-body-sex-dolls","28":"product_cat-full-size-sex-dolls","29":"product_cat-girl-sex-dolls","30":"product_cat-hentai-sex-dolls","31":"product_cat-irontech-sex-dolls","32":"product_cat-japanese-sex-dolls","33":"product_cat-life-like-sex-dolls","34":"product_cat-life-size-sex-dolls","35":"product_cat-love-doll","36":"product_cat-midget-sex-doll","37":"product_cat-qita-doll","38":"product_cat-real-doll","39":"product_cat-sy-doll","40":"product_cat-tantaly-sex-doll","41":"product_cat-teen-sex-dolls","42":"product_cat-tiny-sex-dolls","43":"product_cat-tpe-sex-dolls","44":"product_cat-us-stock-sex-dolls","45":"product_cat-wm-doll","46":"product_cat-young-sex-dolls","47":"product_cat-zelex-doll","49":"first","50":"instock","51":"sale","52":"shipping-taxable","53":"purchasable","54":"product-type-simple"},"_links":{"self":[{"href":"https:\/\/www.sexdollmini.com\/pl\/wp-json\/wp\/v2\/product\/16403","targetHints":{"allow":["GET"]}}],"collection":[{"href":"https:\/\/www.sexdollmini.com\/pl\/wp-json\/wp\/v2\/product"}],"about":[{"href":"https:\/\/www.sexdollmini.com\/pl\/wp-json\/wp\/v2\/types\/product"}],"replies":[{"embeddable":true,"href":"https:\/\/www.sexdollmini.com\/pl\/wp-json\/wp\/v2\/comments?post=16403"}],"wp:featuredmedia":[{"embeddable":true,"href":"https:\/\/www.sexdollmini.com\/pl\/wp-json\/wp\/v2\/media\/16410"}],"wp:attachment":[{"href":"https:\/\/www.sexdollmini.com\/pl\/wp-json\/wp\/v2\/media?parent=16403"}],"wp:term":[{"taxonomy":"product_brand","embeddable":true,"href":"https:\/\/www.sexdollmini.com\/pl\/wp-json\/wp\/v2\/product_brand?post=16403"},{"taxonomy":"product_cat","embeddable":true,"href":"https:\/\/www.sexdollmini.com\/pl\/wp-json\/wp\/v2\/product_cat?post=16403"},{"taxonomy":"product_tag","embeddable":true,"href":"https:\/\/www.sexdollmini.com\/pl\/wp-json\/wp\/v2\/product_tag?post=16403"}],"curies":[{"name":"wp","href":"https:\/\/api.w.org\/{rel}","templated":true}]}}