{"id":16523,"date":"2025-06-12T22:00:37","date_gmt":"2025-06-13T05:00:37","guid":{"rendered":"https:\/\/www.sexdollmini.com\/?post_type=product&#038;p=16523"},"modified":"2026-05-15T23:46:57","modified_gmt":"2026-05-16T06:46:57","slug":"allegra-100cm-silicone-head-sex-doll","status":"publish","type":"product","link":"https:\/\/www.sexdollmini.com\/pl\/produkt\/allegra-100cm-silicone-head-sex-doll\/","title":{"rendered":"Allegra 100 cm silikonowa lalka seksualna z g\u0142ow\u0105"},"content":{"rendered":"<h2>Szczeg\u00f3\u0142y dotycz\u0105ce lalek erotycznych<\/h2>\n<p>Korpus lalki erotycznej Allegra wykonany jest z materia\u0142u TPE, kt\u00f3ry nie tylko zapewnia realistyczny wygl\u0105d sk\u00f3ry, ale tak\u017ce sprawia, \u017ce lalka jest bardziej ekonomiczna. G\u0142owa lalki wykonana jest z silikonu. Lalki erotyczne wykonane z silikonu nie uprawiaj\u0105 seksu oralnego, ale silikonowa g\u0142owa sprawia, \u017ce lalka wygl\u0105da bardziej realistycznie i wyrazi\u015bcie. Du\u017ce piersi lalki erotycznej s\u0105 bardzo elastyczne, a dodatkowo mo\u017cna korzysta\u0107 z ciasnej pochwy i odbytu.<\/p>\n<p>Wysoko\u015b\u0107: 100 cm<br \/>\nWaga: 13 kg<br \/>\nBiust: 60 cm<br \/>\nTalia: 36cm<br \/>\nBiodra: 60 cm<br \/>\nSzeroko\u015b\u0107 w ramionach: 20 cm<br \/>\nD\u0142ugo\u015b\u0107 ramienia: 31 cm<br \/>\nD\u0142ugo\u015b\u0107 d\u0142oni: 12 cm<br \/>\nD\u0142ugo\u015b\u0107 nogawki: 50cm<br \/>\nD\u0142ugo\u015b\u0107 stopy: 14 cm<br \/>\nObw\u00f3d ramienia: 17 cm<br \/>\nObw\u00f3d uda: 34cm<br \/>\nObw\u00f3d \u0142ydki: 20 cm<br \/>\nDekolt: 19 cm<br \/>\nG\u0142\u0119boko\u015b\u0107 pochwy: 15 cm<br \/>\nG\u0142\u0119boko\u015b\u0107 odbytu: 11 cm<br \/>\nWymiary opakowania: 95*30*28 cm<\/p>\n<p>&nbsp;<\/p>\n<p>Ze wzgl\u0119du na r\u0119czne pomiary, prosz\u0119 wzi\u0105\u0107 pod uwag\u0119 r\u00f3\u017cnic\u0119 w pomiarach rz\u0119du 2\u20134 cm.<\/p>","protected":false},"excerpt":{"rendered":"<p>Ta pi\u0119kna lalka erotyczna o d\u0142ugo\u015bci 100 cm ma silikonow\u0105 g\u0142ow\u0119 i korpus z TPE, dzi\u0119ki czemu idealnie pasuje do innych lalek erotycznych.<\/p>","protected":false},"featured_media":16569,"comment_status":"open","ping_status":"closed","template":"","meta":[],"product_brand":[],"product_cat":[53,74,18,81,24,27,23,64,70,28,65,30,38,73,41,82,79,62,26,39,66,80,40,31,69,32,77,25,33,29,20,21,34,72,19,85,42,71,76,36,35,84,63,61,75,37,78],"product_tag":[],"class_list":{"0":"post-16523","1":"product","2":"type-product","3":"status-publish","4":"has-post-thumbnail","6":"product_cat-100cm-sex-dolls","7":"product_cat-6ye-doll","8":"product_cat-adult-doll","9":"product_cat-aibei-doll","10":"product_cat-american-sex-doll","11":"product_cat-anime-sex-dolls","12":"product_cat-asian-sex-doll","13":"product_cat-australia-stock-sex-doll","14":"product_cat-axb-doll","15":"product_cat-blonde-sex-doll","16":"product_cat-canada-stock-sex-doll","17":"product_cat-cheap-sex-doll","18":"product_cat-chubby-sex-dolls","19":"product_cat-climax-doll","20":"product_cat-curvy-sex-dolls","21":"product_cat-dolls-castle","22":"product_cat-elsa-babe","23":"product_cat-eu-stock-sex-doll","24":"product_cat-european-sex-dolls","25":"product_cat-fantasy-sex-doll","26":"product_cat-female-sex-dolls","27":"product_cat-fire-doll","28":"product_cat-full-body-sex-dolls","29":"product_cat-full-size-sex-dolls","30":"product_cat-girl-sex-dolls","31":"product_cat-hentai-sex-dolls","32":"product_cat-irontech-sex-dolls","33":"product_cat-japanese-sex-dolls","34":"product_cat-life-like-sex-dolls","35":"product_cat-life-size-sex-dolls","36":"product_cat-love-doll","37":"product_cat-miniature-sex-doll","38":"product_cat-petite-sex-dolls","39":"product_cat-qita-doll","40":"product_cat-real-doll","41":"product_cat-silicone-sex-dolls","42":"product_cat-skinny-sex-dolls","43":"product_cat-sy-doll","44":"product_cat-tantaly-sex-doll","45":"product_cat-teen-sex-dolls","46":"product_cat-tiny-sex-dolls","47":"product_cat-tpe-sex-dolls","48":"product_cat-uk-stock-sex-doll","49":"product_cat-us-stock-sex-dolls","50":"product_cat-wm-doll","51":"product_cat-young-sex-dolls","52":"product_cat-zelex-doll","54":"first","55":"instock","56":"sale","57":"shipping-taxable","58":"purchasable","59":"product-type-simple"},"_links":{"self":[{"href":"https:\/\/www.sexdollmini.com\/pl\/wp-json\/wp\/v2\/product\/16523","targetHints":{"allow":["GET"]}}],"collection":[{"href":"https:\/\/www.sexdollmini.com\/pl\/wp-json\/wp\/v2\/product"}],"about":[{"href":"https:\/\/www.sexdollmini.com\/pl\/wp-json\/wp\/v2\/types\/product"}],"replies":[{"embeddable":true,"href":"https:\/\/www.sexdollmini.com\/pl\/wp-json\/wp\/v2\/comments?post=16523"}],"wp:featuredmedia":[{"embeddable":true,"href":"https:\/\/www.sexdollmini.com\/pl\/wp-json\/wp\/v2\/media\/16569"}],"wp:attachment":[{"href":"https:\/\/www.sexdollmini.com\/pl\/wp-json\/wp\/v2\/media?parent=16523"}],"wp:term":[{"taxonomy":"product_brand","embeddable":true,"href":"https:\/\/www.sexdollmini.com\/pl\/wp-json\/wp\/v2\/product_brand?post=16523"},{"taxonomy":"product_cat","embeddable":true,"href":"https:\/\/www.sexdollmini.com\/pl\/wp-json\/wp\/v2\/product_cat?post=16523"},{"taxonomy":"product_tag","embeddable":true,"href":"https:\/\/www.sexdollmini.com\/pl\/wp-json\/wp\/v2\/product_tag?post=16523"}],"curies":[{"name":"wp","href":"https:\/\/api.w.org\/{rel}","templated":true}]}}