{"id":16621,"date":"2025-06-25T05:58:54","date_gmt":"2025-06-25T12:58:54","guid":{"rendered":"https:\/\/www.sexdollmini.com\/?post_type=product&#038;p=16621"},"modified":"2025-12-18T00:19:19","modified_gmt":"2025-12-18T08:19:19","slug":"leal-140cm-boy-dildo-sex-doll","status":"publish","type":"product","link":"https:\/\/www.sexdollmini.com\/pl\/produkt\/leal-140cm-boy-dildo-sex-doll\/","title":{"rendered":"Prawdziwa lalka erotyczna dla ch\u0142opc\u00f3w o d\u0142ugo\u015bci 140 cm z dildo"},"content":{"rendered":"<h2>Szczeg\u00f3\u0142y dotycz\u0105ce lalek erotycznych<\/h2>\n<p>To 140-centymetrowa lalka erotyczna Leal Boy o br\u0105zowej sk\u00f3rze. Jego sk\u00f3ra w silnym \u015bwietle wydaje si\u0119 wyj\u0105tkowo bia\u0142a. Lalka erotyczna dla m\u0119\u017cczyzn jest wyj\u0105tkowo delikatna, a jej delikatna twarz sprawia wra\u017cenie nieco nie\u015bmia\u0142ej. Lalka erotyczna dla m\u0119\u017cczyzn ma odpinanego penisa, a penis w stanie erekcji prezentuje si\u0119 niesamowicie. Odbyt i usta lalki erotycznej s\u0105 kompatybilne, co czyni j\u0105 odpowiedni\u0105 dla m\u0119\u017cczyzn i kobiet ka\u017cdego typu.<\/p>\n<p>Wysoko\u015b\u0107: 140 cm<br \/>\nWaga netto: 30 kg<br \/>\nMateria\u0142: TPE z metalowym szkieletem<br \/>\nBiust: 55 cm<br \/>\nTalia: 48 cm<br \/>\nBiodra: 70 cm<br \/>\nD\u0142ugo\u015b\u0107 penisa: 16cm*4cm<br \/>\nG\u0142\u0119boko\u015b\u0107 w jamie ustnej: 12 cm<br \/>\nG\u0142\u0119boko\u015b\u0107 odbytu: 17 cm<br \/>\nSpecyfikacja opakowania: 130*36*26<\/p>\n<p>&nbsp;<\/p>\n<p>Ze wzgl\u0119du na r\u0119czne pomiary, prosz\u0119 wzi\u0105\u0107 pod uwag\u0119 r\u00f3\u017cnic\u0119 w pomiarach rz\u0119du 2\u20134 cm.<\/p>","protected":false},"excerpt":{"rendered":"<p>M\u0119ska lalka erotyczna ma umiarkowan\u0105 wysoko\u015b\u0107 i wa\u017cy oko\u0142o 30 kg. Nawet kobiety nie musz\u0105 si\u0119 o ni\u0105 martwi\u0107, poruszaj\u0105c si\u0119 z du\u017cym wysi\u0142kiem. Lalk\u0119 mo\u017cna z \u0142atwo\u015bci\u0105 przechowywa\u0107 w szafie.<\/p>","protected":false},"featured_media":16624,"comment_status":"open","ping_status":"closed","template":"","meta":[],"product_brand":[],"product_cat":[59,74,18,81,24,27,23,70,28,68,30,73,41,82,79,39,80,40,31,32,77,25,33,29,20,67,21,34,72,19,42,71,76,36,35,84,75,37,78],"product_tag":[],"class_list":{"0":"post-16621","1":"product","2":"type-product","3":"status-publish","4":"has-post-thumbnail","6":"product_cat-140cm-sex-dolls","7":"product_cat-6ye-doll","8":"product_cat-adult-doll","9":"product_cat-aibei-doll","10":"product_cat-american-sex-doll","11":"product_cat-anime-sex-dolls","12":"product_cat-asian-sex-doll","13":"product_cat-axb-doll","14":"product_cat-blonde-sex-doll","15":"product_cat-boy-sex-dolls","16":"product_cat-cheap-sex-doll","17":"product_cat-climax-doll","18":"product_cat-curvy-sex-dolls","19":"product_cat-dolls-castle","20":"product_cat-elsa-babe","21":"product_cat-fantasy-sex-doll","22":"product_cat-fire-doll","23":"product_cat-full-body-sex-dolls","24":"product_cat-full-size-sex-dolls","25":"product_cat-hentai-sex-dolls","26":"product_cat-irontech-sex-dolls","27":"product_cat-japanese-sex-dolls","28":"product_cat-life-like-sex-dolls","29":"product_cat-life-size-sex-dolls","30":"product_cat-love-doll","31":"product_cat-male-sex-dolls","32":"product_cat-miniature-sex-doll","33":"product_cat-petite-sex-dolls","34":"product_cat-qita-doll","35":"product_cat-real-doll","36":"product_cat-skinny-sex-dolls","37":"product_cat-sy-doll","38":"product_cat-tantaly-sex-doll","39":"product_cat-teen-sex-dolls","40":"product_cat-tiny-sex-dolls","41":"product_cat-tpe-sex-dolls","42":"product_cat-wm-doll","43":"product_cat-young-sex-dolls","44":"product_cat-zelex-doll","46":"first","47":"instock","48":"sale","49":"shipping-taxable","50":"purchasable","51":"product-type-simple"},"_links":{"self":[{"href":"https:\/\/www.sexdollmini.com\/pl\/wp-json\/wp\/v2\/product\/16621","targetHints":{"allow":["GET"]}}],"collection":[{"href":"https:\/\/www.sexdollmini.com\/pl\/wp-json\/wp\/v2\/product"}],"about":[{"href":"https:\/\/www.sexdollmini.com\/pl\/wp-json\/wp\/v2\/types\/product"}],"replies":[{"embeddable":true,"href":"https:\/\/www.sexdollmini.com\/pl\/wp-json\/wp\/v2\/comments?post=16621"}],"wp:featuredmedia":[{"embeddable":true,"href":"https:\/\/www.sexdollmini.com\/pl\/wp-json\/wp\/v2\/media\/16624"}],"wp:attachment":[{"href":"https:\/\/www.sexdollmini.com\/pl\/wp-json\/wp\/v2\/media?parent=16621"}],"wp:term":[{"taxonomy":"product_brand","embeddable":true,"href":"https:\/\/www.sexdollmini.com\/pl\/wp-json\/wp\/v2\/product_brand?post=16621"},{"taxonomy":"product_cat","embeddable":true,"href":"https:\/\/www.sexdollmini.com\/pl\/wp-json\/wp\/v2\/product_cat?post=16621"},{"taxonomy":"product_tag","embeddable":true,"href":"https:\/\/www.sexdollmini.com\/pl\/wp-json\/wp\/v2\/product_tag?post=16621"}],"curies":[{"name":"wp","href":"https:\/\/api.w.org\/{rel}","templated":true}]}}