{"id":17061,"date":"2025-07-16T01:05:59","date_gmt":"2025-07-16T08:05:59","guid":{"rendered":"https:\/\/www.sexdollmini.com\/?post_type=product&#038;p=17061"},"modified":"2025-08-05T20:24:07","modified_gmt":"2025-08-06T03:24:07","slug":"anime-cosplay-wig-sex-doll","status":"publish","type":"product","link":"https:\/\/www.sexdollmini.com\/pl\/produkt\/anime-cosplay-wig-sex-doll\/","title":{"rendered":"Peruka anime cosplay dla lalek erotycznych"},"content":{"rendered":"<p>Fioletowa peruka jest regulowana i mo\u017cna j\u0105 dopasowa\u0107 do kszta\u0142tu g\u0142owy, dopasowuj\u0105c do r\u00f3\u017cnych rozmiar\u00f3w. Idealna dla lalek erotycznych o r\u00f3\u017cnym wzro\u015bcie.<br \/>\nCzepek peruki ma grube w\u0142\u00f3kna, jest mi\u0119kki i naturalny, a po otrzymaniu peruki mo\u017cna j\u0105 samodzielnie ukszta\u0142towa\u0107, przycina\u0107, prostowa\u0107 lub kr\u0119ci\u0107.<\/p>\n<p>&nbsp;<\/p>\n<p><img decoding=\"async\" class=\"aligncenter wp-image-17068 size-full\" src=\"https:\/\/www.sexdollmini.com\/wp-content\/themes\/woodmart\/images\/lazy.svg\" data-src=\"https:\/\/www.sexdollmini.com\/wp-content\/uploads\/2025\/07\/6-1.avif\" alt=\"\" width=\"800\" height=\"800\" title=\"-\"><\/p>\n<p><img decoding=\"async\" class=\"aligncenter wp-image-17704 size-full\" src=\"https:\/\/www.sexdollmini.com\/wp-content\/themes\/woodmart\/images\/lazy.svg\" data-src=\"https:\/\/www.sexdollmini.com\/wp-content\/uploads\/2025\/07\/Anime-Cosplay-Wig-for-Sex-Dolls-Accessories.jpg\" alt=\"\" width=\"800\" height=\"1352\" title=\"-\" srcset=\"\" data-srcset=\"https:\/\/www.sexdollmini.com\/wp-content\/uploads\/2025\/07\/Anime-Cosplay-Wig-for-Sex-Dolls-Accessories.jpg 800w, https:\/\/www.sexdollmini.com\/wp-content\/uploads\/2025\/07\/Anime-Cosplay-Wig-for-Sex-Dolls-Accessories-178x300.jpg 178w, https:\/\/www.sexdollmini.com\/wp-content\/uploads\/2025\/07\/Anime-Cosplay-Wig-for-Sex-Dolls-Accessories-473x800.jpg 473w, https:\/\/www.sexdollmini.com\/wp-content\/uploads\/2025\/07\/Anime-Cosplay-Wig-for-Sex-Dolls-Accessories-768x1298.jpg 768w, https:\/\/www.sexdollmini.com\/wp-content\/uploads\/2025\/07\/Anime-Cosplay-Wig-for-Sex-Dolls-Accessories-7x12.jpg 7w, https:\/\/www.sexdollmini.com\/wp-content\/uploads\/2025\/07\/Anime-Cosplay-Wig-for-Sex-Dolls-Accessories-700x1183.jpg 700w, https:\/\/www.sexdollmini.com\/wp-content\/uploads\/2025\/07\/Anime-Cosplay-Wig-for-Sex-Dolls-Accessories-150x254.jpg 150w\" sizes=\"(max-width: 800px) 100vw, 800px\" \/><\/p>\n<p>Prosimy wzi\u0105\u0107 pod uwag\u0119 b\u0142\u0105d pomiaru 2-3 cm ze wzgl\u0119du na pomiary r\u0119czne. Ze wzgl\u0119du na proces produkcji, efekty \u015bwietlne i ekrany komputerowe, mog\u0105 wyst\u0105pi\u0107 pewne r\u00f3\u017cnice w kolorze i fryzurze.<\/p>","protected":false},"excerpt":{"rendered":"<p>Fioletowe peruki \u015bwietnie sprawdz\u0105 si\u0119 na wiele okazji, takich jak Halloween, imprezy tematyczne, cosplay i randki.<\/p>","protected":false},"featured_media":17064,"comment_status":"open","ping_status":"closed","template":"","meta":[],"product_brand":[],"product_cat":[83],"product_tag":[],"class_list":{"0":"post-17061","1":"product","2":"type-product","3":"status-publish","4":"has-post-thumbnail","6":"product_cat-sex-doll-accessories","8":"first","9":"instock","10":"sale","11":"shipping-taxable","12":"purchasable","13":"product-type-simple"},"_links":{"self":[{"href":"https:\/\/www.sexdollmini.com\/pl\/wp-json\/wp\/v2\/product\/17061","targetHints":{"allow":["GET"]}}],"collection":[{"href":"https:\/\/www.sexdollmini.com\/pl\/wp-json\/wp\/v2\/product"}],"about":[{"href":"https:\/\/www.sexdollmini.com\/pl\/wp-json\/wp\/v2\/types\/product"}],"replies":[{"embeddable":true,"href":"https:\/\/www.sexdollmini.com\/pl\/wp-json\/wp\/v2\/comments?post=17061"}],"wp:featuredmedia":[{"embeddable":true,"href":"https:\/\/www.sexdollmini.com\/pl\/wp-json\/wp\/v2\/media\/17064"}],"wp:attachment":[{"href":"https:\/\/www.sexdollmini.com\/pl\/wp-json\/wp\/v2\/media?parent=17061"}],"wp:term":[{"taxonomy":"product_brand","embeddable":true,"href":"https:\/\/www.sexdollmini.com\/pl\/wp-json\/wp\/v2\/product_brand?post=17061"},{"taxonomy":"product_cat","embeddable":true,"href":"https:\/\/www.sexdollmini.com\/pl\/wp-json\/wp\/v2\/product_cat?post=17061"},{"taxonomy":"product_tag","embeddable":true,"href":"https:\/\/www.sexdollmini.com\/pl\/wp-json\/wp\/v2\/product_tag?post=17061"}],"curies":[{"name":"wp","href":"https:\/\/api.w.org\/{rel}","templated":true}]}}