{"id":17176,"date":"2025-07-20T03:21:53","date_gmt":"2025-07-20T10:21:53","guid":{"rendered":"https:\/\/www.sexdollmini.com\/?post_type=product&#038;p=17176"},"modified":"2025-09-08T06:18:48","modified_gmt":"2025-09-08T13:18:48","slug":"euphemia-custom-made-flat-sex-doll","status":"publish","type":"product","link":"https:\/\/www.sexdollmini.com\/pl\/produkt\/euphemia-custom-made-flat-sex-doll\/","title":{"rendered":"P\u0142aska lalka erotyczna Euphemia wykonana na zam\u00f3wienie"},"content":{"rendered":"<p>Lalki erotyczne maj\u0105 du\u017ce oczy i ma\u0142e usta, a ich cechy inspirowane s\u0105 postaciami ze \u015bwiata anime. Wybierz swoj\u0105 ulubion\u0105 lalk\u0119 erotyczn\u0105 anime, aby sp\u0119dzi\u0107 razem ka\u017cd\u0105 romantyczn\u0105 noc i po\u017cegna\u0107 si\u0119 ze smutnymi i samotnymi dniami. Wysoko\u015b\u0107 lalek erotycznych mo\u017cna dostosowa\u0107 do indywidualnych potrzeb \u2013 dost\u0119pne s\u0105 modele o wysoko\u015bci 100 lub 125 cm. Wybierz lalk\u0119 erotyczn\u0105 anime, kt\u00f3ra b\u0119dzie pasowa\u0107 do Twojego u\u017cytku i przechowywania.<\/p>\n<p>&nbsp;<\/p>\n<p>Wysoko\u015b\u0107: 100 cm<br \/>\nPier\u015b: 49 cm<br \/>\nTalia: 38 cm<br \/>\nBiodra: 59 cm<br \/>\nG\u0142\u0119boko\u015b\u0107 odbytu: 11 cm<br \/>\nG\u0142\u0119boko\u015b\u0107 pochwy: 14 cm<br \/>\nG\u0142\u0119boko\u015b\u0107 otworu g\u0119bowego: 10 cm<br \/>\nWaga netto: 13 kg<br \/>\nMasa brutto: 15 kg<\/p>\n<p>&nbsp;<\/p>\n<p>Wysoko\u015b\u0107: 125 cm<br \/>\nPier\u015b: 55 cm<br \/>\nTalia: 42cm<br \/>\nBiodra: 62 cm<br \/>\nG\u0142\u0119boko\u015b\u0107 odbytu: 16 cm<br \/>\nG\u0142\u0119boko\u015b\u0107 pochwy: 17 cm<br \/>\nG\u0142\u0119boko\u015b\u0107 otworu g\u0119bowego: 12 cm<br \/>\nWaga netto: 17 kg<br \/>\nMasa brutto: 20 kg<\/p>\n<p>&nbsp;<\/p>\n<p>&nbsp;<\/p>\n<p>Ze wzgl\u0119du na r\u0119czne pomiary, prosz\u0119 wzi\u0105\u0107 pod uwag\u0119 r\u00f3\u017cnic\u0119 w pomiarach rz\u0119du 2\u20134 cm.<\/p>","protected":false},"excerpt":{"rendered":"<p>Malutkie lalki erotyczne anime maj\u0105 p\u0142askie klatki piersiowe i wyj\u0105tkowo delikatne rysy twarzy. Posiadaj\u0105 zar\u00f3wno kana\u0142 waginalny, jak i analny.<\/p>","protected":false},"featured_media":17208,"comment_status":"open","ping_status":"closed","template":"","meta":[],"product_brand":[],"product_cat":[53,56,57,74,18,81,27,23,70,28,30,38,73,41,82,79,39,66,80,43,40,31,69,32,77,25,33,29,20,21,34,72,19,42,44,71,76,36,35,84,75,37,78],"product_tag":[],"class_list":{"0":"post-17176","1":"product","2":"type-product","3":"status-publish","4":"has-post-thumbnail","6":"product_cat-100cm-sex-dolls","7":"product_cat-120cm-sex-dolls","8":"product_cat-125cm-sex-dolls","9":"product_cat-6ye-doll","10":"product_cat-adult-doll","11":"product_cat-aibei-doll","12":"product_cat-anime-sex-dolls","13":"product_cat-asian-sex-doll","14":"product_cat-axb-doll","15":"product_cat-blonde-sex-doll","16":"product_cat-cheap-sex-doll","17":"product_cat-chubby-sex-dolls","18":"product_cat-climax-doll","19":"product_cat-curvy-sex-dolls","20":"product_cat-dolls-castle","21":"product_cat-elsa-babe","22":"product_cat-fantasy-sex-doll","23":"product_cat-female-sex-dolls","24":"product_cat-fire-doll","25":"product_cat-flat-chested-sex-doll","26":"product_cat-full-body-sex-dolls","27":"product_cat-full-size-sex-dolls","28":"product_cat-girl-sex-dolls","29":"product_cat-hentai-sex-dolls","30":"product_cat-irontech-sex-dolls","31":"product_cat-japanese-sex-dolls","32":"product_cat-life-like-sex-dolls","33":"product_cat-life-size-sex-dolls","34":"product_cat-love-doll","35":"product_cat-miniature-sex-doll","36":"product_cat-petite-sex-dolls","37":"product_cat-qita-doll","38":"product_cat-real-doll","39":"product_cat-skinny-sex-dolls","40":"product_cat-small-breast-sex-doll","41":"product_cat-sy-doll","42":"product_cat-tantaly-sex-doll","43":"product_cat-teen-sex-dolls","44":"product_cat-tiny-sex-dolls","45":"product_cat-tpe-sex-dolls","46":"product_cat-wm-doll","47":"product_cat-young-sex-dolls","48":"product_cat-zelex-doll","50":"first","51":"instock","52":"sale","53":"shipping-taxable","54":"purchasable","55":"product-type-variable","56":"has-default-attributes"},"_links":{"self":[{"href":"https:\/\/www.sexdollmini.com\/pl\/wp-json\/wp\/v2\/product\/17176","targetHints":{"allow":["GET"]}}],"collection":[{"href":"https:\/\/www.sexdollmini.com\/pl\/wp-json\/wp\/v2\/product"}],"about":[{"href":"https:\/\/www.sexdollmini.com\/pl\/wp-json\/wp\/v2\/types\/product"}],"replies":[{"embeddable":true,"href":"https:\/\/www.sexdollmini.com\/pl\/wp-json\/wp\/v2\/comments?post=17176"}],"wp:featuredmedia":[{"embeddable":true,"href":"https:\/\/www.sexdollmini.com\/pl\/wp-json\/wp\/v2\/media\/17208"}],"wp:attachment":[{"href":"https:\/\/www.sexdollmini.com\/pl\/wp-json\/wp\/v2\/media?parent=17176"}],"wp:term":[{"taxonomy":"product_brand","embeddable":true,"href":"https:\/\/www.sexdollmini.com\/pl\/wp-json\/wp\/v2\/product_brand?post=17176"},{"taxonomy":"product_cat","embeddable":true,"href":"https:\/\/www.sexdollmini.com\/pl\/wp-json\/wp\/v2\/product_cat?post=17176"},{"taxonomy":"product_tag","embeddable":true,"href":"https:\/\/www.sexdollmini.com\/pl\/wp-json\/wp\/v2\/product_tag?post=17176"}],"curies":[{"name":"wp","href":"https:\/\/api.w.org\/{rel}","templated":true}]}}