{"id":17179,"date":"2025-07-20T03:22:00","date_gmt":"2025-07-20T10:22:00","guid":{"rendered":"https:\/\/www.sexdollmini.com\/?post_type=product&#038;p=17179"},"modified":"2025-09-08T06:18:12","modified_gmt":"2025-09-08T13:18:12","slug":"elowen-125cm-flat-anime-sex-doll","status":"publish","type":"product","link":"https:\/\/www.sexdollmini.com\/pl\/produkt\/elowen-125cm-flat-anime-sex-doll\/","title":{"rendered":"Elowen 125cm p\u0142aska seks lalka anime"},"content":{"rendered":"<p>Ta lalka erotyczna z p\u0142ask\u0105 klatk\u0105 piersiow\u0105 ma bardzo podobne rysy twarzy do tych z gier. Jest inspirowana postaciami z gier anime, a ich rysy twarzy wygl\u0105daj\u0105 wyj\u0105tkowo dzi\u0119ki tej p\u0142askiej klatce piersiowej. To wyj\u0105tkowa lalka erotyczna anime, idealna dla kolekcjoner\u00f3w i mi\u0142o\u015bnik\u00f3w odgrywania r\u00f3l. Dost\u0119pna w wysoko\u015bciach 100 i 125 cm, mamy wiele innych modeli mini lalek erotycznych do odkrycia.<\/p>\n<p>&nbsp;<\/p>\n<p>Wysoko\u015b\u0107: 100 cm<br \/>\nPier\u015b: 49 cm<br \/>\nTalia: 37 cm<br \/>\nBiodra: 58 cm<br \/>\nG\u0142\u0119boko\u015b\u0107 odbytu: 11 cm<br \/>\nG\u0142\u0119boko\u015b\u0107 pochwy: 14 cm<br \/>\nWaga netto: 12 kg<br \/>\nMasa brutto: 15 kg<\/p>\n<p>&nbsp;<\/p>\n<p>Wysoko\u015b\u0107: 125 cm<br \/>\nPier\u015b: 54 cm<br \/>\nTalia: 42cm<br \/>\nBiodra: 62 cm<br \/>\nG\u0142\u0119boko\u015b\u0107 odbytu: 13 cm<br \/>\nG\u0142\u0119boko\u015b\u0107 pochwy: 15 cm<br \/>\nWaga netto: 17 kg<br \/>\nMasa brutto: 20 kg<\/p>\n<p>&nbsp;<\/p>\n<p>&nbsp;<\/p>\n<p>Ze wzgl\u0119du na r\u0119czne pomiary, prosz\u0119 wzi\u0105\u0107 pod uwag\u0119 r\u00f3\u017cnic\u0119 w pomiarach rz\u0119du 2\u20134 cm.<\/p>","protected":false},"excerpt":{"rendered":"<p>Cia\u0142a lalek erotycznych anime wykonane s\u0105 z materia\u0142u TPE, kt\u00f3ry zapewnia mi\u0119kk\u0105 i realistyczn\u0105 sk\u00f3r\u0119, dlatego pochwa i odbyt lalek erotycznych z p\u0142ask\u0105 klatk\u0105 piersiow\u0105 s\u0105 dost\u0119pne.<\/p>","protected":false},"featured_media":17186,"comment_status":"open","ping_status":"closed","template":"","meta":[],"product_brand":[],"product_cat":[53,56,57,74,18,81,27,23,70,28,30,38,73,41,82,79,26,39,66,80,43,40,31,69,32,77,25,33,29,20,21,34,72,19,42,44,71,76,36,35,84,75,37,78],"product_tag":[],"class_list":{"0":"post-17179","1":"product","2":"type-product","3":"status-publish","4":"has-post-thumbnail","6":"product_cat-100cm-sex-dolls","7":"product_cat-120cm-sex-dolls","8":"product_cat-125cm-sex-dolls","9":"product_cat-6ye-doll","10":"product_cat-adult-doll","11":"product_cat-aibei-doll","12":"product_cat-anime-sex-dolls","13":"product_cat-asian-sex-doll","14":"product_cat-axb-doll","15":"product_cat-blonde-sex-doll","16":"product_cat-cheap-sex-doll","17":"product_cat-chubby-sex-dolls","18":"product_cat-climax-doll","19":"product_cat-curvy-sex-dolls","20":"product_cat-dolls-castle","21":"product_cat-elsa-babe","22":"product_cat-european-sex-dolls","23":"product_cat-fantasy-sex-doll","24":"product_cat-female-sex-dolls","25":"product_cat-fire-doll","26":"product_cat-flat-chested-sex-doll","27":"product_cat-full-body-sex-dolls","28":"product_cat-full-size-sex-dolls","29":"product_cat-girl-sex-dolls","30":"product_cat-hentai-sex-dolls","31":"product_cat-irontech-sex-dolls","32":"product_cat-japanese-sex-dolls","33":"product_cat-life-like-sex-dolls","34":"product_cat-life-size-sex-dolls","35":"product_cat-love-doll","36":"product_cat-miniature-sex-doll","37":"product_cat-petite-sex-dolls","38":"product_cat-qita-doll","39":"product_cat-real-doll","40":"product_cat-skinny-sex-dolls","41":"product_cat-small-breast-sex-doll","42":"product_cat-sy-doll","43":"product_cat-tantaly-sex-doll","44":"product_cat-teen-sex-dolls","45":"product_cat-tiny-sex-dolls","46":"product_cat-tpe-sex-dolls","47":"product_cat-wm-doll","48":"product_cat-young-sex-dolls","49":"product_cat-zelex-doll","51":"first","52":"instock","53":"sale","54":"shipping-taxable","55":"purchasable","56":"product-type-variable","57":"has-default-attributes"},"_links":{"self":[{"href":"https:\/\/www.sexdollmini.com\/pl\/wp-json\/wp\/v2\/product\/17179","targetHints":{"allow":["GET"]}}],"collection":[{"href":"https:\/\/www.sexdollmini.com\/pl\/wp-json\/wp\/v2\/product"}],"about":[{"href":"https:\/\/www.sexdollmini.com\/pl\/wp-json\/wp\/v2\/types\/product"}],"replies":[{"embeddable":true,"href":"https:\/\/www.sexdollmini.com\/pl\/wp-json\/wp\/v2\/comments?post=17179"}],"wp:featuredmedia":[{"embeddable":true,"href":"https:\/\/www.sexdollmini.com\/pl\/wp-json\/wp\/v2\/media\/17186"}],"wp:attachment":[{"href":"https:\/\/www.sexdollmini.com\/pl\/wp-json\/wp\/v2\/media?parent=17179"}],"wp:term":[{"taxonomy":"product_brand","embeddable":true,"href":"https:\/\/www.sexdollmini.com\/pl\/wp-json\/wp\/v2\/product_brand?post=17179"},{"taxonomy":"product_cat","embeddable":true,"href":"https:\/\/www.sexdollmini.com\/pl\/wp-json\/wp\/v2\/product_cat?post=17179"},{"taxonomy":"product_tag","embeddable":true,"href":"https:\/\/www.sexdollmini.com\/pl\/wp-json\/wp\/v2\/product_tag?post=17179"}],"curies":[{"name":"wp","href":"https:\/\/api.w.org\/{rel}","templated":true}]}}