{"id":17474,"date":"2025-07-29T23:15:48","date_gmt":"2025-07-30T06:15:48","guid":{"rendered":"https:\/\/www.sexdollmini.com\/?post_type=product&#038;p=17474"},"modified":"2025-09-08T06:15:08","modified_gmt":"2025-09-08T13:15:08","slug":"jessamine-silicone-sexy-60cm-sex-doll","status":"publish","type":"product","link":"https:\/\/www.sexdollmini.com\/pl\/produkt\/jessamine-silicone-sexy-60cm-sex-doll\/","title":{"rendered":"Jessamine silikonowa seksowna lalka erotyczna 60 cm"},"content":{"rendered":"<p>Je\u015bli szukasz realistycznej, a zarazem kompaktowej lalki erotycznej, nasza silikonowa lalka erotyczna o d\u0142ugo\u015bci 60 cm oferuje idealne po\u0142\u0105czenie realistycznej jako\u015bci i wygodnego rozmiaru. Ta ma\u0142a lalka erotyczna nie tylko zapewnia tak\u0105 sam\u0105 przyjemno\u015b\u0107 jak pe\u0142nowymiarowa lalka erotyczna, ale jest r\u00f3wnie\u017c \u0142atwa w przechowywaniu i obs\u0142udze. Nasz sklep oferuje szeroki wyb\u00f3r mini lalek erotycznych, dzi\u0119ki czemu z \u0142atwo\u015bci\u0105 znajdziesz idealn\u0105 lalk\u0119 erotyczn\u0105.<\/p>\n<p>&nbsp;<\/p>\n<p>Wysoko\u015b\u0107: 60 cm<br \/>\nKlatka piersiowa: 33 cm<br \/>\nTalia: 21 cm<br \/>\nBiodra: 36 cm<br \/>\nG\u0142\u0119boko\u015b\u0107 pochwy: 13 cm<br \/>\nG\u0142\u0119boko\u015b\u0107 odbytu: 7 cm<br \/>\nWaga: 3 kg<\/p>\n<p>&nbsp;<\/p>\n<p>Produkcja lalek erotycznych z silikonu trwa dodatkowo 2\u20134 dni.<\/p>\n<p>Ze wzgl\u0119du na r\u0119czne pomiary, prosz\u0119 wzi\u0105\u0107 pod uwag\u0119 r\u00f3\u017cnic\u0119 w pomiarach rz\u0119du 2\u20134 cm.<\/p>","protected":false},"excerpt":{"rendered":"<p>W przeciwie\u0144stwie do lalek erotycznych naturalnej wielko\u015bci, nasze silikonowe lalki erotyczne o d\u0142ugo\u015bci 60 cm s\u0105 lekkie, przeno\u015bne i \u0142atwe w czyszczeniu. Wykonane z wysokiej jako\u015bci silikonu, s\u0105 odporne na plamy przy minimalnej piel\u0119gnacji.<\/p>","protected":false},"featured_media":17483,"comment_status":"open","ping_status":"closed","template":"","meta":[],"product_brand":[],"product_cat":[47,74,18,81,27,23,70,28,30,38,73,41,82,79,39,66,80,40,31,69,32,77,25,33,29,20,148,21,34,72,19,85,42,44,71,76,36,35,75,37,78],"product_tag":[],"class_list":{"0":"post-17474","1":"product","2":"type-product","3":"status-publish","4":"has-post-thumbnail","6":"product_cat-60cm-sex-dolls","7":"product_cat-6ye-doll","8":"product_cat-adult-doll","9":"product_cat-aibei-doll","10":"product_cat-anime-sex-dolls","11":"product_cat-asian-sex-doll","12":"product_cat-axb-doll","13":"product_cat-blonde-sex-doll","14":"product_cat-cheap-sex-doll","15":"product_cat-chubby-sex-dolls","16":"product_cat-climax-doll","17":"product_cat-curvy-sex-dolls","18":"product_cat-dolls-castle","19":"product_cat-elsa-babe","20":"product_cat-fantasy-sex-doll","21":"product_cat-female-sex-dolls","22":"product_cat-fire-doll","23":"product_cat-full-body-sex-dolls","24":"product_cat-full-size-sex-dolls","25":"product_cat-girl-sex-dolls","26":"product_cat-hentai-sex-dolls","27":"product_cat-irontech-sex-dolls","28":"product_cat-japanese-sex-dolls","29":"product_cat-life-like-sex-dolls","30":"product_cat-life-size-sex-dolls","31":"product_cat-love-doll","32":"product_cat-midget-sex-doll","33":"product_cat-miniature-sex-doll","34":"product_cat-petite-sex-dolls","35":"product_cat-qita-doll","36":"product_cat-real-doll","37":"product_cat-silicone-sex-dolls","38":"product_cat-skinny-sex-dolls","39":"product_cat-small-breast-sex-doll","40":"product_cat-sy-doll","41":"product_cat-tantaly-sex-doll","42":"product_cat-teen-sex-dolls","43":"product_cat-tiny-sex-dolls","44":"product_cat-wm-doll","45":"product_cat-young-sex-dolls","46":"product_cat-zelex-doll","48":"first","49":"instock","50":"sale","51":"shipping-taxable","52":"purchasable","53":"product-type-simple"},"_links":{"self":[{"href":"https:\/\/www.sexdollmini.com\/pl\/wp-json\/wp\/v2\/product\/17474","targetHints":{"allow":["GET"]}}],"collection":[{"href":"https:\/\/www.sexdollmini.com\/pl\/wp-json\/wp\/v2\/product"}],"about":[{"href":"https:\/\/www.sexdollmini.com\/pl\/wp-json\/wp\/v2\/types\/product"}],"replies":[{"embeddable":true,"href":"https:\/\/www.sexdollmini.com\/pl\/wp-json\/wp\/v2\/comments?post=17474"}],"wp:featuredmedia":[{"embeddable":true,"href":"https:\/\/www.sexdollmini.com\/pl\/wp-json\/wp\/v2\/media\/17483"}],"wp:attachment":[{"href":"https:\/\/www.sexdollmini.com\/pl\/wp-json\/wp\/v2\/media?parent=17474"}],"wp:term":[{"taxonomy":"product_brand","embeddable":true,"href":"https:\/\/www.sexdollmini.com\/pl\/wp-json\/wp\/v2\/product_brand?post=17474"},{"taxonomy":"product_cat","embeddable":true,"href":"https:\/\/www.sexdollmini.com\/pl\/wp-json\/wp\/v2\/product_cat?post=17474"},{"taxonomy":"product_tag","embeddable":true,"href":"https:\/\/www.sexdollmini.com\/pl\/wp-json\/wp\/v2\/product_tag?post=17474"}],"curies":[{"name":"wp","href":"https:\/\/api.w.org\/{rel}","templated":true}]}}