{"id":18844,"date":"2025-09-23T21:40:04","date_gmt":"2025-09-24T04:40:04","guid":{"rendered":"https:\/\/www.sexdollmini.com\/?post_type=product&#038;p=18844"},"modified":"2026-01-12T23:34:04","modified_gmt":"2026-01-13T07:34:04","slug":"iris-chubby-mistress-88cm-sex-doll","status":"publish","type":"product","link":"https:\/\/www.sexdollmini.com\/pl\/produkt\/iris-chubby-mistress-88cm-sex-doll\/","title":{"rendered":"Iris Pulchna kochanka 88cm lalka erotyczna"},"content":{"rendered":"<p>Pulchne, bia\u0142e cia\u0142o tej 88-centymetrowej lalki erotycznej odpowiada gustom wi\u0119kszo\u015bci os\u00f3b. Sk\u00f3ra lalki z tworzywa TPE jest r\u00f3wnie\u017c wytrzyma\u0142a. Po wyczerpuj\u0105cym dniu pracy powr\u00f3t do domu i widok lalki erotycznej czekaj\u0105cej na Ciebie to kwintesencja szcz\u0119\u015bcia.<\/p>\n<p>Wysoko\u015b\u0107: 88 cm<br \/>\nWaga: 8 kg<br \/>\nBiust: 44 cm<br \/>\nTalia: 26 cm<br \/>\nBiodra: 55 cm<br \/>\nG\u0142\u0119boko\u015b\u0107 pochwy: 14 cm<br \/>\nWymiary opakowania: 84*27*23 cm<\/p>\n<p>&nbsp;<\/p>\n<p>Ze wzgl\u0119du na r\u0119czne pomiary, prosz\u0119 wzi\u0105\u0107 pod uwag\u0119 r\u00f3\u017cnic\u0119 w pomiarach rz\u0119du 2\u20134 cm.<\/p>","protected":false},"excerpt":{"rendered":"<p>Lalka erotyczna o d\u0142ugo\u015bci 88 cm ma pulchn\u0105 figur\u0119. Ta zmys\u0142owa lalka erotyczna ma zar\u00f3wno wagin\u0119, jak i odbyt.<\/p>","protected":false},"featured_media":18845,"comment_status":"open","ping_status":"closed","template":"","meta":[],"product_brand":[],"product_cat":[74,51,52,18,81,24,27,23,70,22,28,30,38,73,41,82,79,39,66,80,40,31,69,32,77,25,33,29,20,148,21,34,72,19,71,76,36,35,84,61,75,37,78],"product_tag":[],"class_list":{"0":"post-18844","1":"product","2":"type-product","3":"status-publish","4":"has-post-thumbnail","6":"product_cat-6ye-doll","7":"product_cat-88cm-sex-dolls","8":"product_cat-90cm-sex-dolls","9":"product_cat-adult-doll","10":"product_cat-aibei-doll","11":"product_cat-american-sex-doll","12":"product_cat-anime-sex-dolls","13":"product_cat-asian-sex-doll","14":"product_cat-axb-doll","15":"product_cat-bbw-sex-doll","16":"product_cat-blonde-sex-doll","17":"product_cat-cheap-sex-doll","18":"product_cat-chubby-sex-dolls","19":"product_cat-climax-doll","20":"product_cat-curvy-sex-dolls","21":"product_cat-dolls-castle","22":"product_cat-elsa-babe","23":"product_cat-fantasy-sex-doll","24":"product_cat-female-sex-dolls","25":"product_cat-fire-doll","26":"product_cat-full-body-sex-dolls","27":"product_cat-full-size-sex-dolls","28":"product_cat-girl-sex-dolls","29":"product_cat-hentai-sex-dolls","30":"product_cat-irontech-sex-dolls","31":"product_cat-japanese-sex-dolls","32":"product_cat-life-like-sex-dolls","33":"product_cat-life-size-sex-dolls","34":"product_cat-love-doll","35":"product_cat-midget-sex-doll","36":"product_cat-miniature-sex-doll","37":"product_cat-petite-sex-dolls","38":"product_cat-qita-doll","39":"product_cat-real-doll","40":"product_cat-sy-doll","41":"product_cat-tantaly-sex-doll","42":"product_cat-teen-sex-dolls","43":"product_cat-tiny-sex-dolls","44":"product_cat-tpe-sex-dolls","45":"product_cat-us-stock-sex-dolls","46":"product_cat-wm-doll","47":"product_cat-young-sex-dolls","48":"product_cat-zelex-doll","50":"first","51":"instock","52":"sale","53":"shipping-taxable","54":"purchasable","55":"product-type-simple"},"_links":{"self":[{"href":"https:\/\/www.sexdollmini.com\/pl\/wp-json\/wp\/v2\/product\/18844","targetHints":{"allow":["GET"]}}],"collection":[{"href":"https:\/\/www.sexdollmini.com\/pl\/wp-json\/wp\/v2\/product"}],"about":[{"href":"https:\/\/www.sexdollmini.com\/pl\/wp-json\/wp\/v2\/types\/product"}],"replies":[{"embeddable":true,"href":"https:\/\/www.sexdollmini.com\/pl\/wp-json\/wp\/v2\/comments?post=18844"}],"wp:featuredmedia":[{"embeddable":true,"href":"https:\/\/www.sexdollmini.com\/pl\/wp-json\/wp\/v2\/media\/18845"}],"wp:attachment":[{"href":"https:\/\/www.sexdollmini.com\/pl\/wp-json\/wp\/v2\/media?parent=18844"}],"wp:term":[{"taxonomy":"product_brand","embeddable":true,"href":"https:\/\/www.sexdollmini.com\/pl\/wp-json\/wp\/v2\/product_brand?post=18844"},{"taxonomy":"product_cat","embeddable":true,"href":"https:\/\/www.sexdollmini.com\/pl\/wp-json\/wp\/v2\/product_cat?post=18844"},{"taxonomy":"product_tag","embeddable":true,"href":"https:\/\/www.sexdollmini.com\/pl\/wp-json\/wp\/v2\/product_tag?post=18844"}],"curies":[{"name":"wp","href":"https:\/\/api.w.org\/{rel}","templated":true}]}}