{"id":15787,"date":"2025-05-10T06:57:49","date_gmt":"2025-05-10T13:57:49","guid":{"rendered":"https:\/\/www.sexdollmini.com\/?post_type=product&#038;p=15787"},"modified":"2026-03-22T10:42:11","modified_gmt":"2026-03-22T17:42:11","slug":"philippa-tiny-flat-chest-sex-doll","status":"publish","type":"product","link":"https:\/\/www.sexdollmini.com\/pt\/produto\/philippa-tiny-flat-chest-sex-doll\/","title":{"rendered":"Philippa min\u00fascula boneca sexual plana no peito"},"content":{"rendered":"<h2>Detalhes de bonecas sexuais<\/h2>\n<p>Esta boneca sexual de TPE com peito plano \u00e9 feita de um material macio e agrad\u00e1vel \u00e0 pele. H\u00e1 muitos benef\u00edcios em ter uma boneca sexual. Voc\u00ea pode abra\u00e7ar a boneca sexual antes de dormir, o que pode trazer um pouco de paz de esp\u00edrito. Voc\u00ea tamb\u00e9m pode preparar diferentes estilos de roupas para a boneca sexual (roupas profissionais, trajes de banho, etc.) para jogos de RPG, e ela tamb\u00e9m pode ser usada como modelo de natureza morta para voc\u00ea praticar esbo\u00e7os do corpo humano.<br \/>\nEssas atividades n\u00e3o s\u00f3 podem tornar sua vida mais interessante, como tamb\u00e9m ajudar voc\u00ea a relaxar e aprimorar sua criatividade. O mais importante \u00e9 encontrar uma maneira de interagir que o fa\u00e7a se sentir confort\u00e1vel e feliz.<\/p>\n<p>&nbsp;<\/p>\n<p>Altura: 100 cm<br \/>\nPeito: 46cm<br \/>\nCintura: 38cm<br \/>\nQuadril: 59 cm<br \/>\nProfundidade do \u00e2nus: 8 cm<br \/>\nProfundidade da vagina: 14 cm<br \/>\nProfundidade da boca: 12 cm<br \/>\nPeso l\u00edquido: 13 kg<br \/>\nPeso bruto: 15 kg<\/p>\n<p>&nbsp;<\/p>\n<p>Altura: 125 cm<br \/>\nPeito: 55cm<br \/>\nCintura: 42cm<br \/>\nQuadril: 62 cm<br \/>\nProfundidade do \u00e2nus: 16 cm<br \/>\nProfundidade da vagina: 17 cm<br \/>\nProfundidade da boca: 12 cm<br \/>\nPeso l\u00edquido: 17 kg<br \/>\nPeso bruto: 20 kg<\/p>\n<p>&nbsp;<\/p>\n<p>&nbsp;<\/p>\n<p>Considere uma diferen\u00e7a de 2 a 4 cm na medi\u00e7\u00e3o manual devido \u00e0 medi\u00e7\u00e3o manual.<\/p>","protected":false},"excerpt":{"rendered":"<p>A maneira de se dar bem com uma boneca TPE \u00e9 transformar a simples companhia em um ritual de vida acolhedor. Ela n\u00e3o fala, mas pode ser sua ouvinte mais fiel.<\/p>","protected":false},"featured_media":15805,"comment_status":"open","ping_status":"closed","template":"","meta":[],"product_brand":[],"product_cat":[53,56,57,74,18,81,24,27,23,64,70,28,65,30,38,73,41,82,79,62,26,39,66,80,43,40,31,69,32,77,25,33,29,20,21,34,72,19,42,44,71,76,36,35,84,63,61,75,37,78],"product_tag":[],"class_list":{"0":"post-15787","1":"product","2":"type-product","3":"status-publish","4":"has-post-thumbnail","6":"product_cat-100cm-sex-dolls","7":"product_cat-120cm-sex-dolls","8":"product_cat-125cm-sex-dolls","9":"product_cat-6ye-doll","10":"product_cat-adult-doll","11":"product_cat-aibei-doll","12":"product_cat-american-sex-doll","13":"product_cat-anime-sex-dolls","14":"product_cat-asian-sex-doll","15":"product_cat-australia-stock-sex-doll","16":"product_cat-axb-doll","17":"product_cat-blonde-sex-doll","18":"product_cat-canada-stock-sex-doll","19":"product_cat-cheap-sex-doll","20":"product_cat-chubby-sex-dolls","21":"product_cat-climax-doll","22":"product_cat-curvy-sex-dolls","23":"product_cat-dolls-castle","24":"product_cat-elsa-babe","25":"product_cat-eu-stock-sex-doll","26":"product_cat-european-sex-dolls","27":"product_cat-fantasy-sex-doll","28":"product_cat-female-sex-dolls","29":"product_cat-fire-doll","30":"product_cat-flat-chested-sex-doll","31":"product_cat-full-body-sex-dolls","32":"product_cat-full-size-sex-dolls","33":"product_cat-girl-sex-dolls","34":"product_cat-hentai-sex-dolls","35":"product_cat-irontech-sex-dolls","36":"product_cat-japanese-sex-dolls","37":"product_cat-life-like-sex-dolls","38":"product_cat-life-size-sex-dolls","39":"product_cat-love-doll","40":"product_cat-miniature-sex-doll","41":"product_cat-petite-sex-dolls","42":"product_cat-qita-doll","43":"product_cat-real-doll","44":"product_cat-skinny-sex-dolls","45":"product_cat-small-breast-sex-doll","46":"product_cat-sy-doll","47":"product_cat-tantaly-sex-doll","48":"product_cat-teen-sex-dolls","49":"product_cat-tiny-sex-dolls","50":"product_cat-tpe-sex-dolls","51":"product_cat-uk-stock-sex-doll","52":"product_cat-us-stock-sex-dolls","53":"product_cat-wm-doll","54":"product_cat-young-sex-dolls","55":"product_cat-zelex-doll","57":"first","58":"instock","59":"sale","60":"shipping-taxable","61":"purchasable","62":"product-type-variable","63":"has-default-attributes"},"_links":{"self":[{"href":"https:\/\/www.sexdollmini.com\/pt\/wp-json\/wp\/v2\/product\/15787","targetHints":{"allow":["GET"]}}],"collection":[{"href":"https:\/\/www.sexdollmini.com\/pt\/wp-json\/wp\/v2\/product"}],"about":[{"href":"https:\/\/www.sexdollmini.com\/pt\/wp-json\/wp\/v2\/types\/product"}],"replies":[{"embeddable":true,"href":"https:\/\/www.sexdollmini.com\/pt\/wp-json\/wp\/v2\/comments?post=15787"}],"wp:featuredmedia":[{"embeddable":true,"href":"https:\/\/www.sexdollmini.com\/pt\/wp-json\/wp\/v2\/media\/15805"}],"wp:attachment":[{"href":"https:\/\/www.sexdollmini.com\/pt\/wp-json\/wp\/v2\/media?parent=15787"}],"wp:term":[{"taxonomy":"product_brand","embeddable":true,"href":"https:\/\/www.sexdollmini.com\/pt\/wp-json\/wp\/v2\/product_brand?post=15787"},{"taxonomy":"product_cat","embeddable":true,"href":"https:\/\/www.sexdollmini.com\/pt\/wp-json\/wp\/v2\/product_cat?post=15787"},{"taxonomy":"product_tag","embeddable":true,"href":"https:\/\/www.sexdollmini.com\/pt\/wp-json\/wp\/v2\/product_tag?post=15787"}],"curies":[{"name":"wp","href":"https:\/\/api.w.org\/{rel}","templated":true}]}}