{"id":16268,"date":"2025-06-09T00:33:45","date_gmt":"2025-06-09T07:33:45","guid":{"rendered":"https:\/\/www.sexdollmini.com\/?post_type=product&#038;p=16268"},"modified":"2025-08-03T19:23:46","modified_gmt":"2025-08-04T02:23:46","slug":"orva-flat-half-body-sex-doll-torso","status":"publish","type":"product","link":"https:\/\/www.sexdollmini.com\/pt\/produto\/orva-flat-half-body-sex-doll-torso\/","title":{"rendered":"Orva Tronco de Boneca Sexual de Meio Corpo Plano"},"content":{"rendered":"<h2>Detalhes de bonecas sexuais<\/h2>\n<p>O torso de boneca sexual com peito plano \u00e9 muito popular entre os jogadores, e o peito plano \u00e9 a caracter\u00edstica desta boneca sexual. Ela n\u00e3o s\u00f3 pode satisfazer suas necessidades sexuais, mas tamb\u00e9m ser colecionada como um tesouro. O torso de boneca sexual de meio corpo com peito plano \u00e9 f\u00e1cil de guardar e transportar. Se voc\u00ea precisa se mudar ou viajar com frequ\u00eancia, n\u00e3o ter\u00e1 muitos problemas para colecionar esta boneca sexual, e o torso de meio corpo pode economizar muito espa\u00e7o.<\/p>\n<p>Altura: 47 cm<br \/>\nBusto: 47cm<br \/>\nCintura: 42cm<br \/>\nQuadril: 70cm<br \/>\nLargura dos ombros: 25 cm<br \/>\nProfundidade da vagina: 16 cm<br \/>\nProfundidade do \u00e2nus: 16cm<br \/>\nPeso l\u00edquido: 9 kg<br \/>\nEspecifica\u00e7\u00e3o da caixa: 65*34*29<br \/>\nPeso bruto: 12 kg<\/p>\n<p>&nbsp;<\/p>\n<p>Considere uma diferen\u00e7a de 2 a 4 cm na medi\u00e7\u00e3o manual devido \u00e0 medi\u00e7\u00e3o manual.<\/p>","protected":false},"excerpt":{"rendered":"<p>Dicas para cuidar de bonecas sexuais: Evite escolher roupas de cores escuras para bonecas sexuais e evite que roupas de cores escuras entrem em contato com materiais TPE por muito tempo para evitar manchas.<br \/>\nSe voc\u00ea quer que a boneca sexual dure mais, \u00e9 recomend\u00e1vel escolher uma almofada macia para ela e mant\u00ea-la em uma postura natural.<\/p>","protected":false},"featured_media":16270,"comment_status":"open","ping_status":"closed","template":"","meta":[],"product_brand":[],"product_cat":[18,73,82,79,66,80,43,146,20,21,34,60,42,71,84,75,78],"product_tag":[],"class_list":{"0":"post-16268","1":"product","2":"type-product","3":"status-publish","4":"has-post-thumbnail","6":"product_cat-adult-doll","7":"product_cat-climax-doll","8":"product_cat-dolls-castle","9":"product_cat-elsa-babe","10":"product_cat-female-sex-dolls","11":"product_cat-fire-doll","12":"product_cat-flat-chested-sex-doll","13":"product_cat-half-body-sex-doll-torso","14":"product_cat-love-doll","15":"product_cat-miniature-sex-doll","16":"product_cat-petite-sex-dolls","17":"product_cat-sex-doll-torso","18":"product_cat-skinny-sex-dolls","19":"product_cat-sy-doll","20":"product_cat-tpe-sex-dolls","21":"product_cat-wm-doll","22":"product_cat-zelex-doll","24":"first","25":"instock","26":"sale","27":"shipping-taxable","28":"purchasable","29":"product-type-simple"},"_links":{"self":[{"href":"https:\/\/www.sexdollmini.com\/pt\/wp-json\/wp\/v2\/product\/16268","targetHints":{"allow":["GET"]}}],"collection":[{"href":"https:\/\/www.sexdollmini.com\/pt\/wp-json\/wp\/v2\/product"}],"about":[{"href":"https:\/\/www.sexdollmini.com\/pt\/wp-json\/wp\/v2\/types\/product"}],"replies":[{"embeddable":true,"href":"https:\/\/www.sexdollmini.com\/pt\/wp-json\/wp\/v2\/comments?post=16268"}],"wp:featuredmedia":[{"embeddable":true,"href":"https:\/\/www.sexdollmini.com\/pt\/wp-json\/wp\/v2\/media\/16270"}],"wp:attachment":[{"href":"https:\/\/www.sexdollmini.com\/pt\/wp-json\/wp\/v2\/media?parent=16268"}],"wp:term":[{"taxonomy":"product_brand","embeddable":true,"href":"https:\/\/www.sexdollmini.com\/pt\/wp-json\/wp\/v2\/product_brand?post=16268"},{"taxonomy":"product_cat","embeddable":true,"href":"https:\/\/www.sexdollmini.com\/pt\/wp-json\/wp\/v2\/product_cat?post=16268"},{"taxonomy":"product_tag","embeddable":true,"href":"https:\/\/www.sexdollmini.com\/pt\/wp-json\/wp\/v2\/product_tag?post=16268"}],"curies":[{"name":"wp","href":"https:\/\/api.w.org\/{rel}","templated":true}]}}