{"id":8,"date":"2025-03-23T08:36:16","date_gmt":"2025-03-23T15:36:16","guid":{"rendered":"https:\/\/www.sexdollmini.com\/cart\/"},"modified":"2025-03-23T08:47:29","modified_gmt":"2025-03-23T15:47:29","slug":"cart","status":"publish","type":"page","link":"https:\/\/www.sexdollmini.com\/ro\/cart\/","title":{"rendered":"Cart"},"content":{"rendered":"<div data-block-name=\"woocommerce\/cart\" class=\"wp-block-woocommerce-cart alignwide is-loading\">\n<div data-block-name=\"woocommerce\/filled-cart-block\" class=\"wp-block-woocommerce-filled-cart-block\">\n<div data-block-name=\"woocommerce\/cart-items-block\" class=\"wp-block-woocommerce-cart-items-block\">\n<div data-block-name=\"woocommerce\/cart-line-items-block\" class=\"wp-block-woocommerce-cart-line-items-block\"><\/div>\n\n\n\n<div data-block-name=\"woocommerce\/cart-cross-sells-block\" class=\"wp-block-woocommerce-cart-cross-sells-block\">\n<h2 class=\"wp-block-heading has-large-font-size\">S-ar putea s\u0103 v\u0103 intereseze\u2026<\/h2>\n\n\n\n<div data-block-name=\"woocommerce\/cart-cross-sells-products-block\" class=\"wp-block-woocommerce-cart-cross-sells-products-block\"><\/div>\n<\/div>\n<\/div>\n\n\n\n<div data-block-name=\"woocommerce\/cart-totals-block\" class=\"wp-block-woocommerce-cart-totals-block\">\n<div data-block-name=\"woocommerce\/cart-order-summary-block\" class=\"wp-block-woocommerce-cart-order-summary-block\">\n<div data-block-name=\"woocommerce\/cart-order-summary-heading-block\" class=\"wp-block-woocommerce-cart-order-summary-heading-block\"><\/div><div data-block-name=\"woocommerce\/cart-order-summary-coupon-form-block\" class=\"wp-block-woocommerce-cart-order-summary-coupon-form-block\"><\/div><div data-block-name=\"woocommerce\/cart-order-summary-totals-block\" class=\"wp-block-woocommerce-cart-order-summary-totals-block\">\n<div data-block-name=\"woocommerce\/cart-order-summary-subtotal-block\" class=\"wp-block-woocommerce-cart-order-summary-subtotal-block\"><\/div>\n<div data-block-name=\"woocommerce\/cart-order-summary-discount-block\" class=\"wp-block-woocommerce-cart-order-summary-discount-block\"><\/div>\n<div data-block-name=\"woocommerce\/cart-order-summary-fee-block\" class=\"wp-block-woocommerce-cart-order-summary-fee-block\"><\/div>\n<div data-block-name=\"woocommerce\/cart-order-summary-shipping-block\" class=\"wp-block-woocommerce-cart-order-summary-shipping-block\"><\/div>\n<div data-block-name=\"woocommerce\/cart-order-summary-taxes-block\" class=\"wp-block-woocommerce-cart-order-summary-taxes-block\"><\/div><\/div>\n<\/div>\n\n\n\n<div data-block-name=\"woocommerce\/cart-express-payment-block\" class=\"wp-block-woocommerce-cart-express-payment-block\"><\/div>\n\n\n\n<div data-block-name=\"woocommerce\/proceed-to-checkout-block\" class=\"wp-block-woocommerce-proceed-to-checkout-block\"><\/div>\n\n\n\n<div data-block-name=\"woocommerce\/cart-accepted-payment-methods-block\" class=\"wp-block-woocommerce-cart-accepted-payment-methods-block\"><\/div>\n<\/div>\n<\/div>\n\n\n\n<div data-block-name=\"woocommerce\/empty-cart-block\" class=\"wp-block-woocommerce-empty-cart-block\">\n<h2 class=\"wp-block-heading has-text-align-center with-empty-cart-icon wc-block-cart__empty-cart__title\">Co\u0219ul t\u0103u este momentan gol!<\/h2>\n\n\n\n<hr class=\"wp-block-separator has-alpha-channel-opacity is-style-dots\"\/>\n\n\n\n<h2 class=\"wp-block-heading has-text-align-center\">Nou \u00een magazin<\/h2>\n\n\n<div data-block-name=\"woocommerce\/product-new\" data-columns=\"4\" data-rows=\"1\" class=\"wc-block-grid wp-block-product-new wp-block-woocommerce-product-new wc-block-product-new has-4-columns\"><ul class=\"wc-block-grid__products\"><li class=\"wc-block-grid__product\">\n\t\t\t\t<a href=\"https:\/\/www.sexdollmini.com\/ro\/produs\/peregrine-65cm-white-petite-sex-doll\/\" class=\"wc-block-grid__product-link\">\n\t\t\t\t\t<div class=\"wc-block-grid__product-onsale\">\n\t\t\t<span aria-hidden=\"true\">Reduce<\/span>\n\t\t\t<span class=\"screen-reader-text\">Produs cu reducere<\/span>\n\t\t<\/div>\n\t\t\t\t\t<div class=\"wc-block-grid__product-image\"><img decoding=\"async\" width=\"430\" height=\"538\" src=\"https:\/\/www.sexdollmini.com\/wp-content\/uploads\/2025\/10\/Peregrine-sex-doll6-430x538.jpg\" class=\"attachment-woocommerce_thumbnail size-woocommerce_thumbnail\" alt=\"P\u0103pu\u0219\u0103 sexual\u0103 realist\u0103 cu caracteristici detaliate \u0219i piele moale din silicon, perfect\u0103 pentru companie \u0219i intimitate, op\u021biuni personalizabile disponibile pe Sexdollmini.com.\" title=\"-\"><\/div>\n\t\t\t\t\t<div class=\"wc-block-grid__product-title\">P\u0103pu\u0219\u0103 sexual\u0103 mic\u0103 alb\u0103 Peregrine 65cm<\/div>\n\t\t\t\t<\/a>\n\t\t\t\t<div class=\"wc-block-grid__product-price price\"><span class=\"wmc-cache-pid\" data-wmc_product_id=\"19509\"><del aria-hidden=\"true\"><span class=\"woocommerce-Price-amount amount\"><span class=\"woocommerce-Price-currencySymbol\">&#036;<\/span>619.65<\/span><\/del> <span class=\"screen-reader-text\">Pre\u021bul ini\u021bial a fost: $619.65.<\/span><ins aria-hidden=\"true\"><span class=\"woocommerce-Price-amount amount\"><span class=\"woocommerce-Price-currencySymbol\">&#036;<\/span>320.75<\/span><\/ins><span class=\"screen-reader-text\">Pre\u021bul curent este: $320.75.<\/span><\/span><\/div>\n\t\t\t\t\n\t\t\t\t<div class=\"wp-block-button wc-block-grid__product-add-to-cart\"><a href=\"\/ro\/wp-json\/wp\/v2\/pages\/8?add-to-cart=19509\" aria-label=\"Adaug\u0103 \u00een co\u0219: &amp;lbquo;Peregrine 65cm White Petite Sex Doll\u201d\" data-quantity=\"1\" data-product_id=\"19509\" data-product_sku=\"rra-70-2\" data-price=\"320.75\" rel=\"nofollow\" class=\"wp-block-button__link  add_to_cart_button ajax_add_to_cart\">Ad\u0103ug\u0103 \u00een co\u0219<\/a><\/div>\n\t\t\t<\/li><li class=\"wc-block-grid__product\">\n\t\t\t\t<a href=\"https:\/\/www.sexdollmini.com\/ro\/produs\/cassiopeia-68cm-micro-auburn-sex-doll\/\" class=\"wc-block-grid__product-link\">\n\t\t\t\t\t<div class=\"wc-block-grid__product-onsale\">\n\t\t\t<span aria-hidden=\"true\">Reduce<\/span>\n\t\t\t<span class=\"screen-reader-text\">Produs cu reducere<\/span>\n\t\t<\/div>\n\t\t\t\t\t<div class=\"wc-block-grid__product-image\"><img decoding=\"async\" width=\"430\" height=\"538\" src=\"https:\/\/www.sexdollmini.com\/wp-content\/uploads\/2025\/10\/Cassiopeia-sex-doll1-430x538.jpg\" class=\"attachment-woocommerce_thumbnail size-woocommerce_thumbnail\" alt=\"P\u0103pu\u0219\u0103 sexual\u0103 realist\u0103 cu caracteristici detaliate, piele moale din silicon \u0219i op\u021biuni personalizabile pentru companie adult\u0103, perfect\u0103 pentru distrac\u021bie intim\u0103 \u0219i tov\u0103r\u0103\u0219ie.\" title=\"-\"><\/div>\n\t\t\t\t\t<div class=\"wc-block-grid__product-title\">Cassiopeia 68 cm Micro Auburn P\u0103pu\u0219\u0103 sexual\u0103<\/div>\n\t\t\t\t<\/a>\n\t\t\t\t<div class=\"wc-block-grid__product-price price\"><span class=\"wmc-cache-pid\" data-wmc_product_id=\"19488\"><del aria-hidden=\"true\"><span class=\"woocommerce-Price-amount amount\"><span class=\"woocommerce-Price-currencySymbol\">&#036;<\/span>687.49<\/span><\/del> <span class=\"screen-reader-text\">Pre\u021bul ini\u021bial a fost: $687.49.<\/span><ins aria-hidden=\"true\"><span class=\"woocommerce-Price-amount amount\"><span class=\"woocommerce-Price-currencySymbol\">&#036;<\/span>326.75<\/span><\/ins><span class=\"screen-reader-text\">Pre\u021bul curent este: $326.75.<\/span><\/span><\/div>\n\t\t\t\t\n\t\t\t\t<div class=\"wp-block-button wc-block-grid__product-add-to-cart\"><a href=\"\/ro\/wp-json\/wp\/v2\/pages\/8?add-to-cart=19488\" aria-label=\"Adaug\u0103 \u00een co\u0219: &amp;lbquo;Cassiopeia 68cm Micro Auburn Sex Doll\u201d\" data-quantity=\"1\" data-product_id=\"19488\" data-product_sku=\"rra-70-1\" data-price=\"326.75\" rel=\"nofollow\" class=\"wp-block-button__link  add_to_cart_button ajax_add_to_cart\">Ad\u0103ug\u0103 \u00een co\u0219<\/a><\/div>\n\t\t\t<\/li><li class=\"wc-block-grid__product\">\n\t\t\t\t<a href=\"https:\/\/www.sexdollmini.com\/ro\/produs\/avalon-flat-chest-cosplay-sex-doll\/\" class=\"wc-block-grid__product-link\">\n\t\t\t\t\t<div class=\"wc-block-grid__product-onsale\">\n\t\t\t<span aria-hidden=\"true\">Reduce<\/span>\n\t\t\t<span class=\"screen-reader-text\">Produs cu reducere<\/span>\n\t\t<\/div>\n\t\t\t\t\t<div class=\"wc-block-grid__product-image\"><img decoding=\"async\" width=\"430\" height=\"538\" src=\"https:\/\/www.sexdollmini.com\/wp-content\/uploads\/2025\/10\/Avalon-sex-doll5-430x538.jpg\" class=\"attachment-woocommerce_thumbnail size-woocommerce_thumbnail\" alt=\"P\u0103pu\u0219\u0103 sexual\u0103 realist\u0103 cu aspect tineresc, \u021bin\u00e2nd baloane turcoaz, tr\u0103s\u0103turi faciale delicate, p\u0103r lung \u0219i \u0219aten \u0219i \u00eembr\u0103cat\u0103 \u00eentr-o rochie albastru deschis, conceput\u0103 pentru pl\u0103cerea \u0219i compania adul\u021bilor.\" title=\"-\"><\/div>\n\t\t\t\t\t<div class=\"wc-block-grid__product-title\">P\u0103pu\u0219\u0103 sexual\u0103 Avalan cu piept plat pentru cosplay<\/div>\n\t\t\t\t<\/a>\n\t\t\t\t<div class=\"wc-block-grid__product-price price\"><span class=\"wmc-cache-pid\" data-wmc_product_id=\"19475\"><span class=\"woocommerce-Price-amount amount\"><span class=\"woocommerce-Price-currencySymbol\">&#036;<\/span>426.82<\/span> <span aria-hidden=\"true\">\u2013<\/span> <span class=\"woocommerce-Price-amount amount\"><span class=\"woocommerce-Price-currencySymbol\">&#036;<\/span>609.01<\/span><span class=\"screen-reader-text\">Interval de pre\u021buri: $426.82 p\u00e2n\u0103 la $609.01<\/span><\/span><\/div>\n\t\t\t\t\n\t\t\t\t<div class=\"wp-block-button wc-block-grid__product-add-to-cart\"><a href=\"https:\/\/www.sexdollmini.com\/ro\/produs\/avalon-flat-chest-cosplay-sex-doll\/\" aria-label=\"Selecteaz\u0103 op\u021biuni pentru \u201eAvalon Flat Chest Cosplay Sex Doll\u201d\" data-quantity=\"1\" data-product_id=\"19475\" data-product_sku=\"mimi-102\" data-price=\"426.82\" rel=\"nofollow\" class=\"wp-block-button__link  add_to_cart_button\">Selecteaz\u0103 op\u021biunile<\/a><\/div>\n\t\t\t<\/li><li class=\"wc-block-grid__product\">\n\t\t\t\t<a href=\"https:\/\/www.sexdollmini.com\/ro\/produs\/aurelie-68cm-miniature-girl-sex-doll\/\" class=\"wc-block-grid__product-link\">\n\t\t\t\t\t<div class=\"wc-block-grid__product-onsale\">\n\t\t\t<span aria-hidden=\"true\">Reduce<\/span>\n\t\t\t<span class=\"screen-reader-text\">Produs cu reducere<\/span>\n\t\t<\/div>\n\t\t\t\t\t<div class=\"wc-block-grid__product-image\"><img decoding=\"async\" width=\"430\" height=\"538\" src=\"https:\/\/www.sexdollmini.com\/wp-content\/uploads\/2025\/10\/Aurelie-sex-doll6-430x538.jpg\" class=\"attachment-woocommerce_thumbnail size-woocommerce_thumbnail\" alt=\"P\u0103pu\u0219\u0103 sexual\u0103 dr\u0103gu\u021b\u0103 din silicon, p\u0103pu\u0219\u0103 sexual\u0103 mini realist\u0103 pentru pl\u0103cerea adul\u021bilor, p\u0103pu\u0219\u0103 erotic\u0103 de dimensiuni mici cu tr\u0103s\u0103turi realiste pentru momente intime, perfect\u0103 pentru companie discret\u0103 \u0219i satisfac\u021bie sexual\u0103, conceput\u0103 pentru experien\u021be realiste.\" title=\"-\"><\/div>\n\t\t\t\t\t<div class=\"wc-block-grid__product-title\">P\u0103pu\u0219\u0103 sexual\u0103 miniatural\u0103 Aurelie 68cm<\/div>\n\t\t\t\t<\/a>\n\t\t\t\t<div class=\"wc-block-grid__product-price price\"><span class=\"wmc-cache-pid\" data-wmc_product_id=\"19438\"><del aria-hidden=\"true\"><span class=\"woocommerce-Price-amount amount\"><span class=\"woocommerce-Price-currencySymbol\">&#036;<\/span>655.73<\/span><\/del> <span class=\"screen-reader-text\">Pre\u021bul ini\u021bial a fost: $655.73.<\/span><ins aria-hidden=\"true\"><span class=\"woocommerce-Price-amount amount\"><span class=\"woocommerce-Price-currencySymbol\">&#036;<\/span>318.98<\/span><\/ins><span class=\"screen-reader-text\">Pre\u021bul curent este: $318.98.<\/span><\/span><\/div>\n\t\t\t\t\n\t\t\t\t<div class=\"wp-block-button wc-block-grid__product-add-to-cart\"><a href=\"\/ro\/wp-json\/wp\/v2\/pages\/8?add-to-cart=19438\" aria-label=\"Adaug\u0103 \u00een co\u0219: &amp;lbquo;Aurelie 68cm Miniature Girl Sex Doll\u201d\" data-quantity=\"1\" data-product_id=\"19438\" data-product_sku=\"rra-70\" data-price=\"318.98\" rel=\"nofollow\" class=\"wp-block-button__link  add_to_cart_button ajax_add_to_cart\">Ad\u0103ug\u0103 \u00een co\u0219<\/a><\/div>\n\t\t\t<\/li><\/ul><\/div><\/div>\n<\/div>","protected":false},"excerpt":{"rendered":"","protected":false},"author":1,"featured_media":0,"parent":0,"menu_order":0,"comment_status":"closed","ping_status":"closed","template":"","meta":{"footnotes":""},"class_list":["post-8","page","type-page","status-publish","hentry"],"_links":{"self":[{"href":"https:\/\/www.sexdollmini.com\/ro\/wp-json\/wp\/v2\/pages\/8","targetHints":{"allow":["GET"]}}],"collection":[{"href":"https:\/\/www.sexdollmini.com\/ro\/wp-json\/wp\/v2\/pages"}],"about":[{"href":"https:\/\/www.sexdollmini.com\/ro\/wp-json\/wp\/v2\/types\/page"}],"author":[{"embeddable":true,"href":"https:\/\/www.sexdollmini.com\/ro\/wp-json\/wp\/v2\/users\/1"}],"replies":[{"embeddable":true,"href":"https:\/\/www.sexdollmini.com\/ro\/wp-json\/wp\/v2\/comments?post=8"}],"version-history":[{"count":0,"href":"https:\/\/www.sexdollmini.com\/ro\/wp-json\/wp\/v2\/pages\/8\/revisions"}],"wp:attachment":[{"href":"https:\/\/www.sexdollmini.com\/ro\/wp-json\/wp\/v2\/media?parent=8"}],"curies":[{"name":"wp","href":"https:\/\/api.w.org\/{rel}","templated":true}]}}