{"id":15877,"date":"2025-05-10T20:18:32","date_gmt":"2025-05-11T03:18:32","guid":{"rendered":"https:\/\/www.sexdollmini.com\/?post_type=product&#038;p=15877"},"modified":"2026-02-21T02:05:05","modified_gmt":"2026-02-21T10:05:05","slug":"little-flat-little-asian-sex-doll","status":"publish","type":"product","link":"https:\/\/www.sexdollmini.com\/ro\/produs\/little-flat-little-asian-sex-doll\/","title":{"rendered":"P\u0103pu\u0219\u0103 sexual\u0103 asiatic\u0103 mic\u0103 \u0219i plat\u0103"},"content":{"rendered":"<h2>Detalii despre p\u0103pu\u0219ile sexuale<\/h2>\n<p>Pielea alb\u0103 a p\u0103pu\u0219ii sexuale o face s\u0103 arate extrem de bl\u00e2nd\u0103, iar p\u0103pu\u0219a sexual\u0103 este ca o pisicu\u021b\u0103 bl\u00e2nd\u0103. \u00ce\u021bi po\u021bi \u00eembr\u0103ca micu\u021ba p\u0103pu\u0219\u0103 sexual\u0103 \u00een stilul t\u0103u preferat. Stilul vestimentar poate fi bl\u00e2nd, pasional \u0219i sexy. P\u0103pu\u0219ile sexuale \u00ee\u0219i pot ar\u0103ta diferitele personalit\u0103\u021bi purt\u00e2nd diferite stiluri de haine. Fiecare zi cu aceast\u0103 p\u0103pu\u0219\u0103 sexual\u0103 dr\u0103gu\u021b\u0103 este ca o zi s\u0103rutat\u0103 de soare.<\/p>\n<p>&nbsp;<\/p>\n<p>\u00cen\u0103l\u021bime: 100 cm<br \/>\nPiept: 46 cm<br \/>\nTalie: 38 cm<br \/>\n\u0218old: 59 cm<br \/>\nAd\u00e2ncimea anusului: 8 cm<br \/>\nAd\u00e2ncimea vaginului: 14 cm<br \/>\nAd\u00e2ncimea gurii: 12 cm<br \/>\nGreutate net\u0103: 13 kg<br \/>\nGreutate brut\u0103: 15 kg<\/p>\n<p>&nbsp;<\/p>\n<p>\u00cen\u0103l\u021bime: 125 cm<br \/>\nPiept: 55 cm<br \/>\nTalie: 42 cm<br \/>\n\u0218old: 62 cm<br \/>\nAd\u00e2ncimea anusului: 16 cm<br \/>\nAd\u00e2ncimea vaginului: 17 cm<br \/>\nAd\u00e2ncimea gurii: 12 cm<br \/>\nGreutate net\u0103: 17 kg<br \/>\nGreutate brut\u0103: 20 kg<\/p>\n<p>&nbsp;<\/p>\n<p>&nbsp;<\/p>\n<p>V\u0103 rug\u0103m s\u0103 permite\u021bi o diferen\u021b\u0103 de m\u0103surare manual\u0103 de 2-4 cm din cauza m\u0103sur\u0103rii manuale.<\/p>","protected":false},"excerpt":{"rendered":"<p>\u00cen\u0103l\u021bimea p\u0103pu\u0219ii sexuale cu pieptul plat poate fi selectat\u0103. P\u0103pu\u0219a sexual\u0103 este fabricat\u0103 din material TPE \u0219i se simte realist\u0103.<\/p>","protected":false},"featured_media":15894,"comment_status":"open","ping_status":"closed","template":"","meta":[],"product_brand":[],"product_cat":[53,56,57,74,18,81,24,27,23,64,70,28,65,30,38,73,41,82,79,62,26,39,66,80,43,40,31,69,32,77,25,33,29,20,21,34,72,19,42,44,71,76,36,35,84,63,61,75,37,78],"product_tag":[],"class_list":{"0":"post-15877","1":"product","2":"type-product","3":"status-publish","4":"has-post-thumbnail","6":"product_cat-100cm-sex-dolls","7":"product_cat-120cm-sex-dolls","8":"product_cat-125cm-sex-dolls","9":"product_cat-6ye-doll","10":"product_cat-adult-doll","11":"product_cat-aibei-doll","12":"product_cat-american-sex-doll","13":"product_cat-anime-sex-dolls","14":"product_cat-asian-sex-doll","15":"product_cat-australia-stock-sex-doll","16":"product_cat-axb-doll","17":"product_cat-blonde-sex-doll","18":"product_cat-canada-stock-sex-doll","19":"product_cat-cheap-sex-doll","20":"product_cat-chubby-sex-dolls","21":"product_cat-climax-doll","22":"product_cat-curvy-sex-dolls","23":"product_cat-dolls-castle","24":"product_cat-elsa-babe","25":"product_cat-eu-stock-sex-doll","26":"product_cat-european-sex-dolls","27":"product_cat-fantasy-sex-doll","28":"product_cat-female-sex-dolls","29":"product_cat-fire-doll","30":"product_cat-flat-chested-sex-doll","31":"product_cat-full-body-sex-dolls","32":"product_cat-full-size-sex-dolls","33":"product_cat-girl-sex-dolls","34":"product_cat-hentai-sex-dolls","35":"product_cat-irontech-sex-dolls","36":"product_cat-japanese-sex-dolls","37":"product_cat-life-like-sex-dolls","38":"product_cat-life-size-sex-dolls","39":"product_cat-love-doll","40":"product_cat-miniature-sex-doll","41":"product_cat-petite-sex-dolls","42":"product_cat-qita-doll","43":"product_cat-real-doll","44":"product_cat-skinny-sex-dolls","45":"product_cat-small-breast-sex-doll","46":"product_cat-sy-doll","47":"product_cat-tantaly-sex-doll","48":"product_cat-teen-sex-dolls","49":"product_cat-tiny-sex-dolls","50":"product_cat-tpe-sex-dolls","51":"product_cat-uk-stock-sex-doll","52":"product_cat-us-stock-sex-dolls","53":"product_cat-wm-doll","54":"product_cat-young-sex-dolls","55":"product_cat-zelex-doll","57":"first","58":"instock","59":"sale","60":"shipping-taxable","61":"purchasable","62":"product-type-variable","63":"has-default-attributes"},"_links":{"self":[{"href":"https:\/\/www.sexdollmini.com\/ro\/wp-json\/wp\/v2\/product\/15877","targetHints":{"allow":["GET"]}}],"collection":[{"href":"https:\/\/www.sexdollmini.com\/ro\/wp-json\/wp\/v2\/product"}],"about":[{"href":"https:\/\/www.sexdollmini.com\/ro\/wp-json\/wp\/v2\/types\/product"}],"replies":[{"embeddable":true,"href":"https:\/\/www.sexdollmini.com\/ro\/wp-json\/wp\/v2\/comments?post=15877"}],"wp:featuredmedia":[{"embeddable":true,"href":"https:\/\/www.sexdollmini.com\/ro\/wp-json\/wp\/v2\/media\/15894"}],"wp:attachment":[{"href":"https:\/\/www.sexdollmini.com\/ro\/wp-json\/wp\/v2\/media?parent=15877"}],"wp:term":[{"taxonomy":"product_brand","embeddable":true,"href":"https:\/\/www.sexdollmini.com\/ro\/wp-json\/wp\/v2\/product_brand?post=15877"},{"taxonomy":"product_cat","embeddable":true,"href":"https:\/\/www.sexdollmini.com\/ro\/wp-json\/wp\/v2\/product_cat?post=15877"},{"taxonomy":"product_tag","embeddable":true,"href":"https:\/\/www.sexdollmini.com\/ro\/wp-json\/wp\/v2\/product_tag?post=15877"}],"curies":[{"name":"wp","href":"https:\/\/api.w.org\/{rel}","templated":true}]}}