{"id":16242,"date":"2025-06-08T21:49:12","date_gmt":"2025-06-09T04:49:12","guid":{"rendered":"https:\/\/www.sexdollmini.com\/?post_type=product&#038;p=16242"},"modified":"2025-09-11T00:15:59","modified_gmt":"2025-09-11T07:15:59","slug":"island-big-boobs-asian-sex-doll","status":"publish","type":"product","link":"https:\/\/www.sexdollmini.com\/ro\/produs\/island-big-boobs-asian-sex-doll\/","title":{"rendered":"P\u0103pu\u0219\u0103 sexual\u0103 asiatic\u0103 cu s\u00e2ni mari pe insul\u0103"},"content":{"rendered":"<h2>Detalii despre p\u0103pu\u0219ile sexuale<\/h2>\n<p>Partenerul pe care \u021bi-l dore\u0219ti \u00een inima ta este acela\u0219i cu p\u0103pu\u0219a sexual\u0103 Island, care are s\u00e2ni uria\u0219i \u0219i un corp mic. \u00centr-o zi, afar\u0103 burni\u021ba, iar p\u0103pu\u0219a sexual\u0103 cu s\u00e2ni mari era \u00eenf\u0103\u0219urat\u0103 \u00eentr-o p\u0103tur\u0103 moale, \u00een timp ce tu citeai l\u00e2ng\u0103 ea cartea ta preferat\u0103, cu o cea\u0219c\u0103 de cafea fierbinte l\u00e2ng\u0103 ea. Sunetul ploii a devenit cel mai bun zgomot alb, iar timpul p\u0103rea s\u0103 se fi oprit \u00een acest moment, care a fost foarte frumos. Dac\u0103 \u00ee\u021bi dore\u0219ti cu adev\u0103rat un partener lini\u0219tit, ai putea lua \u00een considerare p\u0103pu\u0219a sexual\u0103 Island.<\/p>\n<p>\u00cen\u0103l\u021bime: 100 cm<br \/>\nPiept: 63 cm<br \/>\nTalie: 43 cm<br \/>\n\u0218old: 64 cm<br \/>\nAd\u00e2ncimea anusului: 13 cm<br \/>\nAd\u00e2ncimea vaginului: 13 cm<br \/>\nAd\u00e2ncimea gurii: 10 cm<br \/>\nGreutate net\u0103: 14 kg<br \/>\nGreutate brut\u0103: 17 kg<\/p>\n<p>&nbsp;<\/p>\n<p>V\u0103 rug\u0103m s\u0103 permite\u021bi o diferen\u021b\u0103 de m\u0103surare manual\u0103 de 2-4 cm din cauza m\u0103sur\u0103rii manuale.<\/p>","protected":false},"excerpt":{"rendered":"<p>C\u00e2nd e\u0219ti cu o p\u0103pu\u0219\u0103 sexual\u0103 de 100 cm, c\u00e2nd te confrun\u021bi cu lucruri triste sau c\u00e2nd e\u0219ti obosit sau fericit, o \u00eembr\u0103\u021bi\u0219are str\u00e2ns\u0103 cu p\u0103pu\u0219a sexual\u0103 \u00ee\u021bi poate topi instantaneu toate emo\u021biile. \u00cen acest moment, totul \u00een via\u021b\u0103 este frumos.<\/p>","protected":false},"featured_media":16350,"comment_status":"open","ping_status":"closed","template":"","meta":[],"product_brand":[],"product_cat":[53,74,18,81,24,27,23,64,70,28,65,30,38,73,41,82,79,62,26,39,66,80,40,31,69,32,77,25,33,29,20,21,34,72,19,42,71,76,36,35,84,63,61,75,37,78],"product_tag":[],"class_list":{"0":"post-16242","1":"product","2":"type-product","3":"status-publish","4":"has-post-thumbnail","6":"product_cat-100cm-sex-dolls","7":"product_cat-6ye-doll","8":"product_cat-adult-doll","9":"product_cat-aibei-doll","10":"product_cat-american-sex-doll","11":"product_cat-anime-sex-dolls","12":"product_cat-asian-sex-doll","13":"product_cat-australia-stock-sex-doll","14":"product_cat-axb-doll","15":"product_cat-blonde-sex-doll","16":"product_cat-canada-stock-sex-doll","17":"product_cat-cheap-sex-doll","18":"product_cat-chubby-sex-dolls","19":"product_cat-climax-doll","20":"product_cat-curvy-sex-dolls","21":"product_cat-dolls-castle","22":"product_cat-elsa-babe","23":"product_cat-eu-stock-sex-doll","24":"product_cat-european-sex-dolls","25":"product_cat-fantasy-sex-doll","26":"product_cat-female-sex-dolls","27":"product_cat-fire-doll","28":"product_cat-full-body-sex-dolls","29":"product_cat-full-size-sex-dolls","30":"product_cat-girl-sex-dolls","31":"product_cat-hentai-sex-dolls","32":"product_cat-irontech-sex-dolls","33":"product_cat-japanese-sex-dolls","34":"product_cat-life-like-sex-dolls","35":"product_cat-life-size-sex-dolls","36":"product_cat-love-doll","37":"product_cat-miniature-sex-doll","38":"product_cat-petite-sex-dolls","39":"product_cat-qita-doll","40":"product_cat-real-doll","41":"product_cat-skinny-sex-dolls","42":"product_cat-sy-doll","43":"product_cat-tantaly-sex-doll","44":"product_cat-teen-sex-dolls","45":"product_cat-tiny-sex-dolls","46":"product_cat-tpe-sex-dolls","47":"product_cat-uk-stock-sex-doll","48":"product_cat-us-stock-sex-dolls","49":"product_cat-wm-doll","50":"product_cat-young-sex-dolls","51":"product_cat-zelex-doll","53":"first","54":"instock","55":"sale","56":"shipping-taxable","57":"purchasable","58":"product-type-simple"},"_links":{"self":[{"href":"https:\/\/www.sexdollmini.com\/ro\/wp-json\/wp\/v2\/product\/16242","targetHints":{"allow":["GET"]}}],"collection":[{"href":"https:\/\/www.sexdollmini.com\/ro\/wp-json\/wp\/v2\/product"}],"about":[{"href":"https:\/\/www.sexdollmini.com\/ro\/wp-json\/wp\/v2\/types\/product"}],"replies":[{"embeddable":true,"href":"https:\/\/www.sexdollmini.com\/ro\/wp-json\/wp\/v2\/comments?post=16242"}],"wp:featuredmedia":[{"embeddable":true,"href":"https:\/\/www.sexdollmini.com\/ro\/wp-json\/wp\/v2\/media\/16350"}],"wp:attachment":[{"href":"https:\/\/www.sexdollmini.com\/ro\/wp-json\/wp\/v2\/media?parent=16242"}],"wp:term":[{"taxonomy":"product_brand","embeddable":true,"href":"https:\/\/www.sexdollmini.com\/ro\/wp-json\/wp\/v2\/product_brand?post=16242"},{"taxonomy":"product_cat","embeddable":true,"href":"https:\/\/www.sexdollmini.com\/ro\/wp-json\/wp\/v2\/product_cat?post=16242"},{"taxonomy":"product_tag","embeddable":true,"href":"https:\/\/www.sexdollmini.com\/ro\/wp-json\/wp\/v2\/product_tag?post=16242"}],"curies":[{"name":"wp","href":"https:\/\/api.w.org\/{rel}","templated":true}]}}