{"id":16268,"date":"2025-06-09T00:33:45","date_gmt":"2025-06-09T07:33:45","guid":{"rendered":"https:\/\/www.sexdollmini.com\/?post_type=product&#038;p=16268"},"modified":"2025-08-03T19:23:46","modified_gmt":"2025-08-04T02:23:46","slug":"orva-flat-half-body-sex-doll-torso","status":"publish","type":"product","link":"https:\/\/www.sexdollmini.com\/ro\/produs\/orva-flat-half-body-sex-doll-torso\/","title":{"rendered":"P\u0103pu\u0219\u0103 sexual\u0103 Orva cu jum\u0103tate de corp plat"},"content":{"rendered":"<h2>Detalii despre p\u0103pu\u0219ile sexuale<\/h2>\n<p>Torsul p\u0103pu\u0219ii sexuale cu piept plat este foarte popular printre juc\u0103tori, iar pieptul plat este caracteristica acestei p\u0103pu\u0219i sexuale. Nu numai c\u0103 \u00ee\u021bi poate satisface nevoile sexuale, dar poate fi \u0219i colec\u021bionat\u0103 ca o comoar\u0103. Torsul p\u0103pu\u0219ii sexuale cu piept plat, cu jum\u0103tate de corp, este u\u0219or de depozitat \u0219i de mutat. Dac\u0103 trebuie s\u0103 te mu\u021bi sau s\u0103 c\u0103l\u0103tore\u0219ti des, nu vei avea prea multe probleme \u00een a colec\u021biona aceast\u0103 p\u0103pu\u0219\u0103 sexual\u0103, iar torsul p\u0103pu\u0219ii sexuale cu jum\u0103tate de corp poate economisi mult spa\u021biu.<\/p>\n<p>\u00cen\u0103l\u021bime: 47 cm<br \/>\nBust: 47 cm<br \/>\nTalie: 42 cm<br \/>\n\u0218old: 70 cm<br \/>\nL\u0103\u021bimea umerilor: 25 cm<br \/>\nAd\u00e2ncimea vaginului: 16 cm<br \/>\nAd\u00e2ncimea anusului: 16 cm<br \/>\nGreutate net\u0103: 9 kg<br \/>\nSpecifica\u021bii cutie: 65*34*29<br \/>\nGreutate brut\u0103: 12 kg<\/p>\n<p>&nbsp;<\/p>\n<p>V\u0103 rug\u0103m s\u0103 permite\u021bi o diferen\u021b\u0103 de m\u0103surare manual\u0103 de 2-4 cm din cauza m\u0103sur\u0103rii manuale.<\/p>","protected":false},"excerpt":{"rendered":"<p>Sfaturi pentru \u00eengrijirea p\u0103pu\u0219ilor sexuale: Evita\u021bi s\u0103 alege\u021bi haine de culoare \u00eenchis\u0103 pentru p\u0103pu\u0219ile sexuale \u0219i evita\u021bi ca hainele de culoare \u00eenchis\u0103 s\u0103 intre \u00een contact cu materialele TPE pentru o perioad\u0103 lung\u0103 de timp pentru a evita p\u0103tarea.<br \/>\nDac\u0103 dori\u021bi ca p\u0103pu\u0219a sexual\u0103 s\u0103 reziste mai mult, este recomandat s\u0103 alege\u021bi o pern\u0103 moale pentru ea \u0219i s\u0103 o men\u021bine\u021bi \u00eentr-o postur\u0103 natural\u0103.<\/p>","protected":false},"featured_media":16270,"comment_status":"open","ping_status":"closed","template":"","meta":[],"product_brand":[],"product_cat":[18,73,82,79,66,80,43,146,20,21,34,60,42,71,84,75,78],"product_tag":[],"class_list":{"0":"post-16268","1":"product","2":"type-product","3":"status-publish","4":"has-post-thumbnail","6":"product_cat-adult-doll","7":"product_cat-climax-doll","8":"product_cat-dolls-castle","9":"product_cat-elsa-babe","10":"product_cat-female-sex-dolls","11":"product_cat-fire-doll","12":"product_cat-flat-chested-sex-doll","13":"product_cat-half-body-sex-doll-torso","14":"product_cat-love-doll","15":"product_cat-miniature-sex-doll","16":"product_cat-petite-sex-dolls","17":"product_cat-sex-doll-torso","18":"product_cat-skinny-sex-dolls","19":"product_cat-sy-doll","20":"product_cat-tpe-sex-dolls","21":"product_cat-wm-doll","22":"product_cat-zelex-doll","24":"first","25":"instock","26":"sale","27":"shipping-taxable","28":"purchasable","29":"product-type-simple"},"_links":{"self":[{"href":"https:\/\/www.sexdollmini.com\/ro\/wp-json\/wp\/v2\/product\/16268","targetHints":{"allow":["GET"]}}],"collection":[{"href":"https:\/\/www.sexdollmini.com\/ro\/wp-json\/wp\/v2\/product"}],"about":[{"href":"https:\/\/www.sexdollmini.com\/ro\/wp-json\/wp\/v2\/types\/product"}],"replies":[{"embeddable":true,"href":"https:\/\/www.sexdollmini.com\/ro\/wp-json\/wp\/v2\/comments?post=16268"}],"wp:featuredmedia":[{"embeddable":true,"href":"https:\/\/www.sexdollmini.com\/ro\/wp-json\/wp\/v2\/media\/16270"}],"wp:attachment":[{"href":"https:\/\/www.sexdollmini.com\/ro\/wp-json\/wp\/v2\/media?parent=16268"}],"wp:term":[{"taxonomy":"product_brand","embeddable":true,"href":"https:\/\/www.sexdollmini.com\/ro\/wp-json\/wp\/v2\/product_brand?post=16268"},{"taxonomy":"product_cat","embeddable":true,"href":"https:\/\/www.sexdollmini.com\/ro\/wp-json\/wp\/v2\/product_cat?post=16268"},{"taxonomy":"product_tag","embeddable":true,"href":"https:\/\/www.sexdollmini.com\/ro\/wp-json\/wp\/v2\/product_tag?post=16268"}],"curies":[{"name":"wp","href":"https:\/\/api.w.org\/{rel}","templated":true}]}}