{"id":16369,"date":"2025-06-12T00:16:03","date_gmt":"2025-06-12T07:16:03","guid":{"rendered":"https:\/\/www.sexdollmini.com\/?post_type=product&#038;p=16369"},"modified":"2026-05-04T21:01:27","modified_gmt":"2026-05-05T04:01:27","slug":"blackbird-closed-eyes-bbw-sex-doll","status":"publish","type":"product","link":"https:\/\/www.sexdollmini.com\/ro\/produs\/blackbird-closed-eyes-bbw-sex-doll\/","title":{"rendered":"P\u0103pu\u0219\u0103 sexual\u0103 Blackbird cu ochi \u00eenchi\u0219i femeie gras\u0103"},"content":{"rendered":"<h2>Detalii despre p\u0103pu\u0219ile sexuale<\/h2>\n<p>P\u0103pu\u0219a sexual\u0103 BBW, cu o \u00een\u0103l\u021bime de 108 cm, arat\u0103 ca o pictur\u0103 \u00een ulei, \u00eentr-o c\u0103ma\u0219\u0103 de noapte ro\u0219ie. Liniile plinu\u021be ale corpului ei ascund elegan\u021b\u0103 \u0219i for\u021b\u0103, f\u0103c\u00e2nd-o at\u00e2t de frumoas\u0103 \u00eenc\u00e2t oamenii nu-\u0219i pot lua ochii de la ea. P\u0103pu\u0219a sexual\u0103 Closed Eyes are o siluet\u0103 rotund\u0103, asem\u0103n\u0103toare unei perle, scund\u0103 de \u00een\u0103l\u021bime, dar rotund\u0103 la figurat. Arat\u0103 ca o femeie masiv\u0103, bl\u00e2nd\u0103 \u0219i prietenoas\u0103. S\u00e2nii p\u0103pu\u0219ii sexuale sunt suficient de mari. Dac\u0103 \u00ee\u021bi place senza\u021bia s\u00e2nilor care \u00ee\u021bi str\u00e2ng penisul, aceast\u0103 p\u0103pu\u0219\u0103 sexual\u0103 este o alegere bun\u0103.<\/p>\n<p>\u00cen\u0103l\u021bime: 108 cm<br \/>\nBust: 81 cm<br \/>\nTalie: 46 cm<br \/>\n\u0218olduri: 80 cm<br \/>\nGreutate net\u0103: 22 kg<br \/>\nGreutate brut\u0103: 26 kg<br \/>\nAmbalare 100*36*26CM<br \/>\nLungimea vaginului: 15 cm<br \/>\nAnus: 13 cm<br \/>\nSex oral: 10 cm<\/p>\n<p>&nbsp;<\/p>\n<p>V\u0103 rug\u0103m s\u0103 permite\u021bi o diferen\u021b\u0103 de m\u0103surare manual\u0103 de 2-4 cm din cauza m\u0103sur\u0103rii manuale.<\/p>","protected":false},"excerpt":{"rendered":"<p>Dac\u0103 preferi s\u00e2nii mari \u0219i fesele mari, dar nu \u00ee\u021bi plac p\u0103pu\u0219ile sexuale prea \u00eenalte sau prea grele, propor\u021biile de design ale acestei p\u0103pu\u0219i sexuale ar putea fi p\u0103pu\u0219a sexual\u0103 pe care o dore\u0219ti. P\u0103pu\u0219a sexual\u0103 de 108 cm este u\u0219or de mutat \u0219i depozitat, iar s\u00e2nii \u0219i fesele sunt mari \u0219i pot fi fr\u0103m\u00e2ntate dup\u0103 bunul plac.<\/p>","protected":false},"featured_media":16389,"comment_status":"open","ping_status":"closed","template":"","meta":[],"product_brand":[],"product_cat":[54,74,18,81,24,27,23,70,22,28,30,38,73,41,82,79,62,26,39,66,80,40,31,69,32,77,25,33,29,20,72,19,71,76,36,35,84,61,75,37,78],"product_tag":[],"class_list":{"0":"post-16369","1":"product","2":"type-product","3":"status-publish","4":"has-post-thumbnail","6":"product_cat-108cm-sex-dolls","7":"product_cat-6ye-doll","8":"product_cat-adult-doll","9":"product_cat-aibei-doll","10":"product_cat-american-sex-doll","11":"product_cat-anime-sex-dolls","12":"product_cat-asian-sex-doll","13":"product_cat-axb-doll","14":"product_cat-bbw-sex-doll","15":"product_cat-blonde-sex-doll","16":"product_cat-cheap-sex-doll","17":"product_cat-chubby-sex-dolls","18":"product_cat-climax-doll","19":"product_cat-curvy-sex-dolls","20":"product_cat-dolls-castle","21":"product_cat-elsa-babe","22":"product_cat-eu-stock-sex-doll","23":"product_cat-european-sex-dolls","24":"product_cat-fantasy-sex-doll","25":"product_cat-female-sex-dolls","26":"product_cat-fire-doll","27":"product_cat-full-body-sex-dolls","28":"product_cat-full-size-sex-dolls","29":"product_cat-girl-sex-dolls","30":"product_cat-hentai-sex-dolls","31":"product_cat-irontech-sex-dolls","32":"product_cat-japanese-sex-dolls","33":"product_cat-life-like-sex-dolls","34":"product_cat-life-size-sex-dolls","35":"product_cat-love-doll","36":"product_cat-qita-doll","37":"product_cat-real-doll","38":"product_cat-sy-doll","39":"product_cat-tantaly-sex-doll","40":"product_cat-teen-sex-dolls","41":"product_cat-tiny-sex-dolls","42":"product_cat-tpe-sex-dolls","43":"product_cat-us-stock-sex-dolls","44":"product_cat-wm-doll","45":"product_cat-young-sex-dolls","46":"product_cat-zelex-doll","48":"first","49":"instock","50":"sale","51":"shipping-taxable","52":"purchasable","53":"product-type-simple"},"_links":{"self":[{"href":"https:\/\/www.sexdollmini.com\/ro\/wp-json\/wp\/v2\/product\/16369","targetHints":{"allow":["GET"]}}],"collection":[{"href":"https:\/\/www.sexdollmini.com\/ro\/wp-json\/wp\/v2\/product"}],"about":[{"href":"https:\/\/www.sexdollmini.com\/ro\/wp-json\/wp\/v2\/types\/product"}],"replies":[{"embeddable":true,"href":"https:\/\/www.sexdollmini.com\/ro\/wp-json\/wp\/v2\/comments?post=16369"}],"wp:featuredmedia":[{"embeddable":true,"href":"https:\/\/www.sexdollmini.com\/ro\/wp-json\/wp\/v2\/media\/16389"}],"wp:attachment":[{"href":"https:\/\/www.sexdollmini.com\/ro\/wp-json\/wp\/v2\/media?parent=16369"}],"wp:term":[{"taxonomy":"product_brand","embeddable":true,"href":"https:\/\/www.sexdollmini.com\/ro\/wp-json\/wp\/v2\/product_brand?post=16369"},{"taxonomy":"product_cat","embeddable":true,"href":"https:\/\/www.sexdollmini.com\/ro\/wp-json\/wp\/v2\/product_cat?post=16369"},{"taxonomy":"product_tag","embeddable":true,"href":"https:\/\/www.sexdollmini.com\/ro\/wp-json\/wp\/v2\/product_tag?post=16369"}],"curies":[{"name":"wp","href":"https:\/\/api.w.org\/{rel}","templated":true}]}}