{"id":16425,"date":"2025-06-12T03:17:24","date_gmt":"2025-06-12T10:17:24","guid":{"rendered":"https:\/\/www.sexdollmini.com\/?post_type=product&#038;p=16425"},"modified":"2025-07-15T00:21:28","modified_gmt":"2025-07-15T07:21:28","slug":"verda-108cm-big-tits-sex-doll","status":"publish","type":"product","link":"https:\/\/www.sexdollmini.com\/ro\/produs\/verda-108cm-big-tits-sex-doll\/","title":{"rendered":"P\u0103pu\u0219\u0103 sexual\u0103 Verda 108cm cu s\u00e2ni mari"},"content":{"rendered":"<h2>Detalii despre p\u0103pu\u0219ile sexuale<\/h2>\n<p>P\u0103pu\u0219a sexual\u0103 cu \u021b\u00e2\u021be mari are o \u00een\u0103l\u021bime mic\u0103, s\u00e2ni mari \u0219i un fund mare \u00eenf\u0103\u0219urat str\u00e2ns \u00eentr-un corset, ceea ce o face foarte sexy. Cu ochii \u00eenchi\u0219i \u0219i fa\u021ba ascu\u021bit\u0103, pare c\u0103 simte lucrurile bune pe care lumea le are de oferit, aceast\u0103 p\u0103pu\u0219\u0103 sexual\u0103 feminin\u0103 eman\u0103 o atmosfer\u0103 sexy care te va face s\u0103 te \u00eendr\u0103goste\u0219ti f\u0103r\u0103 s\u0103-\u021bi dai seama. Unul dintre avantajele p\u0103pu\u0219ilor sexuale de \u00een\u0103l\u021bime mic\u0103 este c\u0103 sunt u\u0219or de mi\u0219cat \u0219i po\u021bi avea o \u00eent\u00e2lnire pl\u0103cut\u0103 cu o p\u0103pu\u0219\u0103 sexual\u0103 atunci c\u00e2nd ai terminat cu programul t\u0103u \u00eenc\u0103rcat.<\/p>\n<p>\u00cen\u0103l\u021bime: 108 cm<br \/>\nBust: 81 cm<br \/>\nTalie: 46 cm<br \/>\n\u0218olduri: 80 cm<br \/>\nGreutate net\u0103: 22 kg<br \/>\nGreutate brut\u0103: 26 kg<br \/>\nAmbalare 100*36*26CM<br \/>\nLungimea vaginului: 15 cm<br \/>\nAnus: 13 cm<br \/>\nSex oral: 10 cm<\/p>\n<p>&nbsp;<\/p>\n<p>V\u0103 rug\u0103m s\u0103 permite\u021bi o diferen\u021b\u0103 de m\u0103surare manual\u0103 de 2-4 cm din cauza m\u0103sur\u0103rii manuale.<\/p>","protected":false},"excerpt":{"rendered":"<p>P\u0103pu\u0219a sexual\u0103 nu este foarte \u00eenalt\u0103, dar silueta ei voluptuoas\u0103 \u00eei adaug\u0103 un farmec unic. S\u00e2nii \u0219i fundul ei mari fac ca corpul p\u0103pu\u0219ii sexuale s\u0103 arate foarte sexy, iar aspectul ei este de neuitat.<\/p>","protected":false},"featured_media":16431,"comment_status":"open","ping_status":"closed","template":"","meta":[],"product_brand":[],"product_cat":[54,74,18,81,24,27,23,70,22,28,30,38,73,41,82,79,62,26,39,66,80,40,31,69,32,77,25,33,29,20,148,72,19,71,76,36,35,84,61,75,37,78],"product_tag":[],"class_list":{"0":"post-16425","1":"product","2":"type-product","3":"status-publish","4":"has-post-thumbnail","6":"product_cat-108cm-sex-dolls","7":"product_cat-6ye-doll","8":"product_cat-adult-doll","9":"product_cat-aibei-doll","10":"product_cat-american-sex-doll","11":"product_cat-anime-sex-dolls","12":"product_cat-asian-sex-doll","13":"product_cat-axb-doll","14":"product_cat-bbw-sex-doll","15":"product_cat-blonde-sex-doll","16":"product_cat-cheap-sex-doll","17":"product_cat-chubby-sex-dolls","18":"product_cat-climax-doll","19":"product_cat-curvy-sex-dolls","20":"product_cat-dolls-castle","21":"product_cat-elsa-babe","22":"product_cat-eu-stock-sex-doll","23":"product_cat-european-sex-dolls","24":"product_cat-fantasy-sex-doll","25":"product_cat-female-sex-dolls","26":"product_cat-fire-doll","27":"product_cat-full-body-sex-dolls","28":"product_cat-full-size-sex-dolls","29":"product_cat-girl-sex-dolls","30":"product_cat-hentai-sex-dolls","31":"product_cat-irontech-sex-dolls","32":"product_cat-japanese-sex-dolls","33":"product_cat-life-like-sex-dolls","34":"product_cat-life-size-sex-dolls","35":"product_cat-love-doll","36":"product_cat-midget-sex-doll","37":"product_cat-qita-doll","38":"product_cat-real-doll","39":"product_cat-sy-doll","40":"product_cat-tantaly-sex-doll","41":"product_cat-teen-sex-dolls","42":"product_cat-tiny-sex-dolls","43":"product_cat-tpe-sex-dolls","44":"product_cat-us-stock-sex-dolls","45":"product_cat-wm-doll","46":"product_cat-young-sex-dolls","47":"product_cat-zelex-doll","49":"first","50":"instock","51":"sale","52":"shipping-taxable","53":"purchasable","54":"product-type-simple"},"_links":{"self":[{"href":"https:\/\/www.sexdollmini.com\/ro\/wp-json\/wp\/v2\/product\/16425","targetHints":{"allow":["GET"]}}],"collection":[{"href":"https:\/\/www.sexdollmini.com\/ro\/wp-json\/wp\/v2\/product"}],"about":[{"href":"https:\/\/www.sexdollmini.com\/ro\/wp-json\/wp\/v2\/types\/product"}],"replies":[{"embeddable":true,"href":"https:\/\/www.sexdollmini.com\/ro\/wp-json\/wp\/v2\/comments?post=16425"}],"wp:featuredmedia":[{"embeddable":true,"href":"https:\/\/www.sexdollmini.com\/ro\/wp-json\/wp\/v2\/media\/16431"}],"wp:attachment":[{"href":"https:\/\/www.sexdollmini.com\/ro\/wp-json\/wp\/v2\/media?parent=16425"}],"wp:term":[{"taxonomy":"product_brand","embeddable":true,"href":"https:\/\/www.sexdollmini.com\/ro\/wp-json\/wp\/v2\/product_brand?post=16425"},{"taxonomy":"product_cat","embeddable":true,"href":"https:\/\/www.sexdollmini.com\/ro\/wp-json\/wp\/v2\/product_cat?post=16425"},{"taxonomy":"product_tag","embeddable":true,"href":"https:\/\/www.sexdollmini.com\/ro\/wp-json\/wp\/v2\/product_tag?post=16425"}],"curies":[{"name":"wp","href":"https:\/\/api.w.org\/{rel}","templated":true}]}}