{"id":16523,"date":"2025-06-12T22:00:37","date_gmt":"2025-06-13T05:00:37","guid":{"rendered":"https:\/\/www.sexdollmini.com\/?post_type=product&#038;p=16523"},"modified":"2025-09-08T06:20:14","modified_gmt":"2025-09-08T13:20:14","slug":"allegra-100cm-silicone-head-sex-doll","status":"publish","type":"product","link":"https:\/\/www.sexdollmini.com\/ro\/produs\/allegra-100cm-silicone-head-sex-doll\/","title":{"rendered":"P\u0103pu\u0219\u0103 sexual\u0103 Allegra 100cm cu cap din silicon"},"content":{"rendered":"<h2>Detalii despre p\u0103pu\u0219ile sexuale<\/h2>\n<p>Corpul p\u0103pu\u0219ii sexuale Allegra este fabricat din material TPE, care nu numai c\u0103 \u00eei confer\u0103 o atingere realist\u0103 a pielii, dar face ca p\u0103pu\u0219a sexual\u0103 s\u0103 fie \u0219i mai rentabil\u0103. Capul p\u0103pu\u0219ii sexuale este fabricat din silicon. P\u0103pu\u0219ile sexuale din silicon nu au sex oral, dar capul de silicon poate face ca p\u0103pu\u0219a s\u0103 arate mai realist\u0103 \u0219i mai vie. S\u00e2nii mari ai p\u0103pu\u0219ii sexuale sunt plini de elasticitate \u0219i, \u00een plus, pot fi folosite vaginul \u0219i anusul str\u00e2nse.<\/p>\n<p>\u00cen\u0103l\u021bime: 100 cm<br \/>\nGreutate: 13 kg<br \/>\nBust: 60 cm<br \/>\nTalie: 36 cm<br \/>\n\u0218old: 60 cm<br \/>\nL\u0103\u021bimea umerilor: 20 cm<br \/>\nLungimea bra\u021bului: 31 cm<br \/>\nLungimea m\u00e2inii: 12 cm<br \/>\nLungimea piciorului: 50 cm<br \/>\nLungimea piciorului: 14 cm<br \/>\nCircumferin\u021ba bra\u021bului: 17 cm<br \/>\nCircumferin\u021ba coapsei: 34 cm<br \/>\nCircumferin\u021ba gambei: 20 cm<br \/>\nDecolteu: 19 cm<br \/>\nAd\u00e2ncime vaginal\u0103: 15 cm<br \/>\nAd\u00e2ncime anal\u0103: 11 cm<br \/>\nDimensiuni pachet: 95*30*28cm<\/p>\n<p>&nbsp;<\/p>\n<p>V\u0103 rug\u0103m s\u0103 permite\u021bi o diferen\u021b\u0103 de m\u0103surare manual\u0103 de 2-4 cm din cauza m\u0103sur\u0103rii manuale.<\/p>","protected":false},"excerpt":{"rendered":"<p>Aceast\u0103 frumoas\u0103 p\u0103pu\u0219\u0103 sexual\u0103 de 100 cm are un cap din silicon \u0219i un corp din TPE, ceea ce o face perfect\u0103 pentru p\u0103pu\u0219ile sexuale.<\/p>","protected":false},"featured_media":16569,"comment_status":"open","ping_status":"closed","template":"","meta":[],"product_brand":[],"product_cat":[53,74,18,81,24,27,23,64,70,28,65,30,38,73,41,82,79,62,26,39,66,80,40,31,69,32,77,25,33,29,20,21,34,72,19,85,42,71,76,36,35,84,63,61,75,37,78],"product_tag":[],"class_list":{"0":"post-16523","1":"product","2":"type-product","3":"status-publish","4":"has-post-thumbnail","6":"product_cat-100cm-sex-dolls","7":"product_cat-6ye-doll","8":"product_cat-adult-doll","9":"product_cat-aibei-doll","10":"product_cat-american-sex-doll","11":"product_cat-anime-sex-dolls","12":"product_cat-asian-sex-doll","13":"product_cat-australia-stock-sex-doll","14":"product_cat-axb-doll","15":"product_cat-blonde-sex-doll","16":"product_cat-canada-stock-sex-doll","17":"product_cat-cheap-sex-doll","18":"product_cat-chubby-sex-dolls","19":"product_cat-climax-doll","20":"product_cat-curvy-sex-dolls","21":"product_cat-dolls-castle","22":"product_cat-elsa-babe","23":"product_cat-eu-stock-sex-doll","24":"product_cat-european-sex-dolls","25":"product_cat-fantasy-sex-doll","26":"product_cat-female-sex-dolls","27":"product_cat-fire-doll","28":"product_cat-full-body-sex-dolls","29":"product_cat-full-size-sex-dolls","30":"product_cat-girl-sex-dolls","31":"product_cat-hentai-sex-dolls","32":"product_cat-irontech-sex-dolls","33":"product_cat-japanese-sex-dolls","34":"product_cat-life-like-sex-dolls","35":"product_cat-life-size-sex-dolls","36":"product_cat-love-doll","37":"product_cat-miniature-sex-doll","38":"product_cat-petite-sex-dolls","39":"product_cat-qita-doll","40":"product_cat-real-doll","41":"product_cat-silicone-sex-dolls","42":"product_cat-skinny-sex-dolls","43":"product_cat-sy-doll","44":"product_cat-tantaly-sex-doll","45":"product_cat-teen-sex-dolls","46":"product_cat-tiny-sex-dolls","47":"product_cat-tpe-sex-dolls","48":"product_cat-uk-stock-sex-doll","49":"product_cat-us-stock-sex-dolls","50":"product_cat-wm-doll","51":"product_cat-young-sex-dolls","52":"product_cat-zelex-doll","54":"first","55":"instock","56":"sale","57":"shipping-taxable","58":"purchasable","59":"product-type-simple"},"_links":{"self":[{"href":"https:\/\/www.sexdollmini.com\/ro\/wp-json\/wp\/v2\/product\/16523","targetHints":{"allow":["GET"]}}],"collection":[{"href":"https:\/\/www.sexdollmini.com\/ro\/wp-json\/wp\/v2\/product"}],"about":[{"href":"https:\/\/www.sexdollmini.com\/ro\/wp-json\/wp\/v2\/types\/product"}],"replies":[{"embeddable":true,"href":"https:\/\/www.sexdollmini.com\/ro\/wp-json\/wp\/v2\/comments?post=16523"}],"wp:featuredmedia":[{"embeddable":true,"href":"https:\/\/www.sexdollmini.com\/ro\/wp-json\/wp\/v2\/media\/16569"}],"wp:attachment":[{"href":"https:\/\/www.sexdollmini.com\/ro\/wp-json\/wp\/v2\/media?parent=16523"}],"wp:term":[{"taxonomy":"product_brand","embeddable":true,"href":"https:\/\/www.sexdollmini.com\/ro\/wp-json\/wp\/v2\/product_brand?post=16523"},{"taxonomy":"product_cat","embeddable":true,"href":"https:\/\/www.sexdollmini.com\/ro\/wp-json\/wp\/v2\/product_cat?post=16523"},{"taxonomy":"product_tag","embeddable":true,"href":"https:\/\/www.sexdollmini.com\/ro\/wp-json\/wp\/v2\/product_tag?post=16523"}],"curies":[{"name":"wp","href":"https:\/\/api.w.org\/{rel}","templated":true}]}}