{"id":16525,"date":"2025-06-12T23:54:55","date_gmt":"2025-06-13T06:54:55","guid":{"rendered":"https:\/\/www.sexdollmini.com\/?post_type=product&#038;p=16525"},"modified":"2025-11-13T00:24:14","modified_gmt":"2025-11-13T08:24:14","slug":"perfect-flexible-flat-sex-doll-torso","status":"publish","type":"product","link":"https:\/\/www.sexdollmini.com\/ro\/produs\/perfect-flexible-flat-sex-doll-torso\/","title":{"rendered":"Torace de P\u0103pu\u0219\u0103 Sexual\u0103 Perfect Flexibil\u0103 cu Piept Plat"},"content":{"rendered":"<h2>Detalii despre p\u0103pu\u0219ile sexuale<\/h2>\n<p>Torsul p\u0103pu\u0219ii sexuale cu piept plat are un sistem de schelet metalic \u00een interior \u0219i este un tors flexibil pentru p\u0103pu\u0219i sexuale cu piept plat. Torsul p\u0103pu\u0219ii sexuale cu piept plat este foarte special \u0219i foarte potrivit pentru colec\u021bionari. Dac\u0103 c\u0103l\u0103tori\u021bi frecvent sau c\u0103l\u0103tori\u021bi frecvent, este foarte u\u0219or s\u0103 lua\u021bi acest tors de p\u0103pu\u0219\u0103 sexual\u0103 cu dvs. Este moderat de greu \u0219i u\u0219or de depozitat.<\/p>\n<p>\u00cen\u0103l\u021bime: 61 cm<br \/>\nBust: 57 cm<br \/>\nTalie: 51 cm<br \/>\n\u0218olduri: 69 cm<br \/>\nAd\u00e2ncime vaginal\u0103: 14 cm<br \/>\nAd\u00e2ncime anal\u0103: 13 cm<br \/>\nGreutate: 12 kg<br \/>\nAmbalaj: 65*33*21cm<\/p>\n<p>&nbsp;<\/p>\n<p>V\u0103 rug\u0103m s\u0103 permite\u021bi o diferen\u021b\u0103 de m\u0103surare manual\u0103 de 2-4 cm din cauza m\u0103sur\u0103rii manuale.<\/p>","protected":false},"excerpt":{"rendered":"<p>Dac\u0103 nu ai un buget mare pentru a cump\u0103ra p\u0103pu\u0219i sexuale, ai putea lua \u00een considerare acest tors de p\u0103pu\u0219\u0103 sexual\u0103 cu piept plat. Nu este nici u\u0219or, nici greu \u0219i \u00ee\u021bi poate oferi o experien\u021b\u0103 sexual\u0103 pl\u0103cut\u0103.<\/p>","protected":false},"featured_media":16526,"comment_status":"open","ping_status":"closed","template":"","meta":[],"product_brand":[],"product_cat":[73,66,43,146,60,84],"product_tag":[],"class_list":{"0":"post-16525","1":"product","2":"type-product","3":"status-publish","4":"has-post-thumbnail","6":"product_cat-climax-doll","7":"product_cat-female-sex-dolls","8":"product_cat-flat-chested-sex-doll","9":"product_cat-half-body-sex-doll-torso","10":"product_cat-sex-doll-torso","11":"product_cat-tpe-sex-dolls","13":"first","14":"instock","15":"sale","16":"shipping-taxable","17":"purchasable","18":"product-type-simple"},"_links":{"self":[{"href":"https:\/\/www.sexdollmini.com\/ro\/wp-json\/wp\/v2\/product\/16525","targetHints":{"allow":["GET"]}}],"collection":[{"href":"https:\/\/www.sexdollmini.com\/ro\/wp-json\/wp\/v2\/product"}],"about":[{"href":"https:\/\/www.sexdollmini.com\/ro\/wp-json\/wp\/v2\/types\/product"}],"replies":[{"embeddable":true,"href":"https:\/\/www.sexdollmini.com\/ro\/wp-json\/wp\/v2\/comments?post=16525"}],"wp:featuredmedia":[{"embeddable":true,"href":"https:\/\/www.sexdollmini.com\/ro\/wp-json\/wp\/v2\/media\/16526"}],"wp:attachment":[{"href":"https:\/\/www.sexdollmini.com\/ro\/wp-json\/wp\/v2\/media?parent=16525"}],"wp:term":[{"taxonomy":"product_brand","embeddable":true,"href":"https:\/\/www.sexdollmini.com\/ro\/wp-json\/wp\/v2\/product_brand?post=16525"},{"taxonomy":"product_cat","embeddable":true,"href":"https:\/\/www.sexdollmini.com\/ro\/wp-json\/wp\/v2\/product_cat?post=16525"},{"taxonomy":"product_tag","embeddable":true,"href":"https:\/\/www.sexdollmini.com\/ro\/wp-json\/wp\/v2\/product_tag?post=16525"}],"curies":[{"name":"wp","href":"https:\/\/api.w.org\/{rel}","templated":true}]}}