{"id":16974,"date":"2025-07-15T00:30:29","date_gmt":"2025-07-15T07:30:29","guid":{"rendered":"https:\/\/www.sexdollmini.com\/?post_type=product&#038;p=16974"},"modified":"2025-07-29T20:25:31","modified_gmt":"2025-07-30T03:25:31","slug":"sexy-sleepwear-set-sex-doll","status":"publish","type":"product","link":"https:\/\/www.sexdollmini.com\/ro\/produs\/sexy-sleepwear-set-sex-doll\/","title":{"rendered":"Set de pijamale sexy pentru p\u0103pu\u0219i sexuale"},"content":{"rendered":"<p>Pijamalele sexy din dantel\u0103, formate din dou\u0103 piese, pot juca un rol de flirt \u00een via\u021ba sexual\u0103. Pot fi purtate de p\u0103pu\u0219a sexual\u0103 pentru o perioad\u0103 scurt\u0103 de timp. C\u00e2nd via\u021ba sexual\u0103 se termin\u0103, se recomand\u0103 scoaterea pijamalelor din timp pentru p\u0103pu\u0219a sexual\u0103, astfel \u00eenc\u00e2t aceasta s\u0103 aib\u0103 o via\u021b\u0103 mai lung\u0103.<\/p>\n<p>Doar m\u0103rimea S<br \/>\nBust: 81 cm<br \/>\nTalie: 59 cm<br \/>\n\u0218old: 90 cm<\/p>\n<p>&nbsp;<\/p>\n<p>V\u0103 rug\u0103m s\u0103 permite\u021bi o eroare de 2-3 cm din cauza m\u0103sur\u0103rii manuale.<\/p>","protected":false},"excerpt":{"rendered":"<p>Pijamalele f\u0103r\u0103 spate sunt adesea confec\u021bionate din dantel\u0103, ceea ce poate face ca p\u0103pu\u0219ile sexuale s\u0103 arate mai sexy.<\/p>","protected":false},"featured_media":16975,"comment_status":"open","ping_status":"closed","template":"","meta":[],"product_brand":[],"product_cat":[83],"product_tag":[],"class_list":{"0":"post-16974","1":"product","2":"type-product","3":"status-publish","4":"has-post-thumbnail","6":"product_cat-sex-doll-accessories","8":"first","9":"instock","10":"sale","11":"shipping-taxable","12":"purchasable","13":"product-type-variable","14":"has-default-attributes"},"_links":{"self":[{"href":"https:\/\/www.sexdollmini.com\/ro\/wp-json\/wp\/v2\/product\/16974","targetHints":{"allow":["GET"]}}],"collection":[{"href":"https:\/\/www.sexdollmini.com\/ro\/wp-json\/wp\/v2\/product"}],"about":[{"href":"https:\/\/www.sexdollmini.com\/ro\/wp-json\/wp\/v2\/types\/product"}],"replies":[{"embeddable":true,"href":"https:\/\/www.sexdollmini.com\/ro\/wp-json\/wp\/v2\/comments?post=16974"}],"wp:featuredmedia":[{"embeddable":true,"href":"https:\/\/www.sexdollmini.com\/ro\/wp-json\/wp\/v2\/media\/16975"}],"wp:attachment":[{"href":"https:\/\/www.sexdollmini.com\/ro\/wp-json\/wp\/v2\/media?parent=16974"}],"wp:term":[{"taxonomy":"product_brand","embeddable":true,"href":"https:\/\/www.sexdollmini.com\/ro\/wp-json\/wp\/v2\/product_brand?post=16974"},{"taxonomy":"product_cat","embeddable":true,"href":"https:\/\/www.sexdollmini.com\/ro\/wp-json\/wp\/v2\/product_cat?post=16974"},{"taxonomy":"product_tag","embeddable":true,"href":"https:\/\/www.sexdollmini.com\/ro\/wp-json\/wp\/v2\/product_tag?post=16974"}],"curies":[{"name":"wp","href":"https:\/\/api.w.org\/{rel}","templated":true}]}}