{"id":17474,"date":"2025-07-29T23:15:48","date_gmt":"2025-07-30T06:15:48","guid":{"rendered":"https:\/\/www.sexdollmini.com\/?post_type=product&#038;p=17474"},"modified":"2025-09-08T06:15:08","modified_gmt":"2025-09-08T13:15:08","slug":"jessamine-silicone-sexy-60cm-sex-doll","status":"publish","type":"product","link":"https:\/\/www.sexdollmini.com\/ro\/produs\/jessamine-silicone-sexy-60cm-sex-doll\/","title":{"rendered":"P\u0103pu\u0219\u0103 Sexual\u0103 Jessamine Sexy din Silicon 60 cm"},"content":{"rendered":"<p>Dac\u0103 sunte\u021bi \u00een c\u0103utarea unei p\u0103pu\u0219i sexuale realiste, dar compacte, p\u0103pu\u0219a noastr\u0103 sexual\u0103 din silicon de 60 cm ofer\u0103 echilibrul perfect \u00eentre calitatea realist\u0103 \u0219i dimensiunea convenabil\u0103. Aceast\u0103 p\u0103pu\u0219\u0103 sexual\u0103 mic\u0103 nu numai c\u0103 ofer\u0103 aceea\u0219i pl\u0103cere ca o p\u0103pu\u0219\u0103 sexual\u0103 de dimensiuni normale, dar este \u0219i u\u0219or de depozitat \u0219i manipulat. Magazinul nostru ofer\u0103 o gam\u0103 larg\u0103 de p\u0103pu\u0219i sexuale mini, ceea ce face u\u0219oar\u0103 g\u0103sirea p\u0103pu\u0219ii sexuale mini ideale.<\/p>\n<p>&nbsp;<\/p>\n<p>\u00cen\u0103l\u021bime: 60 cm<br \/>\nPiept: 33 cm<br \/>\nTalie: 21 cm<br \/>\n\u0218old: 36 cm<br \/>\nAd\u00e2ncime vaginal\u0103: 13 cm<br \/>\nAd\u00e2ncime anal\u0103: 7 cm<br \/>\nGreutate: 3 kg<\/p>\n<p>&nbsp;<\/p>\n<p>P\u0103pu\u0219ile sexuale din silicon necesit\u0103 \u00eenc\u0103 2-4 zile pentru a fi produse.<\/p>\n<p>V\u0103 rug\u0103m s\u0103 permite\u021bi o diferen\u021b\u0103 de m\u0103surare manual\u0103 de 2-4 cm din cauza m\u0103sur\u0103rii manuale.<\/p>","protected":false},"excerpt":{"rendered":"<p>Spre deosebire de p\u0103pu\u0219ile sexuale \u00een m\u0103rime natural\u0103, p\u0103pu\u0219ile noastre sexuale din silicon de 60 cm sunt u\u0219oare, portabile \u0219i u\u0219or de cur\u0103\u021bat. Fabricate din silicon de \u00eenalt\u0103 calitate, rezist\u0103 la pete cu o \u00eengrijire minim\u0103.<\/p>","protected":false},"featured_media":17483,"comment_status":"open","ping_status":"closed","template":"","meta":[],"product_brand":[],"product_cat":[47,74,18,81,27,23,70,28,30,38,73,41,82,79,39,66,80,40,31,69,32,77,25,33,29,20,148,21,34,72,19,85,42,44,71,76,36,35,75,37,78],"product_tag":[],"class_list":{"0":"post-17474","1":"product","2":"type-product","3":"status-publish","4":"has-post-thumbnail","6":"product_cat-60cm-sex-dolls","7":"product_cat-6ye-doll","8":"product_cat-adult-doll","9":"product_cat-aibei-doll","10":"product_cat-anime-sex-dolls","11":"product_cat-asian-sex-doll","12":"product_cat-axb-doll","13":"product_cat-blonde-sex-doll","14":"product_cat-cheap-sex-doll","15":"product_cat-chubby-sex-dolls","16":"product_cat-climax-doll","17":"product_cat-curvy-sex-dolls","18":"product_cat-dolls-castle","19":"product_cat-elsa-babe","20":"product_cat-fantasy-sex-doll","21":"product_cat-female-sex-dolls","22":"product_cat-fire-doll","23":"product_cat-full-body-sex-dolls","24":"product_cat-full-size-sex-dolls","25":"product_cat-girl-sex-dolls","26":"product_cat-hentai-sex-dolls","27":"product_cat-irontech-sex-dolls","28":"product_cat-japanese-sex-dolls","29":"product_cat-life-like-sex-dolls","30":"product_cat-life-size-sex-dolls","31":"product_cat-love-doll","32":"product_cat-midget-sex-doll","33":"product_cat-miniature-sex-doll","34":"product_cat-petite-sex-dolls","35":"product_cat-qita-doll","36":"product_cat-real-doll","37":"product_cat-silicone-sex-dolls","38":"product_cat-skinny-sex-dolls","39":"product_cat-small-breast-sex-doll","40":"product_cat-sy-doll","41":"product_cat-tantaly-sex-doll","42":"product_cat-teen-sex-dolls","43":"product_cat-tiny-sex-dolls","44":"product_cat-wm-doll","45":"product_cat-young-sex-dolls","46":"product_cat-zelex-doll","48":"first","49":"instock","50":"sale","51":"shipping-taxable","52":"purchasable","53":"product-type-simple"},"_links":{"self":[{"href":"https:\/\/www.sexdollmini.com\/ro\/wp-json\/wp\/v2\/product\/17474","targetHints":{"allow":["GET"]}}],"collection":[{"href":"https:\/\/www.sexdollmini.com\/ro\/wp-json\/wp\/v2\/product"}],"about":[{"href":"https:\/\/www.sexdollmini.com\/ro\/wp-json\/wp\/v2\/types\/product"}],"replies":[{"embeddable":true,"href":"https:\/\/www.sexdollmini.com\/ro\/wp-json\/wp\/v2\/comments?post=17474"}],"wp:featuredmedia":[{"embeddable":true,"href":"https:\/\/www.sexdollmini.com\/ro\/wp-json\/wp\/v2\/media\/17483"}],"wp:attachment":[{"href":"https:\/\/www.sexdollmini.com\/ro\/wp-json\/wp\/v2\/media?parent=17474"}],"wp:term":[{"taxonomy":"product_brand","embeddable":true,"href":"https:\/\/www.sexdollmini.com\/ro\/wp-json\/wp\/v2\/product_brand?post=17474"},{"taxonomy":"product_cat","embeddable":true,"href":"https:\/\/www.sexdollmini.com\/ro\/wp-json\/wp\/v2\/product_cat?post=17474"},{"taxonomy":"product_tag","embeddable":true,"href":"https:\/\/www.sexdollmini.com\/ro\/wp-json\/wp\/v2\/product_tag?post=17474"}],"curies":[{"name":"wp","href":"https:\/\/api.w.org\/{rel}","templated":true}]}}