{"id":18893,"date":"2025-09-24T06:08:20","date_gmt":"2025-09-24T13:08:20","guid":{"rendered":"https:\/\/www.sexdollmini.com\/?post_type=product&#038;p=18893"},"modified":"2026-05-07T05:01:39","modified_gmt":"2026-05-07T12:01:39","slug":"ellie-65cm-alien-tpe-sex-doll","status":"publish","type":"product","link":"https:\/\/www.sexdollmini.com\/ro\/produs\/ellie-65cm-alien-tpe-sex-doll\/","title":{"rendered":"P\u0103pu\u0219\u0103 sexual\u0103 Ellie 65cm Alien TPE"},"content":{"rendered":"<h2>Detalii despre p\u0103pu\u0219ile sexuale<\/h2>\n<p>Aceast\u0103 p\u0103pu\u0219\u0103 sexual\u0103 de 65 cm \u00een\u0103l\u021bime are tr\u0103s\u0103turi faciale asem\u0103n\u0103toare cu cele ale unor extratere\u0219tri, cu ochi mari \u0219i alba\u0219tri care creeaz\u0103 un aspect dr\u0103gu\u021b \u0219i inocent. C\u00e2nd te \u00eentorci acas\u0103 obosit dup\u0103 o zi lung\u0103 de munc\u0103, vederea unei fe\u021be at\u00e2t de inocente te poate face instantaneu s\u0103 te sim\u021bi confortabil \u0219i inexplicabil atras de ea. P\u0103pu\u0219a sexual\u0103 mini este sub\u021bire \u0219i fabricat\u0103 din TPE, care are o senza\u021bie moale \u0219i realist\u0103. Pre\u021bul acestei p\u0103pu\u0219i sexuale extraterestre este chiar mai accesibil dec\u00e2t al unei p\u0103pu\u0219i sexuale \u00een m\u0103rime natural\u0103.<\/p>\n<p>\u00cen\u0103l\u021bime: 65 cm<br \/>\nGreutate: 3,5 kg<br \/>\nBust: 37 cm<br \/>\nTalie: 25 cm<br \/>\n\u0218old: 41 cm<br \/>\nAd\u00e2ncime vaginal\u0103: 10 cm<br \/>\nAd\u00e2ncime anal\u0103: 10 cm<\/p>\n<p>&nbsp;<\/p>\n<p>V\u0103 rug\u0103m s\u0103 permite\u021bi o diferen\u021b\u0103 de m\u0103surare manual\u0103 de 2-4 cm din cauza m\u0103sur\u0103rii manuale.<\/p>","protected":false},"excerpt":{"rendered":"<p>P\u0103pu\u0219a sexual\u0103 de 65 cm este u\u0219or de mutat \u0219i o po\u021bi chiar ridica sau pune jos cu o singur\u0103 m\u00e2n\u0103, ceea ce este foarte convenabil pentru juc\u0103torii care c\u0103l\u0103toresc frecvent sau au dificult\u0103\u021bi de mi\u0219care.<\/p>","protected":false},"featured_media":18915,"comment_status":"open","ping_status":"closed","template":"","meta":[],"product_brand":[],"product_cat":[48,74,49,18,81,24,27,23,70,28,30,38,73,41,82,79,39,66,80,40,31,69,32,77,25,33,29,20,148,21,34,72,19,42,71,76,36,35,84,61,75,37,78],"product_tag":[],"class_list":{"0":"post-18893","1":"product","2":"type-product","3":"status-publish","4":"has-post-thumbnail","6":"product_cat-65cm-sex-dolls","7":"product_cat-6ye-doll","8":"product_cat-70cm-sex-dolls","9":"product_cat-adult-doll","10":"product_cat-aibei-doll","11":"product_cat-american-sex-doll","12":"product_cat-anime-sex-dolls","13":"product_cat-asian-sex-doll","14":"product_cat-axb-doll","15":"product_cat-blonde-sex-doll","16":"product_cat-cheap-sex-doll","17":"product_cat-chubby-sex-dolls","18":"product_cat-climax-doll","19":"product_cat-curvy-sex-dolls","20":"product_cat-dolls-castle","21":"product_cat-elsa-babe","22":"product_cat-fantasy-sex-doll","23":"product_cat-female-sex-dolls","24":"product_cat-fire-doll","25":"product_cat-full-body-sex-dolls","26":"product_cat-full-size-sex-dolls","27":"product_cat-girl-sex-dolls","28":"product_cat-hentai-sex-dolls","29":"product_cat-irontech-sex-dolls","30":"product_cat-japanese-sex-dolls","31":"product_cat-life-like-sex-dolls","32":"product_cat-life-size-sex-dolls","33":"product_cat-love-doll","34":"product_cat-midget-sex-doll","35":"product_cat-miniature-sex-doll","36":"product_cat-petite-sex-dolls","37":"product_cat-qita-doll","38":"product_cat-real-doll","39":"product_cat-skinny-sex-dolls","40":"product_cat-sy-doll","41":"product_cat-tantaly-sex-doll","42":"product_cat-teen-sex-dolls","43":"product_cat-tiny-sex-dolls","44":"product_cat-tpe-sex-dolls","45":"product_cat-us-stock-sex-dolls","46":"product_cat-wm-doll","47":"product_cat-young-sex-dolls","48":"product_cat-zelex-doll","50":"first","51":"instock","52":"sale","53":"shipping-taxable","54":"purchasable","55":"product-type-simple"},"_links":{"self":[{"href":"https:\/\/www.sexdollmini.com\/ro\/wp-json\/wp\/v2\/product\/18893","targetHints":{"allow":["GET"]}}],"collection":[{"href":"https:\/\/www.sexdollmini.com\/ro\/wp-json\/wp\/v2\/product"}],"about":[{"href":"https:\/\/www.sexdollmini.com\/ro\/wp-json\/wp\/v2\/types\/product"}],"replies":[{"embeddable":true,"href":"https:\/\/www.sexdollmini.com\/ro\/wp-json\/wp\/v2\/comments?post=18893"}],"wp:featuredmedia":[{"embeddable":true,"href":"https:\/\/www.sexdollmini.com\/ro\/wp-json\/wp\/v2\/media\/18915"}],"wp:attachment":[{"href":"https:\/\/www.sexdollmini.com\/ro\/wp-json\/wp\/v2\/media?parent=18893"}],"wp:term":[{"taxonomy":"product_brand","embeddable":true,"href":"https:\/\/www.sexdollmini.com\/ro\/wp-json\/wp\/v2\/product_brand?post=18893"},{"taxonomy":"product_cat","embeddable":true,"href":"https:\/\/www.sexdollmini.com\/ro\/wp-json\/wp\/v2\/product_cat?post=18893"},{"taxonomy":"product_tag","embeddable":true,"href":"https:\/\/www.sexdollmini.com\/ro\/wp-json\/wp\/v2\/product_tag?post=18893"}],"curies":[{"name":"wp","href":"https:\/\/api.w.org\/{rel}","templated":true}]}}