{"id":19402,"date":"2025-10-19T10:43:29","date_gmt":"2025-10-19T17:43:29","guid":{"rendered":"https:\/\/www.sexdollmini.com\/?post_type=product&#038;p=19402"},"modified":"2026-05-07T05:01:11","modified_gmt":"2026-05-07T12:01:11","slug":"eira-real-flat-chested-sex-doll","status":"publish","type":"product","link":"https:\/\/www.sexdollmini.com\/ro\/produs\/eira-real-flat-chested-sex-doll\/","title":{"rendered":"P\u0103pu\u0219\u0103 sexual\u0103 Eira cu piept plat"},"content":{"rendered":"<h2>Detalii despre p\u0103pu\u0219ile sexuale<\/h2>\n<p>P\u0103pu\u0219a sexual\u0103 cu piept plat are 22 de ani \u0219i are s\u00e2ni mici \u0219i plati \u00een mod natural. C\u00e2nd p\u0103pu\u0219a sexual\u0103 real\u0103 \u00ee\u0219i \u00eenchide ochii, pare c\u0103 se bucur\u0103 de tot. O p\u0103pu\u0219\u0103 sexual\u0103 cu ochii \u00eenchi\u0219i poate fi foarte sexy \u0219i realist\u0103.<\/p>\n<p>&nbsp;<\/p>\n<p>\u00cen\u0103l\u021bime: 100 cm<br \/>\nPiept: 49 cm<br \/>\nTalie: 39 cm<br \/>\n\u0218old: 59 cm<br \/>\nAd\u00e2ncimea anusului: 11 cm<br \/>\nAd\u00e2ncimea vaginului: 14 cm<br \/>\nAd\u00e2ncimea gurii: 10 cm<br \/>\nGreutate net\u0103: 13 kg<br \/>\nGreutate brut\u0103: 15 kg<\/p>\n<p>&nbsp;<\/p>\n<p>V\u0103 rug\u0103m s\u0103 permite\u021bi o diferen\u021b\u0103 de m\u0103surare manual\u0103 de 2-4 cm din cauza m\u0103sur\u0103rii manuale.<\/p>","protected":false},"excerpt":{"rendered":"<p>C\u00e2nd prime\u0219ti o p\u0103pu\u0219\u0103 sexual\u0103 nud\u0103, o po\u021bi \u00eembr\u0103ca elegant, cum ar fi \u00eembr\u0103c\u00e2ndu-\u021bi haine frumoase \u0219i aranj\u00e2nd peruci \u0219i machiaj. Aceste detalii discrete pot face ca p\u0103pu\u0219a sexual\u0103 s\u0103 arate mai realist\u0103.<\/p>","protected":false},"featured_media":19405,"comment_status":"open","ping_status":"closed","template":"","meta":[],"product_brand":[],"product_cat":[53,74,18,81,24,27,23,70,28,30,38,73,41,82,79,62,26,39,66,80,43,40,31,69,32,77,25,33,29,20,21,34,72,19,42,44,71,76,36,35,84,61,75,37,78],"product_tag":[],"class_list":{"0":"post-19402","1":"product","2":"type-product","3":"status-publish","4":"has-post-thumbnail","6":"product_cat-100cm-sex-dolls","7":"product_cat-6ye-doll","8":"product_cat-adult-doll","9":"product_cat-aibei-doll","10":"product_cat-american-sex-doll","11":"product_cat-anime-sex-dolls","12":"product_cat-asian-sex-doll","13":"product_cat-axb-doll","14":"product_cat-blonde-sex-doll","15":"product_cat-cheap-sex-doll","16":"product_cat-chubby-sex-dolls","17":"product_cat-climax-doll","18":"product_cat-curvy-sex-dolls","19":"product_cat-dolls-castle","20":"product_cat-elsa-babe","21":"product_cat-eu-stock-sex-doll","22":"product_cat-european-sex-dolls","23":"product_cat-fantasy-sex-doll","24":"product_cat-female-sex-dolls","25":"product_cat-fire-doll","26":"product_cat-flat-chested-sex-doll","27":"product_cat-full-body-sex-dolls","28":"product_cat-full-size-sex-dolls","29":"product_cat-girl-sex-dolls","30":"product_cat-hentai-sex-dolls","31":"product_cat-irontech-sex-dolls","32":"product_cat-japanese-sex-dolls","33":"product_cat-life-like-sex-dolls","34":"product_cat-life-size-sex-dolls","35":"product_cat-love-doll","36":"product_cat-miniature-sex-doll","37":"product_cat-petite-sex-dolls","38":"product_cat-qita-doll","39":"product_cat-real-doll","40":"product_cat-skinny-sex-dolls","41":"product_cat-small-breast-sex-doll","42":"product_cat-sy-doll","43":"product_cat-tantaly-sex-doll","44":"product_cat-teen-sex-dolls","45":"product_cat-tiny-sex-dolls","46":"product_cat-tpe-sex-dolls","47":"product_cat-us-stock-sex-dolls","48":"product_cat-wm-doll","49":"product_cat-young-sex-dolls","50":"product_cat-zelex-doll","52":"first","53":"instock","54":"sale","55":"shipping-taxable","56":"purchasable","57":"product-type-simple"},"_links":{"self":[{"href":"https:\/\/www.sexdollmini.com\/ro\/wp-json\/wp\/v2\/product\/19402","targetHints":{"allow":["GET"]}}],"collection":[{"href":"https:\/\/www.sexdollmini.com\/ro\/wp-json\/wp\/v2\/product"}],"about":[{"href":"https:\/\/www.sexdollmini.com\/ro\/wp-json\/wp\/v2\/types\/product"}],"replies":[{"embeddable":true,"href":"https:\/\/www.sexdollmini.com\/ro\/wp-json\/wp\/v2\/comments?post=19402"}],"wp:featuredmedia":[{"embeddable":true,"href":"https:\/\/www.sexdollmini.com\/ro\/wp-json\/wp\/v2\/media\/19405"}],"wp:attachment":[{"href":"https:\/\/www.sexdollmini.com\/ro\/wp-json\/wp\/v2\/media?parent=19402"}],"wp:term":[{"taxonomy":"product_brand","embeddable":true,"href":"https:\/\/www.sexdollmini.com\/ro\/wp-json\/wp\/v2\/product_brand?post=19402"},{"taxonomy":"product_cat","embeddable":true,"href":"https:\/\/www.sexdollmini.com\/ro\/wp-json\/wp\/v2\/product_cat?post=19402"},{"taxonomy":"product_tag","embeddable":true,"href":"https:\/\/www.sexdollmini.com\/ro\/wp-json\/wp\/v2\/product_tag?post=19402"}],"curies":[{"name":"wp","href":"https:\/\/api.w.org\/{rel}","templated":true}]}}