{"id":15787,"date":"2025-05-10T06:57:49","date_gmt":"2025-05-10T13:57:49","guid":{"rendered":"https:\/\/www.sexdollmini.com\/?post_type=product&#038;p=15787"},"modified":"2026-03-22T10:42:11","modified_gmt":"2026-03-22T17:42:11","slug":"philippa-tiny-flat-chest-sex-doll","status":"publish","type":"product","link":"https:\/\/www.sexdollmini.com\/sk\/produkt\/philippa-tiny-flat-chest-sex-doll\/","title":{"rendered":"Philippa Mal\u00fd Ploch\u00fd Hrudn\u00fd Sexu\u00e1lny Pan\u00e1k"},"content":{"rendered":"<h2>Detaily sexu\u00e1lnych b\u00e1bik<\/h2>\n<p>T\u00e1to ploch\u00e1 sexu\u00e1lna b\u00e1bika z TPE je vyroben\u00e1 z m\u00e4kk\u00e9ho materi\u00e1lu, ktor\u00fd je pr\u00edjemn\u00fd na poko\u017eku. Nosenie sexu\u00e1lnej b\u00e1biky m\u00e1 mnoho v\u00fdhod. Pred span\u00edm ju m\u00f4\u017eete obja\u0165, \u010do v\u00e1m m\u00f4\u017ee prinies\u0165 pokoj. M\u00f4\u017eete si pre b\u00e1biku pripravi\u0165 aj r\u00f4zne \u0161t\u00fdly oble\u010denia (profesion\u00e1lne oble\u010denie, plavky at\u010f.) na hranie rol\u00ed a m\u00f4\u017ee sl\u00fa\u017ei\u0165 aj ako model z\u00e1ti\u0161ia na precvi\u010dovanie kreslenia \u013eudsk\u00e9ho tela.<br \/>\nTieto aktivity v\u00e1m nielen\u017ee m\u00f4\u017eu spr\u00edjemni\u0165 \u017eivot, ale tie\u017e v\u00e1m pom\u00f4\u017eu relaxova\u0165 a zlep\u0161i\u0165 va\u0161u kreativitu. Najd\u00f4le\u017eitej\u0161ie je n\u00e1js\u0165 sp\u00f4sob interakcie, v\u010faka ktor\u00e9mu sa budete c\u00edti\u0165 pohodlne a \u0161\u0165astne.<\/p>\n<p>&nbsp;<\/p>\n<p>V\u00fd\u0161ka: 100 cm<br \/>\nPrsia: 46 cm<br \/>\nP\u00e1s: 38 cm<br \/>\nObvod bokov: 59 cm<br \/>\nH\u013abka anusu: 8 cm<br \/>\nH\u013abka vag\u00edny: 14 cm<br \/>\nH\u013abka \u00fast: 12 cm<br \/>\n\u010cist\u00e1 hmotnos\u0165: 13 kg<br \/>\nCelkov\u00e1 hmotnos\u0165: 15 kg<\/p>\n<p>&nbsp;<\/p>\n<p>V\u00fd\u0161ka: 125 cm<br \/>\nPrsia: 55 cm<br \/>\nP\u00e1s: 42 cm<br \/>\nBoky: 62 cm<br \/>\nH\u013abka anusu: 16 cm<br \/>\nH\u013abka vag\u00edny: 17 cm<br \/>\nH\u013abka \u00fast: 12 cm<br \/>\n\u010cist\u00e1 hmotnos\u0165: 17 kg<br \/>\nCelkov\u00e1 hmotnos\u0165: 20 kg<\/p>\n<p>&nbsp;<\/p>\n<p>&nbsp;<\/p>\n<p>Pros\u00edm, po\u010d\u00edtajte s rozdielom 2-4 cm pri manu\u00e1lnom meran\u00ed z d\u00f4vodu manu\u00e1lneho merania.<\/p>","protected":false},"excerpt":{"rendered":"<p>S b\u00e1bikou TPE si rozumiete tak, \u017ee z jednoduch\u00e9ho spolo\u010denstva urob\u00edte vr\u00facny \u017eivotn\u00fd ritu\u00e1l. Nevie hovori\u0165, ale m\u00f4\u017ee by\u0165 va\u0161ou najvernej\u0161ou posluch\u00e1\u010dkou.<\/p>","protected":false},"featured_media":15805,"comment_status":"open","ping_status":"closed","template":"","meta":[],"product_brand":[],"product_cat":[53,56,57,74,18,81,24,27,23,64,70,28,65,30,38,73,41,82,79,62,26,39,66,80,43,40,31,69,32,77,25,33,29,20,21,34,72,19,42,44,71,76,36,35,84,63,61,75,37,78],"product_tag":[],"class_list":{"0":"post-15787","1":"product","2":"type-product","3":"status-publish","4":"has-post-thumbnail","6":"product_cat-100cm-sex-dolls","7":"product_cat-120cm-sex-dolls","8":"product_cat-125cm-sex-dolls","9":"product_cat-6ye-doll","10":"product_cat-adult-doll","11":"product_cat-aibei-doll","12":"product_cat-american-sex-doll","13":"product_cat-anime-sex-dolls","14":"product_cat-asian-sex-doll","15":"product_cat-australia-stock-sex-doll","16":"product_cat-axb-doll","17":"product_cat-blonde-sex-doll","18":"product_cat-canada-stock-sex-doll","19":"product_cat-cheap-sex-doll","20":"product_cat-chubby-sex-dolls","21":"product_cat-climax-doll","22":"product_cat-curvy-sex-dolls","23":"product_cat-dolls-castle","24":"product_cat-elsa-babe","25":"product_cat-eu-stock-sex-doll","26":"product_cat-european-sex-dolls","27":"product_cat-fantasy-sex-doll","28":"product_cat-female-sex-dolls","29":"product_cat-fire-doll","30":"product_cat-flat-chested-sex-doll","31":"product_cat-full-body-sex-dolls","32":"product_cat-full-size-sex-dolls","33":"product_cat-girl-sex-dolls","34":"product_cat-hentai-sex-dolls","35":"product_cat-irontech-sex-dolls","36":"product_cat-japanese-sex-dolls","37":"product_cat-life-like-sex-dolls","38":"product_cat-life-size-sex-dolls","39":"product_cat-love-doll","40":"product_cat-miniature-sex-doll","41":"product_cat-petite-sex-dolls","42":"product_cat-qita-doll","43":"product_cat-real-doll","44":"product_cat-skinny-sex-dolls","45":"product_cat-small-breast-sex-doll","46":"product_cat-sy-doll","47":"product_cat-tantaly-sex-doll","48":"product_cat-teen-sex-dolls","49":"product_cat-tiny-sex-dolls","50":"product_cat-tpe-sex-dolls","51":"product_cat-uk-stock-sex-doll","52":"product_cat-us-stock-sex-dolls","53":"product_cat-wm-doll","54":"product_cat-young-sex-dolls","55":"product_cat-zelex-doll","57":"first","58":"instock","59":"sale","60":"shipping-taxable","61":"purchasable","62":"product-type-variable","63":"has-default-attributes"},"_links":{"self":[{"href":"https:\/\/www.sexdollmini.com\/sk\/wp-json\/wp\/v2\/product\/15787","targetHints":{"allow":["GET"]}}],"collection":[{"href":"https:\/\/www.sexdollmini.com\/sk\/wp-json\/wp\/v2\/product"}],"about":[{"href":"https:\/\/www.sexdollmini.com\/sk\/wp-json\/wp\/v2\/types\/product"}],"replies":[{"embeddable":true,"href":"https:\/\/www.sexdollmini.com\/sk\/wp-json\/wp\/v2\/comments?post=15787"}],"wp:featuredmedia":[{"embeddable":true,"href":"https:\/\/www.sexdollmini.com\/sk\/wp-json\/wp\/v2\/media\/15805"}],"wp:attachment":[{"href":"https:\/\/www.sexdollmini.com\/sk\/wp-json\/wp\/v2\/media?parent=15787"}],"wp:term":[{"taxonomy":"product_brand","embeddable":true,"href":"https:\/\/www.sexdollmini.com\/sk\/wp-json\/wp\/v2\/product_brand?post=15787"},{"taxonomy":"product_cat","embeddable":true,"href":"https:\/\/www.sexdollmini.com\/sk\/wp-json\/wp\/v2\/product_cat?post=15787"},{"taxonomy":"product_tag","embeddable":true,"href":"https:\/\/www.sexdollmini.com\/sk\/wp-json\/wp\/v2\/product_tag?post=15787"}],"curies":[{"name":"pracovn\u00fd list","href":"https:\/\/api.w.org\/{rel}","templated":true}]}}