{"id":16107,"date":"2025-05-29T05:42:13","date_gmt":"2025-05-29T12:42:13","guid":{"rendered":"https:\/\/www.sexdollmini.com\/?post_type=product&#038;p=16107"},"modified":"2026-05-04T05:54:01","modified_gmt":"2026-05-04T12:54:01","slug":"tasha-135cm-flat-realistic-sex-doll","status":"publish","type":"product","link":"https:\/\/www.sexdollmini.com\/sk\/produkt\/tasha-135cm-flat-realistic-sex-doll\/","title":{"rendered":"Realistick\u00e1 sexu\u00e1lna b\u00e1bika Tasha 135 cm"},"content":{"rendered":"<h2>Detaily sexu\u00e1lnych b\u00e1bik<\/h2>\n<p>T\u00e1to 135 cm vysok\u00e1 sexu\u00e1lna b\u00e1bika s ploch\u00fdm hrudn\u00edkom nie je vhodn\u00e1 len ako sexu\u00e1lna partnerka, ale ako realistick\u00e1 sexu\u00e1lna b\u00e1bika m\u00f4\u017ee poskytn\u00fa\u0165 aj emocion\u00e1lne spolo\u010denstvo, podporu pri umeleckej tvorbe a na in\u00e9 \u00fa\u010dely. Sexi sexu\u00e1lne b\u00e1biky m\u00f4\u017eu sl\u00fa\u017ei\u0165 aj ako va\u0161a d\u00f4vern\u00ed\u010dka, v\u010faka \u010domu budete ove\u013ea menej psychicky vystresovan\u00ed. Drobn\u00e9 telo u\u013eah\u010duje skladovanie a interakciu s touto realistickou sexu\u00e1lnou b\u00e1bikou. T\u00e1to s\u00e9ria sexu\u00e1lnych b\u00e1bik je ve\u013emi vhodn\u00e1 pre hr\u00e1\u010dky, ktor\u00e9 uprednost\u0148uj\u00fa roztomil\u00e9 \u0161t\u00fdly alebo maj\u00fa obmedzen\u00fd \u00falo\u017en\u00fd priestor.<\/p>\n<p>&nbsp;<\/p>\n<p>V\u00fd\u0161ka: 138 cm<br \/>\nPrsia: 62 cm<br \/>\nP\u00e1s: 47 cm<br \/>\nObvod bokov: 74 cm<br \/>\nH\u013abka anusu: 17 cm<br \/>\nH\u013abka vag\u00edny: 17 cm<br \/>\nH\u013abka \u00fast: 12 cm<br \/>\n\u010cist\u00e1 hmotnos\u0165: 23 kg<br \/>\nCelkov\u00e1 hmotnos\u0165: 29 kg<\/p>\n<p>&nbsp;<\/p>\n<p>Pros\u00edm, po\u010d\u00edtajte s rozdielom 2-4 cm pri manu\u00e1lnom meran\u00ed z d\u00f4vodu manu\u00e1lneho merania.<\/p>","protected":false},"excerpt":{"rendered":"<p>T\u00e1to drobn\u00e1 sexu\u00e1lna b\u00e1bika je praktick\u00e1 a v\u010faka svojmu drobn\u00e9mu telu a jedine\u010dn\u00e9mu dizajnu s ploch\u00fdm hrudn\u00edkom pon\u00faka emocion\u00e1lnu spolo\u010dnos\u0165. T\u00e1to \u00e1zijsk\u00e1 sexu\u00e1lna b\u00e1bika je vhodn\u00e1 pre nezadan\u00fdch, \u013eud\u00ed \u017eij\u00facich osamote alebo \u013eud\u00ed so soci\u00e1lnou \u00fazkos\u0165ou a poskytuje v\u00e1m jemn\u00fa spolo\u010dnos\u0165.<\/p>","protected":false},"featured_media":16126,"comment_status":"open","ping_status":"closed","template":"","meta":[],"product_brand":[],"product_cat":[58,145,59,74,18,81,24,27,23,70,28,30,38,73,41,82,79,62,26,39,66,80,43,40,31,69,32,77,25,33,29,20,21,34,72,19,42,44,71,76,36,35,84,61,75,37,78],"product_tag":[],"class_list":{"0":"post-16107","1":"product","2":"type-product","3":"status-publish","4":"has-post-thumbnail","6":"product_cat-130cm-sex-dolls","7":"product_cat-135cm-sex-doll","8":"product_cat-140cm-sex-dolls","9":"product_cat-6ye-doll","10":"product_cat-adult-doll","11":"product_cat-aibei-doll","12":"product_cat-american-sex-doll","13":"product_cat-anime-sex-dolls","14":"product_cat-asian-sex-doll","15":"product_cat-axb-doll","16":"product_cat-blonde-sex-doll","17":"product_cat-cheap-sex-doll","18":"product_cat-chubby-sex-dolls","19":"product_cat-climax-doll","20":"product_cat-curvy-sex-dolls","21":"product_cat-dolls-castle","22":"product_cat-elsa-babe","23":"product_cat-eu-stock-sex-doll","24":"product_cat-european-sex-dolls","25":"product_cat-fantasy-sex-doll","26":"product_cat-female-sex-dolls","27":"product_cat-fire-doll","28":"product_cat-flat-chested-sex-doll","29":"product_cat-full-body-sex-dolls","30":"product_cat-full-size-sex-dolls","31":"product_cat-girl-sex-dolls","32":"product_cat-hentai-sex-dolls","33":"product_cat-irontech-sex-dolls","34":"product_cat-japanese-sex-dolls","35":"product_cat-life-like-sex-dolls","36":"product_cat-life-size-sex-dolls","37":"product_cat-love-doll","38":"product_cat-miniature-sex-doll","39":"product_cat-petite-sex-dolls","40":"product_cat-qita-doll","41":"product_cat-real-doll","42":"product_cat-skinny-sex-dolls","43":"product_cat-small-breast-sex-doll","44":"product_cat-sy-doll","45":"product_cat-tantaly-sex-doll","46":"product_cat-teen-sex-dolls","47":"product_cat-tiny-sex-dolls","48":"product_cat-tpe-sex-dolls","49":"product_cat-us-stock-sex-dolls","50":"product_cat-wm-doll","51":"product_cat-young-sex-dolls","52":"product_cat-zelex-doll","54":"first","55":"instock","56":"sale","57":"shipping-taxable","58":"purchasable","59":"product-type-simple"},"_links":{"self":[{"href":"https:\/\/www.sexdollmini.com\/sk\/wp-json\/wp\/v2\/product\/16107","targetHints":{"allow":["GET"]}}],"collection":[{"href":"https:\/\/www.sexdollmini.com\/sk\/wp-json\/wp\/v2\/product"}],"about":[{"href":"https:\/\/www.sexdollmini.com\/sk\/wp-json\/wp\/v2\/types\/product"}],"replies":[{"embeddable":true,"href":"https:\/\/www.sexdollmini.com\/sk\/wp-json\/wp\/v2\/comments?post=16107"}],"wp:featuredmedia":[{"embeddable":true,"href":"https:\/\/www.sexdollmini.com\/sk\/wp-json\/wp\/v2\/media\/16126"}],"wp:attachment":[{"href":"https:\/\/www.sexdollmini.com\/sk\/wp-json\/wp\/v2\/media?parent=16107"}],"wp:term":[{"taxonomy":"product_brand","embeddable":true,"href":"https:\/\/www.sexdollmini.com\/sk\/wp-json\/wp\/v2\/product_brand?post=16107"},{"taxonomy":"product_cat","embeddable":true,"href":"https:\/\/www.sexdollmini.com\/sk\/wp-json\/wp\/v2\/product_cat?post=16107"},{"taxonomy":"product_tag","embeddable":true,"href":"https:\/\/www.sexdollmini.com\/sk\/wp-json\/wp\/v2\/product_tag?post=16107"}],"curies":[{"name":"pracovn\u00fd list","href":"https:\/\/api.w.org\/{rel}","templated":true}]}}