{"id":16369,"date":"2025-06-12T00:16:03","date_gmt":"2025-06-12T07:16:03","guid":{"rendered":"https:\/\/www.sexdollmini.com\/?post_type=product&#038;p=16369"},"modified":"2026-05-04T21:01:27","modified_gmt":"2026-05-05T04:01:27","slug":"blackbird-closed-eyes-bbw-sex-doll","status":"publish","type":"product","link":"https:\/\/www.sexdollmini.com\/sk\/produkt\/blackbird-closed-eyes-bbw-sex-doll\/","title":{"rendered":"Sexu\u00e1lna b\u00e1bika Blackbird so zatvoren\u00fdmi o\u010dami a kypr\u00fdm efektom"},"content":{"rendered":"<h2>Detaily sexu\u00e1lnych b\u00e1bik<\/h2>\n<p>T\u00e1to 108 cm vysok\u00e1 BBW sexb\u00e1bika vyzer\u00e1 v \u010dervenej no\u010dnej ko\u0161eli ako olejoma\u013eba. Pln\u00e9 l\u00ednie jej tela skr\u00fdvaj\u00fa eleganciu a silu, v\u010faka \u010domu je tak\u00e1 kr\u00e1sna, \u017ee z nej \u013eudia nem\u00f4\u017eu spusti\u0165 zrak. Sexu\u00e1lna b\u00e1bika Closed Eyes m\u00e1 okr\u00fahlu postavu podobn\u00fa perle, je n\u00edzka, ale m\u00e1 okr\u00fahlu postavu. Vyzer\u00e1 ako jemn\u00e1 a priate\u013esk\u00e1 ve\u013ek\u00e1 \u017eena. Prsia tejto sexb\u00e1biky s\u00fa dostato\u010dne ve\u013ek\u00e9. Ak m\u00e1te radi pocit, ke\u010f v\u00e1m prsia zvieraj\u00fa penis, t\u00e1to sexb\u00e1bika je dobrou vo\u013ebou.<\/p>\n<p>V\u00fd\u0161ka: 108 cm<br \/>\nHrudn\u00edk: 81 cm<br \/>\nP\u00e1s: 46 cm<br \/>\nBoky: 80 cm<br \/>\n\u010cist\u00e1 hmotnos\u0165: 22 kg<br \/>\nCelkov\u00e1 hmotnos\u0165: 26 kg<br \/>\nBalenie 100*36*26CM<br \/>\nD\u013a\u017eka vag\u00edny: 15 cm<br \/>\nRi\u0165: 13 cm<br \/>\nFaj\u010denie: 10 cm<\/p>\n<p>&nbsp;<\/p>\n<p>Pros\u00edm, po\u010d\u00edtajte s rozdielom 2-4 cm pri manu\u00e1lnom meran\u00ed z d\u00f4vodu manu\u00e1lneho merania.<\/p>","protected":false},"excerpt":{"rendered":"<p>Ak uprednost\u0148ujete ve\u013ek\u00e9 prsia a zadok, ale nem\u00e1te radi pr\u00edli\u0161 vysok\u00e9 alebo \u0165a\u017ek\u00e9 sexu\u00e1lne b\u00e1biky, dizajn tejto sexu\u00e1lnej b\u00e1biky m\u00f4\u017ee by\u0165 presne to, \u010do h\u013ead\u00e1te. Sexu\u00e1lna b\u00e1bika s d\u013a\u017ekou 108 cm sa \u013eahko pren\u00e1\u0161a a skladuje a jej prsia a zadok s\u00fa ve\u013ek\u00e9 a daj\u00fa sa \u013eubovo\u013ene mas\u00edrova\u0165.<\/p>","protected":false},"featured_media":16389,"comment_status":"open","ping_status":"closed","template":"","meta":[],"product_brand":[],"product_cat":[54,74,18,81,24,27,23,70,22,28,30,38,73,41,82,79,62,26,39,66,80,40,31,69,32,77,25,33,29,20,72,19,71,76,36,35,84,61,75,37,78],"product_tag":[],"class_list":{"0":"post-16369","1":"product","2":"type-product","3":"status-publish","4":"has-post-thumbnail","6":"product_cat-108cm-sex-dolls","7":"product_cat-6ye-doll","8":"product_cat-adult-doll","9":"product_cat-aibei-doll","10":"product_cat-american-sex-doll","11":"product_cat-anime-sex-dolls","12":"product_cat-asian-sex-doll","13":"product_cat-axb-doll","14":"product_cat-bbw-sex-doll","15":"product_cat-blonde-sex-doll","16":"product_cat-cheap-sex-doll","17":"product_cat-chubby-sex-dolls","18":"product_cat-climax-doll","19":"product_cat-curvy-sex-dolls","20":"product_cat-dolls-castle","21":"product_cat-elsa-babe","22":"product_cat-eu-stock-sex-doll","23":"product_cat-european-sex-dolls","24":"product_cat-fantasy-sex-doll","25":"product_cat-female-sex-dolls","26":"product_cat-fire-doll","27":"product_cat-full-body-sex-dolls","28":"product_cat-full-size-sex-dolls","29":"product_cat-girl-sex-dolls","30":"product_cat-hentai-sex-dolls","31":"product_cat-irontech-sex-dolls","32":"product_cat-japanese-sex-dolls","33":"product_cat-life-like-sex-dolls","34":"product_cat-life-size-sex-dolls","35":"product_cat-love-doll","36":"product_cat-qita-doll","37":"product_cat-real-doll","38":"product_cat-sy-doll","39":"product_cat-tantaly-sex-doll","40":"product_cat-teen-sex-dolls","41":"product_cat-tiny-sex-dolls","42":"product_cat-tpe-sex-dolls","43":"product_cat-us-stock-sex-dolls","44":"product_cat-wm-doll","45":"product_cat-young-sex-dolls","46":"product_cat-zelex-doll","48":"first","49":"instock","50":"sale","51":"shipping-taxable","52":"purchasable","53":"product-type-simple"},"_links":{"self":[{"href":"https:\/\/www.sexdollmini.com\/sk\/wp-json\/wp\/v2\/product\/16369","targetHints":{"allow":["GET"]}}],"collection":[{"href":"https:\/\/www.sexdollmini.com\/sk\/wp-json\/wp\/v2\/product"}],"about":[{"href":"https:\/\/www.sexdollmini.com\/sk\/wp-json\/wp\/v2\/types\/product"}],"replies":[{"embeddable":true,"href":"https:\/\/www.sexdollmini.com\/sk\/wp-json\/wp\/v2\/comments?post=16369"}],"wp:featuredmedia":[{"embeddable":true,"href":"https:\/\/www.sexdollmini.com\/sk\/wp-json\/wp\/v2\/media\/16389"}],"wp:attachment":[{"href":"https:\/\/www.sexdollmini.com\/sk\/wp-json\/wp\/v2\/media?parent=16369"}],"wp:term":[{"taxonomy":"product_brand","embeddable":true,"href":"https:\/\/www.sexdollmini.com\/sk\/wp-json\/wp\/v2\/product_brand?post=16369"},{"taxonomy":"product_cat","embeddable":true,"href":"https:\/\/www.sexdollmini.com\/sk\/wp-json\/wp\/v2\/product_cat?post=16369"},{"taxonomy":"product_tag","embeddable":true,"href":"https:\/\/www.sexdollmini.com\/sk\/wp-json\/wp\/v2\/product_tag?post=16369"}],"curies":[{"name":"pracovn\u00fd list","href":"https:\/\/api.w.org\/{rel}","templated":true}]}}