{"id":16370,"date":"2025-06-12T00:41:17","date_gmt":"2025-06-12T07:41:17","guid":{"rendered":"https:\/\/www.sexdollmini.com\/?post_type=product&#038;p=16370"},"modified":"2025-12-18T00:31:48","modified_gmt":"2025-12-18T08:31:48","slug":"elena-flat-female-petite-sex-doll","status":"publish","type":"product","link":"https:\/\/www.sexdollmini.com\/sk\/produkt\/elena-flat-female-petite-sex-doll\/","title":{"rendered":"Ploch\u00e1 \u017eena drobu\u010dk\u00e1 sexu\u00e1lna b\u00e1bika Elena"},"content":{"rendered":"<h2>Detaily sexu\u00e1lnych b\u00e1bik<\/h2>\n<p>Sexu\u00e1lna b\u00e1bika m\u00e1 farbu poko\u017eky ako biely sneh a v\u00fd\u0161ku sexu\u00e1lnej b\u00e1biky si m\u00f4\u017eete vybra\u0165. Vyberte si ploch\u00fa sexu\u00e1lnu b\u00e1biku, ktor\u00e1 sa v\u00e1m p\u00e1\u010di, aby bol \u017eivot zauj\u00edmavej\u0161\u00ed. V tepl\u00fa noc m\u00e1te na sebe py\u017eamo, le\u017e\u00edte na posteli, zdie\u013eate svoje ned\u00e1vne my\u0161lienky s drobnou sexu\u00e1lnou b\u00e1bikou, spom\u00ednate na minul\u00e9 tr\u00e1pne situ\u00e1cie alebo le\u017e\u00edte na posteli a pozer\u00e1te film s porno sexu\u00e1lnou b\u00e1bikou. V tejto chv\u00edli sa zd\u00e1, \u017ee svet patr\u00ed len v\u00e1m a sexu\u00e1lnej b\u00e1bike.<\/p>\n<p>&nbsp;<\/p>\n<p>V\u00fd\u0161ka: 100 cm<br \/>\nPrsia: 47 cm<br \/>\nP\u00e1s: 38 cm<br \/>\nObvod bokov: 59 cm<br \/>\nH\u013abka anusu: 11 cm<br \/>\nH\u013abka vag\u00edny: 14 cm<br \/>\nH\u013abka \u00fast: 10 cm<br \/>\n\u010cist\u00e1 hmotnos\u0165: 13 kg<br \/>\nCelkov\u00e1 hmotnos\u0165: 15 kg<\/p>\n<p>&nbsp;<\/p>\n<p>V\u00fd\u0161ka: 125 cm<br \/>\nObvod hrudn\u00edka: 57 cm<br \/>\nP\u00e1s: 42 cm<br \/>\nBoky: 62 cm<br \/>\nH\u013abka anusu: 16 cm<br \/>\nH\u013abka vag\u00edny: 17 cm<br \/>\nH\u013abka \u00fast: 12 cm<br \/>\n\u010cist\u00e1 hmotnos\u0165: 17 kg<br \/>\nCelkov\u00e1 hmotnos\u0165: 20 kg<\/p>\n<p>&nbsp;<\/p>\n<p>&nbsp;<\/p>\n<p>Pros\u00edm, po\u010d\u00edtajte s rozdielom 2-4 cm pri manu\u00e1lnom meran\u00ed z d\u00f4vodu manu\u00e1lneho merania.<\/p>","protected":false},"excerpt":{"rendered":"<p>\u010ci u\u017e pl\u00e1nujete v bud\u00facnosti v\u00fdlet s drobnou sexu\u00e1lnou b\u00e1bikou, sn\u00edvate o malom dome so sexu\u00e1lnou b\u00e1bikou alebo jednoducho prem\u00fd\u0161\u013eate o tom, \u201e\u010do robi\u0165 s pornografickou sexu\u00e1lnou b\u00e1bikou zajtra\u201c, tieto mal\u00e9 o\u010dak\u00e1vania v\u00e1m umo\u017enia te\u0161i\u0165 sa z be\u017en\u00fdch dn\u00ed.<\/p>","protected":false},"featured_media":16379,"comment_status":"open","ping_status":"closed","template":"","meta":[],"product_brand":[],"product_cat":[53,56,57,74,18,81,24,27,23,64,70,28,65,30,38,73,41,82,79,62,26,39,66,80,43,40,31,69,32,77,25,33,29,20,21,34,72,19,42,44,71,76,36,35,84,63,61,75,37,78],"product_tag":[],"class_list":{"0":"post-16370","1":"product","2":"type-product","3":"status-publish","4":"has-post-thumbnail","6":"product_cat-100cm-sex-dolls","7":"product_cat-120cm-sex-dolls","8":"product_cat-125cm-sex-dolls","9":"product_cat-6ye-doll","10":"product_cat-adult-doll","11":"product_cat-aibei-doll","12":"product_cat-american-sex-doll","13":"product_cat-anime-sex-dolls","14":"product_cat-asian-sex-doll","15":"product_cat-australia-stock-sex-doll","16":"product_cat-axb-doll","17":"product_cat-blonde-sex-doll","18":"product_cat-canada-stock-sex-doll","19":"product_cat-cheap-sex-doll","20":"product_cat-chubby-sex-dolls","21":"product_cat-climax-doll","22":"product_cat-curvy-sex-dolls","23":"product_cat-dolls-castle","24":"product_cat-elsa-babe","25":"product_cat-eu-stock-sex-doll","26":"product_cat-european-sex-dolls","27":"product_cat-fantasy-sex-doll","28":"product_cat-female-sex-dolls","29":"product_cat-fire-doll","30":"product_cat-flat-chested-sex-doll","31":"product_cat-full-body-sex-dolls","32":"product_cat-full-size-sex-dolls","33":"product_cat-girl-sex-dolls","34":"product_cat-hentai-sex-dolls","35":"product_cat-irontech-sex-dolls","36":"product_cat-japanese-sex-dolls","37":"product_cat-life-like-sex-dolls","38":"product_cat-life-size-sex-dolls","39":"product_cat-love-doll","40":"product_cat-miniature-sex-doll","41":"product_cat-petite-sex-dolls","42":"product_cat-qita-doll","43":"product_cat-real-doll","44":"product_cat-skinny-sex-dolls","45":"product_cat-small-breast-sex-doll","46":"product_cat-sy-doll","47":"product_cat-tantaly-sex-doll","48":"product_cat-teen-sex-dolls","49":"product_cat-tiny-sex-dolls","50":"product_cat-tpe-sex-dolls","51":"product_cat-uk-stock-sex-doll","52":"product_cat-us-stock-sex-dolls","53":"product_cat-wm-doll","54":"product_cat-young-sex-dolls","55":"product_cat-zelex-doll","57":"first","58":"instock","59":"sale","60":"shipping-taxable","61":"purchasable","62":"product-type-variable","63":"has-default-attributes"},"_links":{"self":[{"href":"https:\/\/www.sexdollmini.com\/sk\/wp-json\/wp\/v2\/product\/16370","targetHints":{"allow":["GET"]}}],"collection":[{"href":"https:\/\/www.sexdollmini.com\/sk\/wp-json\/wp\/v2\/product"}],"about":[{"href":"https:\/\/www.sexdollmini.com\/sk\/wp-json\/wp\/v2\/types\/product"}],"replies":[{"embeddable":true,"href":"https:\/\/www.sexdollmini.com\/sk\/wp-json\/wp\/v2\/comments?post=16370"}],"wp:featuredmedia":[{"embeddable":true,"href":"https:\/\/www.sexdollmini.com\/sk\/wp-json\/wp\/v2\/media\/16379"}],"wp:attachment":[{"href":"https:\/\/www.sexdollmini.com\/sk\/wp-json\/wp\/v2\/media?parent=16370"}],"wp:term":[{"taxonomy":"product_brand","embeddable":true,"href":"https:\/\/www.sexdollmini.com\/sk\/wp-json\/wp\/v2\/product_brand?post=16370"},{"taxonomy":"product_cat","embeddable":true,"href":"https:\/\/www.sexdollmini.com\/sk\/wp-json\/wp\/v2\/product_cat?post=16370"},{"taxonomy":"product_tag","embeddable":true,"href":"https:\/\/www.sexdollmini.com\/sk\/wp-json\/wp\/v2\/product_tag?post=16370"}],"curies":[{"name":"pracovn\u00fd list","href":"https:\/\/api.w.org\/{rel}","templated":true}]}}