{"id":16414,"date":"2025-06-12T03:02:09","date_gmt":"2025-06-12T10:02:09","guid":{"rendered":"https:\/\/www.sexdollmini.com\/?post_type=product&#038;p=16414"},"modified":"2026-05-01T19:05:13","modified_gmt":"2026-05-02T02:05:13","slug":"fawn-108cm-closed-eyes-sex-doll","status":"publish","type":"product","link":"https:\/\/www.sexdollmini.com\/sk\/produkt\/fawn-108cm-closed-eyes-sex-doll\/","title":{"rendered":"Fawn 108 cm sexu\u00e1lna b\u00e1bika so zatvoren\u00fdmi o\u010dami"},"content":{"rendered":"<h2>Detaily sexu\u00e1lnych b\u00e1bik<\/h2>\n<p>T\u00e1to 108 cm vysok\u00e1 sexu\u00e1lna b\u00e1bika je vybaven\u00e1 sofistikovan\u00fdm kovov\u00fdm endoskeletov\u00fdm syst\u00e9mom, ktor\u00fd udr\u017eiava aj tie najzmyselnej\u0161ie postavy v dokonalej rovnov\u00e1he. Nepodce\u0148ujte tieto in\u017einierske n\u00e1vrhy \u2013 v\u010faka stojacim noh\u00e1m, ktor\u00e9 dokonale kop\u00edruj\u00fa telo, m\u00f4\u017eete s touto tu\u010dnou sexu\u00e1lnou b\u00e1bikou pohybova\u0165 do r\u00f4znych prirodzen\u00fdch a flexibiln\u00fdch pol\u00f4h, \u010do v\u00e1m prinesie realistickej\u0161\u00ed z\u00e1\u017eitok z pou\u017e\u00edvania.<\/p>\n<p>V\u00fd\u0161ka: 108 cm<br \/>\nHrudn\u00edk: 81 cm<br \/>\nP\u00e1s: 46 cm<br \/>\nBoky: 80 cm<br \/>\n\u010cist\u00e1 hmotnos\u0165: 22 kg<br \/>\nCelkov\u00e1 hmotnos\u0165: 26 kg<br \/>\nBalenie 100*36*26CM<br \/>\nD\u013a\u017eka vag\u00edny: 15 cm<br \/>\nRi\u0165: 13 cm<br \/>\nFaj\u010denie: 10 cm<\/p>\n<p>&nbsp;<\/p>\n<p>Pros\u00edm, po\u010d\u00edtajte s rozdielom 2-4 cm pri manu\u00e1lnom meran\u00ed z d\u00f4vodu manu\u00e1lneho merania.<\/p>","protected":false},"excerpt":{"rendered":"<p>P\u0161eni\u010dn\u00e1 poko\u017eka sexu\u00e1lnej b\u00e1biky vyzer\u00e1 v prirodzenom svetle ve\u013emi realisticky, bl\u00edzka farbe poko\u017eky skuto\u010dnej osoby. Sexu\u00e1lna b\u00e1bika m\u00e1 tri otvory, a to \u00fasta, vag\u00ednu a kone\u010dn\u00edk, ktor\u00e9 sa daj\u00fa pou\u017ei\u0165.<\/p>","protected":false},"featured_media":16423,"comment_status":"open","ping_status":"closed","template":"","meta":[],"product_brand":[],"product_cat":[54,74,18,81,24,27,23,70,22,28,30,38,73,41,82,79,62,26,39,66,80,40,31,69,32,77,25,33,29,20,148,72,19,71,76,36,35,84,61,75,37,78],"product_tag":[],"class_list":{"0":"post-16414","1":"product","2":"type-product","3":"status-publish","4":"has-post-thumbnail","6":"product_cat-108cm-sex-dolls","7":"product_cat-6ye-doll","8":"product_cat-adult-doll","9":"product_cat-aibei-doll","10":"product_cat-american-sex-doll","11":"product_cat-anime-sex-dolls","12":"product_cat-asian-sex-doll","13":"product_cat-axb-doll","14":"product_cat-bbw-sex-doll","15":"product_cat-blonde-sex-doll","16":"product_cat-cheap-sex-doll","17":"product_cat-chubby-sex-dolls","18":"product_cat-climax-doll","19":"product_cat-curvy-sex-dolls","20":"product_cat-dolls-castle","21":"product_cat-elsa-babe","22":"product_cat-eu-stock-sex-doll","23":"product_cat-european-sex-dolls","24":"product_cat-fantasy-sex-doll","25":"product_cat-female-sex-dolls","26":"product_cat-fire-doll","27":"product_cat-full-body-sex-dolls","28":"product_cat-full-size-sex-dolls","29":"product_cat-girl-sex-dolls","30":"product_cat-hentai-sex-dolls","31":"product_cat-irontech-sex-dolls","32":"product_cat-japanese-sex-dolls","33":"product_cat-life-like-sex-dolls","34":"product_cat-life-size-sex-dolls","35":"product_cat-love-doll","36":"product_cat-midget-sex-doll","37":"product_cat-qita-doll","38":"product_cat-real-doll","39":"product_cat-sy-doll","40":"product_cat-tantaly-sex-doll","41":"product_cat-teen-sex-dolls","42":"product_cat-tiny-sex-dolls","43":"product_cat-tpe-sex-dolls","44":"product_cat-us-stock-sex-dolls","45":"product_cat-wm-doll","46":"product_cat-young-sex-dolls","47":"product_cat-zelex-doll","49":"first","50":"instock","51":"sale","52":"shipping-taxable","53":"purchasable","54":"product-type-simple"},"_links":{"self":[{"href":"https:\/\/www.sexdollmini.com\/sk\/wp-json\/wp\/v2\/product\/16414","targetHints":{"allow":["GET"]}}],"collection":[{"href":"https:\/\/www.sexdollmini.com\/sk\/wp-json\/wp\/v2\/product"}],"about":[{"href":"https:\/\/www.sexdollmini.com\/sk\/wp-json\/wp\/v2\/types\/product"}],"replies":[{"embeddable":true,"href":"https:\/\/www.sexdollmini.com\/sk\/wp-json\/wp\/v2\/comments?post=16414"}],"wp:featuredmedia":[{"embeddable":true,"href":"https:\/\/www.sexdollmini.com\/sk\/wp-json\/wp\/v2\/media\/16423"}],"wp:attachment":[{"href":"https:\/\/www.sexdollmini.com\/sk\/wp-json\/wp\/v2\/media?parent=16414"}],"wp:term":[{"taxonomy":"product_brand","embeddable":true,"href":"https:\/\/www.sexdollmini.com\/sk\/wp-json\/wp\/v2\/product_brand?post=16414"},{"taxonomy":"product_cat","embeddable":true,"href":"https:\/\/www.sexdollmini.com\/sk\/wp-json\/wp\/v2\/product_cat?post=16414"},{"taxonomy":"product_tag","embeddable":true,"href":"https:\/\/www.sexdollmini.com\/sk\/wp-json\/wp\/v2\/product_tag?post=16414"}],"curies":[{"name":"pracovn\u00fd list","href":"https:\/\/api.w.org\/{rel}","templated":true}]}}